{"id":2,"date":"2024-02-29T16:31:52","date_gmt":"2024-02-29T16:31:52","guid":{"rendered":"http:\/\/www.anceathrupoili.com\/?page_id=2"},"modified":"2026-05-11T09:43:03","modified_gmt":"2026-05-11T08:43:03","slug":"home","status":"publish","type":"page","link":"https:\/\/www.anceathrupoili.com\/ga\/","title":{"rendered":"Home"},"content":{"rendered":"<h1>\n\t\t\tFearadh na f\u00e1ilte romhat!\t<\/h1>\n\t<p>You are very welcome to the website and online bookshop of An Ceathr\u00fa P\u00f3il\u00ed. We are one of Ireland&#8217;s longest-running independent bookshops, specialising in Irish language books, but also in G\u00e0idhlig, English and other language-Irish (bilingual) books. Enjoy the treasures we have to offer, and thank you for visiting!<\/p>\n<h2>\n\t\t<a href=\"http:\/\/www.anceathrupoili.com\/ga\/product-category\/adult-learners\/\" title=\"Leabhair is d\u00e9ana\u00ed\"  target=\"_self\">\n\t\t\tLeabhair is d\u00e9ana\u00ed\t\t<\/a>\n\t<\/h2>\n\t<a href=\"http:\/\/www.anceathrupoili.com\/ga\/shop\/\">Gach t\u00e1irge<\/a>\n<h2>\n\t\t<a href=\"https:\/\/www.anceathrupoili.com\/ga\/product-category\/adult-learners\/\" title=\"Foghlaimeoir\u00ed F\u00e1sta\"  target=\"_self\">\n\t\t\tFoghlaimeoir\u00ed F\u00e1sta\t\t<\/a>\n\t<\/h2>\n\t<a href=\"https:\/\/www.anceathrupoili.com\/ga\/product-category\/adult-learners\/\">Gach t\u00e1irge<\/a>\n<h2>\n\t\t<a href=\"http:\/\/www.anceathrupoili.com\/ga\/product-category\/history-politics\/\" title=\"Stair &amp; Polait\u00edocht\"  target=\"_self\">\n\t\t\tHistory &#038; Politics\t\t<\/a>\n\t<\/h2>\n\t<a href=\"https:\/\/www.anceathrupoili.com\/ga\/product-category\/history-politics\/\">Gach t\u00e1irge<\/a>\n<h2>\n\t\t<a href=\"https:\/\/www.anceathrupoili.com\/ga\/product-category\/novels-short-stories\/\" title=\"\u00darsc\u00e9alta &amp; Gearrsc\u00e9alta\"  target=\"_self\">\n\t\t\tNovels &#038; Short Stories\t\t<\/a>\n\t<\/h2>\n\t<a href=\"https:\/\/www.anceathrupoili.com\/ga\/product-category\/novels-short-stories\/\">Gach t\u00e1irge<\/a>\n<h2>\n\t\t<a href=\"#\" title=\"10% as do ch\u00e9ad ord\u00fa eile!\"  target=\"_self\">\n\t\t\t10% as do ch\u00e9ad ord\u00fa eile!\t\t<\/a>\n\t<\/h2>\n\t<p><strong>Scr\u00edobh l\u00e9irmheas ar an leabhar at\u00e1 ceannaithe agat agus gheobhaidh t\u00fa lascaine 10% ar do ch\u00e9ad ord\u00fa eile.<\/strong><\/p>\n<p>B\u00ed cinnte cuntas a chruth\u00fa n\u00f3 log\u00e1il isteach le linn an tseice\u00e1il amach. N\u00ed f\u00e9idir l\u00e9irmheasanna a fh\u00e1g\u00e1il ach le haghaidh ceannach\u00e1in fh\u00edoraithe.<\/p>\n<h2>\n\t\t<a href=\"https:\/\/www.anceathrupoili.com\/ga\/product-category\/young-people\/\" title=\"P\u00e1ist\u00ed (Gaeilge)\"  target=\"_self\">\n\t\t\tP\u00e1ist\u00ed (Gaeilge)\t\t<\/a>\n\t<\/h2>\n\t<a href=\"https:\/\/www.anceathrupoili.com\/ga\/product-category\/young-people\/\">Gach t\u00e1irge<\/a>\n<h2>\n\t\t<a href=\"https:\/\/www.anceathrupoili.com\/ga\/product-category\/young-people\/\" title=\"P\u00e1ist\u00ed (B\u00e9arla)\"  target=\"_self\">\n\t\t\tP\u00e1ist\u00ed (B\u00e9arla)\t\t<\/a>\n\t<\/h2>\n\t<a href=\"https:\/\/www.anceathrupoili.com\/ga\/product-category\/young-people\/\">Gach t\u00e1irge<\/a>\n<h2>\n\t\t<a href=\"https:\/\/www.anceathrupoili.com\/ga\/product-category\/dictionaries\/\" title=\"Focl\u00f3ir\u00ed\"  target=\"_self\">\n\t\t\tFocl\u00f3ir\u00ed\t\t<\/a>\n\t<\/h2>\n\t<a href=\"https:\/\/www.anceathrupoili.com\/ga\/product-category\/dictionaries\/\">Gach t\u00e1irge<\/a>\n<h2>\n\t\t<a href=\"#\" title=\"Celebrating 44 Years\"  target=\"_self\">\n\t\t\tCelebrating 44 Years\t\t<\/a>\n\t<\/h2>\n\t<p>An Ceathr\u00fa P\u00f3il\u00ed has been selling Irish language books for 42 years. Our shop is in Cult\u00farlann McAdam \u00d3 Fiaich in Belfast&#8217;s Gaeltacht Quarter and we ship worldwide to fellow avid readers and learners.<\/p>\n\t\t\t<a href=\"\"  target=\"_self\">\n\t\t\t\t\t\tBreathnaigh an fh\u00edse\u00e1n\n\t\t\t\t\t<\/a>\n<h2>\n\t\t<a href=\"https:\/\/www.anceathrupoili.com\/ga\/product-category\/music-books\/\" title=\"Ceol\"  target=\"_self\">\n\t\t\tCeol\t\t<\/a>\n\t<\/h2>\n\t<a href=\"https:\/\/www.anceathrupoili.com\/ga\/product-category\/music-books\/\">Gach t\u00e1irge<\/a>\n<h2>\n\t\t<a href=\"https:\/\/www.anceathrupoili.com\/ga\/product-category\/biography\/\" title=\"Beathaisn\u00e9is (Gaeilge)\"  target=\"_self\">\n\t\t\tBeathaisn\u00e9is (Gaeilge)\t\t<\/a>\n\t<\/h2>\n\t<a href=\"https:\/\/www.anceathrupoili.com\/ga\/product-category\/biography\/\">Gach t\u00e1irge<\/a>\n<h2>\n\t\t<a href=\"https:\/\/www.anceathrupoili.com\/ga\/product-category\/biography\/\" title=\"Beathaisn\u00e9is (B\u00e9arla)\"  target=\"_self\">\n\t\t\tBeathaisn\u00e9is (B\u00e9arla)\t\t<\/a>\n\t<\/h2>\n\t<a href=\"https:\/\/www.anceathrupoili.com\/ga\/product-category\/biography\/\">Gach t\u00e1irge<\/a>\n<h2>\n\t\t<a href=\"https:\/\/www.anceathrupoili.com\/ga\/product-category\/poetry\/\" title=\"Fil\u00edocht\"  target=\"_self\">\n\t\t\tFil\u00edocht\t\t<\/a>\n\t<\/h2>\n\t<a href=\"https:\/\/www.anceathrupoili.com\/ga\/product-category\/poetry\/\">Gach t\u00e1irge<\/a>\n<h2>\n\t\t<a href=\"https:\/\/www.anceathrupoili.com\/ga\/product-category\/nature-travel-lifestyle-art\/\" title=\"D\u00falra, Taisteal, St\u00edl Bheatha &amp; Eala\u00edn\"  target=\"_self\">\n\t\t\tNature, Travel, Lifestyle &#038; Art\t\t<\/a>\n\t<\/h2>\n\t<a href=\"https:\/\/www.anceathrupoili.com\/ga\/product-category\/nature-travel-lifestyle-art\/\">Gach t\u00e1irge<\/a>","protected":false},"excerpt":{"rendered":"<p>Welcome to An Ceathr\u00fa P\u00f3il\u00ed You are very welcome to the website and online bookshop of An Ceathr\u00fa P\u00f3il\u00ed. We are one of Ireland&#8217;s longest-running independent bookshops, specialising in Irish language books, but also in G\u00e0idhlig, English and other language-Irish (bilingual) books. Enjoy the treasures we have to offer, and thank you for visiting! New&hellip;<\/p>","protected":false},"author":1,"featured_media":7353,"parent":0,"menu_order":0,"comment_status":"closed","ping_status":"closed","template":"","meta":{"_acf_changed":false,"_relevanssi_hide_post":"","_relevanssi_hide_content":"","_relevanssi_pin_for_all":"","_relevanssi_pin_keywords":"","_relevanssi_unpin_keywords":"","_relevanssi_related_keywords":"","_relevanssi_related_include_ids":"","_relevanssi_related_exclude_ids":"","_relevanssi_related_no_append":"","_relevanssi_related_not_related":"","_relevanssi_related_posts":"","_relevanssi_noindex_reason":"","footnotes":""},"class_list":["post-2","page","type-page","status-publish","has-post-thumbnail","hentry"],"acf":[],"yoast_head":"<!-- This site is optimized with the Yoast SEO plugin v27.5 - https:\/\/yoast.com\/product\/yoast-seo-wordpress\/ -->\n<title>An Ceathr\u00fa P\u00f3il\u00ed \u2014 Belfast&#039;s Independent Bookshop, since 1983<\/title>\n<meta name=\"description\" content=\"An Ceathr\u00fa P\u00f3il\u00ed Belfast bookshop has been selling books for 40 years, offering 3000 titles in Irish and English and worldwide delivery.\" \/>\n<meta name=\"robots\" content=\"index, follow, max-snippet:-1, max-image-preview:large, max-video-preview:-1\" \/>\n<link rel=\"canonical\" href=\"https:\/\/www.anceathrupoili.com\/ga\/\" \/>\n<meta property=\"og:locale\" content=\"ga_IE\" \/>\n<meta property=\"og:type\" content=\"article\" \/>\n<meta property=\"og:title\" content=\"An Ceathr\u00fa P\u00f3il\u00ed \u2014 Belfast&#039;s Independent Bookshop, since 1983\" \/>\n<meta property=\"og:description\" content=\"An Ceathr\u00fa P\u00f3il\u00ed Belfast bookshop has been selling books for 40 years, offering 3000 titles in Irish and English and worldwide delivery.\" \/>\n<meta property=\"og:url\" content=\"https:\/\/www.anceathrupoili.com\/ga\/\" \/>\n<meta property=\"og:site_name\" content=\"An Ceathr\u00fa P\u00f3il\u00ed\" \/>\n<meta property=\"article:modified_time\" content=\"2026-05-11T08:43:03+00:00\" \/>\n<meta property=\"og:image\" content=\"https:\/\/www.anceathrupoili.com\/wp-content\/uploads\/2024\/03\/An-Ceathru-Poili.jpeg\" \/>\n\t<meta property=\"og:image:width\" content=\"683\" \/>\n\t<meta property=\"og:image:height\" content=\"510\" \/>\n\t<meta property=\"og:image:type\" content=\"image\/jpeg\" \/>\n<meta name=\"twitter:card\" content=\"summary_large_image\" \/>\n<meta name=\"twitter:image\" content=\"https:\/\/www.anceathrupoili.com\/wp-content\/uploads\/2024\/03\/Culturlann-McAdam-O-Fiaich-scaled.jpeg\" \/>\n<meta name=\"twitter:label1\" content=\"Est. reading time\" \/>\n\t<meta name=\"twitter:data1\" content=\"1 minute\" \/>\n<script type=\"application\/ld+json\" class=\"yoast-schema-graph\">{\"@context\":\"https:\\\/\\\/schema.org\",\"@graph\":[{\"@type\":\"WebPage\",\"@id\":\"https:\\\/\\\/www.anceathrupoili.com\\\/\",\"url\":\"https:\\\/\\\/www.anceathrupoili.com\\\/\",\"name\":\"An Ceathr\u00fa P\u00f3il\u00ed \u2014 Belfast's Independent Bookshop, since 1983\",\"isPartOf\":{\"@id\":\"https:\\\/\\\/www.anceathrupoili.com\\\/#website\"},\"primaryImageOfPage\":{\"@id\":\"https:\\\/\\\/www.anceathrupoili.com\\\/#primaryimage\"},\"image\":{\"@id\":\"https:\\\/\\\/www.anceathrupoili.com\\\/#primaryimage\"},\"thumbnailUrl\":\"https:\\\/\\\/www.anceathrupoili.com\\\/wp-content\\\/uploads\\\/2024\\\/03\\\/An-Ceathru-Poili.jpeg\",\"datePublished\":\"2024-02-29T16:31:52+00:00\",\"dateModified\":\"2026-05-11T08:43:03+00:00\",\"description\":\"An Ceathr\u00fa P\u00f3il\u00ed Belfast bookshop has been selling books for 40 years, offering 3000 titles in Irish and English and worldwide delivery.\",\"breadcrumb\":{\"@id\":\"https:\\\/\\\/www.anceathrupoili.com\\\/#breadcrumb\"},\"inLanguage\":\"ga-IE\",\"potentialAction\":[{\"@type\":\"ReadAction\",\"target\":[\"https:\\\/\\\/www.anceathrupoili.com\\\/\"]}]},{\"@type\":\"ImageObject\",\"inLanguage\":\"ga-IE\",\"@id\":\"https:\\\/\\\/www.anceathrupoili.com\\\/#primaryimage\",\"url\":\"https:\\\/\\\/www.anceathrupoili.com\\\/wp-content\\\/uploads\\\/2024\\\/03\\\/An-Ceathru-Poili.jpeg\",\"contentUrl\":\"https:\\\/\\\/www.anceathrupoili.com\\\/wp-content\\\/uploads\\\/2024\\\/03\\\/An-Ceathru-Poili.jpeg\",\"width\":683,\"height\":510,\"caption\":\"An Ceathr\u00fa P\u00f3il\u00ed bookshop in Belfast\"},{\"@type\":\"BreadcrumbList\",\"@id\":\"https:\\\/\\\/www.anceathrupoili.com\\\/#breadcrumb\",\"itemListElement\":[{\"@type\":\"ListItem\",\"position\":1,\"name\":\"Home\",\"item\":\"https:\\\/\\\/www.anceathrupoili.com\\\/\"},{\"@type\":\"ListItem\",\"position\":2,\"name\":\"Home\"}]},{\"@type\":\"WebSite\",\"@id\":\"https:\\\/\\\/www.anceathrupoili.com\\\/#website\",\"url\":\"https:\\\/\\\/www.anceathrupoili.com\\\/\",\"name\":\"An Ceathr\u00fa P\u00f3il\u00ed\",\"description\":\"Belfast&#039;s Irish Language Bookshop\",\"publisher\":{\"@id\":\"https:\\\/\\\/www.anceathrupoili.com\\\/#organization\"},\"potentialAction\":[{\"@type\":\"SearchAction\",\"target\":{\"@type\":\"EntryPoint\",\"urlTemplate\":\"https:\\\/\\\/www.anceathrupoili.com\\\/?s={search_term_string}\"},\"query-input\":{\"@type\":\"PropertyValueSpecification\",\"valueRequired\":true,\"valueName\":\"search_term_string\"}}],\"inLanguage\":\"ga-IE\"},{\"@type\":\"Organization\",\"@id\":\"https:\\\/\\\/www.anceathrupoili.com\\\/#organization\",\"name\":\"An Ceathr\u00fa P\u00f3il\u00ed\",\"url\":\"https:\\\/\\\/www.anceathrupoili.com\\\/\",\"logo\":{\"@type\":\"ImageObject\",\"inLanguage\":\"ga-IE\",\"@id\":\"https:\\\/\\\/www.anceathrupoili.com\\\/#\\\/schema\\\/logo\\\/image\\\/\",\"url\":\"https:\\\/\\\/www.anceathrupoili.com\\\/wp-content\\\/uploads\\\/2024\\\/03\\\/Books-logo-names-01.svg\",\"contentUrl\":\"https:\\\/\\\/www.anceathrupoili.com\\\/wp-content\\\/uploads\\\/2024\\\/03\\\/Books-logo-names-01.svg\",\"width\":1,\"height\":1,\"caption\":\"An Ceathr\u00fa P\u00f3il\u00ed\"},\"image\":{\"@id\":\"https:\\\/\\\/www.anceathrupoili.com\\\/#\\\/schema\\\/logo\\\/image\\\/\"}}]}<\/script>\n<!-- \/ Yoast SEO plugin. -->","yoast_head_json":{"title":"An Ceathr\u00fa P\u00f3il\u00ed \u2014 Belfast's Independent Bookshop, since 1983","description":"An Ceathr\u00fa P\u00f3il\u00ed Belfast bookshop has been selling books for 40 years, offering 3000 titles in Irish and English and worldwide delivery.","robots":{"index":"index","follow":"follow","max-snippet":"max-snippet:-1","max-image-preview":"max-image-preview:large","max-video-preview":"max-video-preview:-1"},"canonical":"https:\/\/www.anceathrupoili.com\/ga\/","og_locale":"ga_IE","og_type":"article","og_title":"An Ceathr\u00fa P\u00f3il\u00ed \u2014 Belfast's Independent Bookshop, since 1983","og_description":"An Ceathr\u00fa P\u00f3il\u00ed Belfast bookshop has been selling books for 40 years, offering 3000 titles in Irish and English and worldwide delivery.","og_url":"https:\/\/www.anceathrupoili.com\/ga\/","og_site_name":"An Ceathr\u00fa P\u00f3il\u00ed","article_modified_time":"2026-05-11T08:43:03+00:00","og_image":[{"width":683,"height":510,"url":"https:\/\/www.anceathrupoili.com\/wp-content\/uploads\/2024\/03\/An-Ceathru-Poili.jpeg","type":"image\/jpeg"}],"twitter_card":"summary_large_image","twitter_image":"https:\/\/www.anceathrupoili.com\/wp-content\/uploads\/2024\/03\/Culturlann-McAdam-O-Fiaich-scaled.jpeg","twitter_misc":{"Est. reading time":"1 minute"},"schema":{"@context":"https:\/\/schema.org","@graph":[{"@type":"WebPage","@id":"https:\/\/www.anceathrupoili.com\/","url":"https:\/\/www.anceathrupoili.com\/","name":"An Ceathr\u00fa P\u00f3il\u00ed \u2014 Belfast's Independent Bookshop, since 1983","isPartOf":{"@id":"https:\/\/www.anceathrupoili.com\/#website"},"primaryImageOfPage":{"@id":"https:\/\/www.anceathrupoili.com\/#primaryimage"},"image":{"@id":"https:\/\/www.anceathrupoili.com\/#primaryimage"},"thumbnailUrl":"https:\/\/www.anceathrupoili.com\/wp-content\/uploads\/2024\/03\/An-Ceathru-Poili.jpeg","datePublished":"2024-02-29T16:31:52+00:00","dateModified":"2026-05-11T08:43:03+00:00","description":"An Ceathr\u00fa P\u00f3il\u00ed Belfast bookshop has been selling books for 40 years, offering 3000 titles in Irish and English and worldwide delivery.","breadcrumb":{"@id":"https:\/\/www.anceathrupoili.com\/#breadcrumb"},"inLanguage":"ga-IE","potentialAction":[{"@type":"ReadAction","target":["https:\/\/www.anceathrupoili.com\/"]}]},{"@type":"ImageObject","inLanguage":"ga-IE","@id":"https:\/\/www.anceathrupoili.com\/#primaryimage","url":"https:\/\/www.anceathrupoili.com\/wp-content\/uploads\/2024\/03\/An-Ceathru-Poili.jpeg","contentUrl":"https:\/\/www.anceathrupoili.com\/wp-content\/uploads\/2024\/03\/An-Ceathru-Poili.jpeg","width":683,"height":510,"caption":"An Ceathr\u00fa P\u00f3il\u00ed bookshop in Belfast"},{"@type":"BreadcrumbList","@id":"https:\/\/www.anceathrupoili.com\/#breadcrumb","itemListElement":[{"@type":"ListItem","position":1,"name":"Home","item":"https:\/\/www.anceathrupoili.com\/"},{"@type":"ListItem","position":2,"name":"Home"}]},{"@type":"WebSite","@id":"https:\/\/www.anceathrupoili.com\/#website","url":"https:\/\/www.anceathrupoili.com\/","name":"An Ceathr\u00fa P\u00f3il\u00ed","description":"Belfast&#039;s Irish Language Bookshop","publisher":{"@id":"https:\/\/www.anceathrupoili.com\/#organization"},"potentialAction":[{"@type":"SearchAction","target":{"@type":"EntryPoint","urlTemplate":"https:\/\/www.anceathrupoili.com\/?s={search_term_string}"},"query-input":{"@type":"PropertyValueSpecification","valueRequired":true,"valueName":"search_term_string"}}],"inLanguage":"ga-IE"},{"@type":"Organization","@id":"https:\/\/www.anceathrupoili.com\/#organization","name":"An Ceathr\u00fa P\u00f3il\u00ed","url":"https:\/\/www.anceathrupoili.com\/","logo":{"@type":"ImageObject","inLanguage":"ga-IE","@id":"https:\/\/www.anceathrupoili.com\/#\/schema\/logo\/image\/","url":"https:\/\/www.anceathrupoili.com\/wp-content\/uploads\/2024\/03\/Books-logo-names-01.svg","contentUrl":"https:\/\/www.anceathrupoili.com\/wp-content\/uploads\/2024\/03\/Books-logo-names-01.svg","width":1,"height":1,"caption":"An Ceathr\u00fa P\u00f3il\u00ed"},"image":{"@id":"https:\/\/www.anceathrupoili.com\/#\/schema\/logo\/image\/"}}]}},"_links":{"self":[{"href":"https:\/\/www.anceathrupoili.com\/ga\/wp-json\/wp\/v2\/pages\/2","targetHints":{"allow":["GET"]}}],"collection":[{"href":"https:\/\/www.anceathrupoili.com\/ga\/wp-json\/wp\/v2\/pages"}],"about":[{"href":"https:\/\/www.anceathrupoili.com\/ga\/wp-json\/wp\/v2\/types\/page"}],"author":[{"embeddable":true,"href":"https:\/\/www.anceathrupoili.com\/ga\/wp-json\/wp\/v2\/users\/1"}],"replies":[{"embeddable":true,"href":"https:\/\/www.anceathrupoili.com\/ga\/wp-json\/wp\/v2\/comments?post=2"}],"version-history":[{"count":13,"href":"https:\/\/www.anceathrupoili.com\/ga\/wp-json\/wp\/v2\/pages\/2\/revisions"}],"predecessor-version":[{"id":45245,"href":"https:\/\/www.anceathrupoili.com\/ga\/wp-json\/wp\/v2\/pages\/2\/revisions\/45245"}],"wp:featuredmedia":[{"embeddable":true,"href":"https:\/\/www.anceathrupoili.com\/ga\/wp-json\/wp\/v2\/media\/7353"}],"wp:attachment":[{"href":"https:\/\/www.anceathrupoili.com\/ga\/wp-json\/wp\/v2\/media?parent=2"}],"curies":[{"name":"wp","href":"https:\/\/api.w.org\/{rel}","templated":true}]}}