{"id":31965,"date":"2024-03-22T18:00:03","date_gmt":"2024-03-22T18:00:03","guid":{"rendered":"http:\/\/www.anceathrupoili.com\/?page_id=31965"},"modified":"2024-03-22T18:15:58","modified_gmt":"2024-03-22T18:15:58","slug":"contact","status":"publish","type":"page","link":"https:\/\/www.anceathrupoili.com\/ga\/information\/contact\/","title":{"rendered":"D\u00e9an teagmh\u00e1il linn"},"content":{"rendered":"<figure class=\"wp-block-image size-large\"><img loading=\"lazy\" decoding=\"async\" width=\"1024\" height=\"683\" src=\"http:\/\/www.anceathrupoili.com\/wp-content\/uploads\/2024\/03\/Belfast-Bookshop-An-Ceathru-Poili-scaled-1-1024x683.jpeg\" alt=\"Bookshelves in independent bookshop 'An Ceathr\u00fa P\u00f3il\u00ed' in Belfast\" class=\"wp-image-7349\" style=\"aspect-ratio:16\/9;object-fit:cover\" srcset=\"https:\/\/www.anceathrupoili.com\/wp-content\/uploads\/2024\/03\/Belfast-Bookshop-An-Ceathru-Poili-scaled-1-1024x683.jpeg 1024w, https:\/\/www.anceathrupoili.com\/wp-content\/uploads\/2024\/03\/Belfast-Bookshop-An-Ceathru-Poili-scaled-1-300x200.jpeg 300w, https:\/\/www.anceathrupoili.com\/wp-content\/uploads\/2024\/03\/Belfast-Bookshop-An-Ceathru-Poili-scaled-1-600x400.jpeg 600w, https:\/\/www.anceathrupoili.com\/wp-content\/uploads\/2024\/03\/Belfast-Bookshop-An-Ceathru-Poili-scaled-1-768x512.jpeg 768w, https:\/\/www.anceathrupoili.com\/wp-content\/uploads\/2024\/03\/Belfast-Bookshop-An-Ceathru-Poili-scaled-1-1536x1025.jpeg 1536w, https:\/\/www.anceathrupoili.com\/wp-content\/uploads\/2024\/03\/Belfast-Bookshop-An-Ceathru-Poili-scaled-1.jpeg 2048w\" sizes=\"auto, (max-width: 1024px) 100vw, 1024px\" \/><\/figure>\n\n\n\n<div class=\"wp-block-columns is-layout-flex wp-container-core-columns-is-layout-9d6595d7 wp-block-columns-is-layout-flex\">\n<div class=\"wp-block-column is-layout-flow wp-block-column-is-layout-flow\">\n<h2 class=\"wp-block-heading\">Ceisteanna Coitianta<\/h2>\n\n\n\n<div data-schema-only=\"false\" class=\"wp-block-aioseo-faq\"><h3 class=\"aioseo-faq-block-question\">Cad \u00e9 An Ceathr\u00fa P\u00f3il\u00ed?<\/h3><div class=\"aioseo-faq-block-answer\">\n<p>Is siopa leabhar neamhsple\u00e1ch \u00e9 An Ceathr\u00fa P\u00f3il\u00ed a dh\u00edr\u00edonn ar leabhair sp\u00e9ise na Gaeilge agus na h\u00c9ireann. D\u00edolaimid \u00f3n\u00e1r siopa sa Cheathr\u00fa Ghaeltachta i mB\u00e9al Feirste agus ar \u00e1r su\u00edomh idirl\u00edn ag anceathrupoili.com.<\/p>\n<\/div><\/div>\n\n\n\n<div data-schema-only=\"false\" class=\"wp-block-aioseo-faq\"><h3 class=\"aioseo-faq-block-question\">Conas a sheachadann t\u00fa?<\/h3><div class=\"aioseo-faq-block-answer\">\n<p>D\u00e9anaimid seachadadh ag baint \u00fas\u00e1ide as Royal Mail (ar fud an domhain), Fastway (\u00c9ire) agus Parcelforce (ar fud an domhain). T\u00e1 costas seachadta bunaithe ar mhe\u00e1chan d\u2019earra\u00ed, agus t\u00e1 costais postais san \u00e1ireamh. M\u00e1 t\u00e1 aon cheist agat, n\u00e1 b\u00edodh drogall ort teagmh\u00e1il a dh\u00e9anamh linn.<\/p>\n<\/div><\/div>\n\n\n\n<div data-schema-only=\"false\" class=\"wp-block-aioseo-faq\"><h3 class=\"aioseo-faq-block-question\">Conas a noibr\u00edonn tuairisce\u00e1in\/ais\u00edoca\u00edochta\u00ed?<\/h3><div class=\"aioseo-faq-block-answer\">\n<p>T\u00e9igh i gcomhairle len\u00e1r <em><a href=\"http:\/\/www.anceathrupoili.com\/ga\/refund-returns\/\" title=\"Polasa\u00ed Ais\u00edoca\u00edochta agus Aischuir\">bPolasaithe Ais\u00edoca\u00edochta agus Aischuir<\/a><\/em> chun eolas ioml\u00e1n a fh\u00e1il.<\/p>\n<\/div><\/div>\n\n\n\n<div data-schema-only=\"false\" class=\"wp-block-aioseo-faq\"><h3 class=\"aioseo-faq-block-question\">Cad iad na modhanna \u00edoca\u00edochta a ghlactar?<\/h3><div class=\"aioseo-faq-block-answer\">\n<p>Pr\u00f3ise\u00e1iltear \u00edoca\u00edochta\u00ed ar l\u00edne go s\u00e1bh\u00e1ilte agus go sl\u00e1n ag baint \u00fas\u00e1ide as Stripe, sol\u00e1thra\u00ed \u00edoca\u00edochta at\u00e1 bunaithe ag beirt \u00c9ireannach \u00f3ga. Glacaimid le Paypal agus Square freisin.<\/p>\n\n\n\n<p>T\u00e1 \u00e1r su\u00edomh gr\u00e9as\u00e1in sl\u00e1n agus t\u00e1 \u00edoca\u00edochta\u00ed criptithe, rud a chialla\u00edonn gur f\u00e9idir leat siopad\u00f3ireacht a dh\u00e9anamh gan str\u00f3.<\/p>\n<\/div><\/div>\n<\/div>\n\n\n\n<div class=\"wp-block-column is-layout-flow wp-block-column-is-layout-flow\" style=\"flex-basis:33.33%\">\n<h2 class=\"wp-block-heading\">Gabh i dteagmh\u00e1il<\/h2>\n\n\n\n<h3 class=\"wp-block-heading\">Sonra\u00ed teagmh\u00e1la<\/h3>\n\n\n\n<p><strong>Guth\u00e1n:<\/strong> <a href=\"tel:+442890322811\" title=\"\">+44 (0) 28 9032 2811<\/a><br><strong>Rphost:<\/strong> <a href=\"mailto:eolas@an4poili.com\">eolas@an4poili.com<\/a><\/p>\n\n\n\n<h3 class=\"wp-block-heading\">Uaireanta oscailte<\/h3>\n\n\n\n<p><strong>Luan-Aoine:<\/strong> 9:30rn-5:30in.<br><strong>Satharn:<\/strong> 9:30rn-4:00in.<br><strong>Domhnach:<\/strong> druidte.<\/p>\n\n\n\n<h3 class=\"wp-block-heading\">Seoladh<\/h3>\n\n\n\n<p>An Ceathr\u00fa P\u00f3il\u00ed<br>Cult\u00farlann McAdam \u00d3 Fiaich<br>216 B\u00f3thar na bhF\u00e1l<br>An Cheathr\u00fa Ghaeltachta<br>B\u00e9al Feirste BT12 6AH<\/p>\n\n\n\n<h3 class=\"wp-block-heading\">L\u00edonra\u00ed s\u00f3isialta<\/h3>\n\n\n\n<p>Is f\u00e9idir leat teacht orainn ar&nbsp;<a href=\"https:\/\/www.facebook.com\/anceathrupoili\/?locale=en_GB\" target=\"_blank\" rel=\"noopener\"><i class=\"fab fa-facebook fa-fw\"><\/i> Facebook<\/a>, <a href=\"https:\/\/www.instagram.com\/anceathrupoili\" target=\"_blank\" rel=\"noopener\"><i class=\"fab fa-instagram fa-fw\"><\/i> Instagram<\/a> \/ <a href=\"https:\/\/twitter.com\/AnCeathruPoili\" target=\"_blank\" rel=\"noopener\"><i class=\"fab fa-twitter fa-fw\"><\/i> Twitter<\/a>, \u00e1it a roinnimid foilseach\u00e1in agus imeachta\u00ed nua.<\/p>\n<\/div>\n<\/div>","protected":false},"excerpt":{"rendered":"<p>Frequently Asked Questions Get in touch Contact details Phone: +44 (0) 28 9032 2811Email: eolas@an4poili.com Opening hours Monday-Friday: 9:30am-5:30pm.Saturday: 9:30am-4:00pm.Sunday: closed. Our address An Ceathr\u00fa P\u00f3il\u00edCult\u00farlann McAdam \u00d3 Fiaich216 Falls RoadThe Gaeltacht QuarterBelfast BT12 6AH Social Media You can find us on&nbsp; Facebook, Instagram and Twitter, where we share new publications and events.<\/p>","protected":false},"author":1,"featured_media":7353,"parent":7491,"menu_order":0,"comment_status":"closed","ping_status":"closed","template":"","meta":{"_acf_changed":false,"_relevanssi_hide_post":"","_relevanssi_hide_content":"","_relevanssi_pin_for_all":"","_relevanssi_pin_keywords":"","_relevanssi_unpin_keywords":"","_relevanssi_related_keywords":"","_relevanssi_related_include_ids":"","_relevanssi_related_exclude_ids":"","_relevanssi_related_no_append":"","_relevanssi_related_not_related":"","_relevanssi_related_posts":"","_relevanssi_noindex_reason":"","footnotes":""},"class_list":["post-31965","page","type-page","status-publish","has-post-thumbnail","hentry"],"acf":[],"yoast_head":"<!-- This site is optimized with the Yoast SEO plugin v27.4 - https:\/\/yoast.com\/product\/yoast-seo-wordpress\/ -->\n<title>Contact us - An Ceathr\u00fa P\u00f3il\u00ed<\/title>\n<meta name=\"description\" content=\"Frequently Asked Questions  What is An Ceathr\u00fa P\u00f3il\u00ed? An Ceathr\u00fa P\u00f3il\u00ed is an independent bookshop specialising in Irish language and Irish interest books. We sell from our shop in Belfast\u2019s Gaeltacht Quarter and on our website at anceathrupoili.com.   How do you deliver? We deliver using Royal Mail (worldwide), Fastway (Ireland) and Parcelforce (worldwide). Delivery cost is based on the weight of your goods, with postage costs included. If you have any questions, don\u2019t hesitate to contact us.   How do returns\/refunds work? Please consult our refunds and returns policy for full information.   Which payment methods are accepted? An Ceathr\u00fa P\u00f3il\u00ed\u2019s online payments are processed safely and securely using Stripe, a payment provider set up by two young Irishmen. We also accept Paypal and Square.  Our website is secure and payments are encrypted, meaning you can shop with total ease of mind.    Get in touch  Contact details  Phone: +44 (0) 28 9032 2811Email: eolas@an4poili.com  Opening hours  Monday-Friday: 9:30am-5:30pm.Saturday: 9:30am-4:00pm.Sunday: closed.  Our address  An Ceathr\u00fa P\u00f3il\u00edCult\u00farlann McAdam \u00d3 Fiaich216 Falls RoadThe Gaeltacht QuarterBelfast BT12 6AH  Social Media  You can find us on&nbsp; Facebook, Instagram and Twitter, where we share new publications and events.\" \/>\n<meta name=\"robots\" content=\"index, follow, max-snippet:-1, max-image-preview:large, max-video-preview:-1\" \/>\n<link rel=\"canonical\" href=\"https:\/\/www.anceathrupoili.com\/ga\/information\/contact\/\" \/>\n<meta property=\"og:locale\" content=\"ga_IE\" \/>\n<meta property=\"og:type\" content=\"article\" \/>\n<meta property=\"og:title\" content=\"Contact us - An Ceathr\u00fa P\u00f3il\u00ed\" \/>\n<meta property=\"og:description\" content=\"Frequently Asked Questions  What is An Ceathr\u00fa P\u00f3il\u00ed? An Ceathr\u00fa P\u00f3il\u00ed is an independent bookshop specialising in Irish language and Irish interest books. We sell from our shop in Belfast\u2019s Gaeltacht Quarter and on our website at anceathrupoili.com.   How do you deliver? We deliver using Royal Mail (worldwide), Fastway (Ireland) and Parcelforce (worldwide). Delivery cost is based on the weight of your goods, with postage costs included. If you have any questions, don\u2019t hesitate to contact us.   How do returns\/refunds work? Please consult our refunds and returns policy for full information.   Which payment methods are accepted? An Ceathr\u00fa P\u00f3il\u00ed\u2019s online payments are processed safely and securely using Stripe, a payment provider set up by two young Irishmen. We also accept Paypal and Square.  Our website is secure and payments are encrypted, meaning you can shop with total ease of mind.    Get in touch  Contact details  Phone: +44 (0) 28 9032 2811Email: eolas@an4poili.com  Opening hours  Monday-Friday: 9:30am-5:30pm.Saturday: 9:30am-4:00pm.Sunday: closed.  Our address  An Ceathr\u00fa P\u00f3il\u00edCult\u00farlann McAdam \u00d3 Fiaich216 Falls RoadThe Gaeltacht QuarterBelfast BT12 6AH  Social Media  You can find us on&nbsp; Facebook, Instagram and Twitter, where we share new publications and events.\" \/>\n<meta property=\"og:url\" content=\"https:\/\/www.anceathrupoili.com\/ga\/information\/contact\/\" \/>\n<meta property=\"og:site_name\" content=\"An Ceathr\u00fa P\u00f3il\u00ed\" \/>\n<meta property=\"article:modified_time\" content=\"2024-03-22T18:15:58+00:00\" \/>\n<meta property=\"og:image\" content=\"https:\/\/www.anceathrupoili.com\/wp-content\/uploads\/2024\/03\/An-Ceathru-Poili.jpeg\" \/>\n\t<meta property=\"og:image:width\" content=\"683\" \/>\n\t<meta property=\"og:image:height\" content=\"510\" \/>\n\t<meta property=\"og:image:type\" content=\"image\/jpeg\" \/>\n<meta name=\"twitter:card\" content=\"summary_large_image\" \/>\n<meta name=\"twitter:label1\" content=\"Est. reading time\" \/>\n\t<meta name=\"twitter:data1\" content=\"1 minute\" \/>\n<script type=\"application\/ld+json\" class=\"yoast-schema-graph\">{\"@context\":\"https:\\\/\\\/schema.org\",\"@graph\":[{\"@type\":\"WebPage\",\"@id\":\"https:\\\/\\\/www.anceathrupoili.com\\\/ga\\\/information\\\/contact\\\/\",\"url\":\"https:\\\/\\\/www.anceathrupoili.com\\\/ga\\\/information\\\/contact\\\/\",\"name\":\"Contact us - An Ceathr\u00fa P\u00f3il\u00ed\",\"isPartOf\":{\"@id\":\"https:\\\/\\\/www.anceathrupoili.com\\\/#website\"},\"primaryImageOfPage\":{\"@id\":\"https:\\\/\\\/www.anceathrupoili.com\\\/ga\\\/information\\\/contact\\\/#primaryimage\"},\"image\":{\"@id\":\"https:\\\/\\\/www.anceathrupoili.com\\\/ga\\\/information\\\/contact\\\/#primaryimage\"},\"thumbnailUrl\":\"https:\\\/\\\/www.anceathrupoili.com\\\/wp-content\\\/uploads\\\/2024\\\/03\\\/An-Ceathru-Poili.jpeg\",\"datePublished\":\"2024-03-22T18:00:03+00:00\",\"dateModified\":\"2024-03-22T18:15:58+00:00\",\"description\":\"Frequently Asked Questions What is An Ceathr\u00fa P\u00f3il\u00ed? An Ceathr\u00fa P\u00f3il\u00ed is an independent bookshop specialising in Irish language and Irish interest books. We sell from our shop in Belfast\u2019s Gaeltacht Quarter and on our website at anceathrupoili.com. How do you deliver? We deliver using Royal Mail (worldwide), Fastway (Ireland) and Parcelforce (worldwide). Delivery cost is based on the weight of your goods, with postage costs included. If you have any questions, don\u2019t hesitate to contact us. How do returns\\\/refunds work? Please consult our refunds and returns policy for full information. Which payment methods are accepted? An Ceathr\u00fa P\u00f3il\u00ed\u2019s online payments are processed safely and securely using Stripe, a payment provider set up by two young Irishmen. We also accept Paypal and Square. Our website is secure and payments are encrypted, meaning you can shop with total ease of mind. Get in touch Contact details Phone: +44 (0) 28 9032 2811Email: eolas@an4poili.com Opening hours Monday-Friday: 9:30am-5:30pm.Saturday: 9:30am-4:00pm.Sunday: closed. Our address An Ceathr\u00fa P\u00f3il\u00edCult\u00farlann McAdam \u00d3 Fiaich216 Falls RoadThe Gaeltacht QuarterBelfast BT12 6AH Social Media You can find us on&nbsp; Facebook, Instagram and Twitter, where we share new publications and events.\",\"breadcrumb\":{\"@id\":\"https:\\\/\\\/www.anceathrupoili.com\\\/ga\\\/information\\\/contact\\\/#breadcrumb\"},\"inLanguage\":\"ga-IE\",\"potentialAction\":[{\"@type\":\"ReadAction\",\"target\":[\"https:\\\/\\\/www.anceathrupoili.com\\\/ga\\\/information\\\/contact\\\/\"]}]},{\"@type\":\"ImageObject\",\"inLanguage\":\"ga-IE\",\"@id\":\"https:\\\/\\\/www.anceathrupoili.com\\\/ga\\\/information\\\/contact\\\/#primaryimage\",\"url\":\"https:\\\/\\\/www.anceathrupoili.com\\\/wp-content\\\/uploads\\\/2024\\\/03\\\/An-Ceathru-Poili.jpeg\",\"contentUrl\":\"https:\\\/\\\/www.anceathrupoili.com\\\/wp-content\\\/uploads\\\/2024\\\/03\\\/An-Ceathru-Poili.jpeg\",\"width\":683,\"height\":510,\"caption\":\"An Ceathr\u00fa P\u00f3il\u00ed bookshop in Belfast\"},{\"@type\":\"BreadcrumbList\",\"@id\":\"https:\\\/\\\/www.anceathrupoili.com\\\/ga\\\/information\\\/contact\\\/#breadcrumb\",\"itemListElement\":[{\"@type\":\"ListItem\",\"position\":1,\"name\":\"Home\",\"item\":\"https:\\\/\\\/www.anceathrupoili.com\\\/\"},{\"@type\":\"ListItem\",\"position\":2,\"name\":\"Information\",\"item\":\"https:\\\/\\\/www.anceathrupoili.com\\\/ga\\\/information\\\/\"},{\"@type\":\"ListItem\",\"position\":3,\"name\":\"Contact us\"}]},{\"@type\":\"WebSite\",\"@id\":\"https:\\\/\\\/www.anceathrupoili.com\\\/#website\",\"url\":\"https:\\\/\\\/www.anceathrupoili.com\\\/\",\"name\":\"An Ceathr\u00fa P\u00f3il\u00ed\",\"description\":\"Belfast&#039;s Irish Language Bookshop\",\"publisher\":{\"@id\":\"https:\\\/\\\/www.anceathrupoili.com\\\/#organization\"},\"potentialAction\":[{\"@type\":\"SearchAction\",\"target\":{\"@type\":\"EntryPoint\",\"urlTemplate\":\"https:\\\/\\\/www.anceathrupoili.com\\\/?s={search_term_string}\"},\"query-input\":{\"@type\":\"PropertyValueSpecification\",\"valueRequired\":true,\"valueName\":\"search_term_string\"}}],\"inLanguage\":\"ga-IE\"},{\"@type\":\"Organization\",\"@id\":\"https:\\\/\\\/www.anceathrupoili.com\\\/#organization\",\"name\":\"An Ceathr\u00fa P\u00f3il\u00ed\",\"url\":\"https:\\\/\\\/www.anceathrupoili.com\\\/\",\"logo\":{\"@type\":\"ImageObject\",\"inLanguage\":\"ga-IE\",\"@id\":\"https:\\\/\\\/www.anceathrupoili.com\\\/#\\\/schema\\\/logo\\\/image\\\/\",\"url\":\"https:\\\/\\\/www.anceathrupoili.com\\\/wp-content\\\/uploads\\\/2024\\\/03\\\/Books-logo-names-01.svg\",\"contentUrl\":\"https:\\\/\\\/www.anceathrupoili.com\\\/wp-content\\\/uploads\\\/2024\\\/03\\\/Books-logo-names-01.svg\",\"width\":1,\"height\":1,\"caption\":\"An Ceathr\u00fa P\u00f3il\u00ed\"},\"image\":{\"@id\":\"https:\\\/\\\/www.anceathrupoili.com\\\/#\\\/schema\\\/logo\\\/image\\\/\"}}]}<\/script>\n<!-- \/ Yoast SEO plugin. -->","yoast_head_json":{"title":"Contact us - An Ceathr\u00fa P\u00f3il\u00ed","description":"Frequently Asked Questions  What is An Ceathr\u00fa P\u00f3il\u00ed? An Ceathr\u00fa P\u00f3il\u00ed is an independent bookshop specialising in Irish language and Irish interest books. We sell from our shop in Belfast\u2019s Gaeltacht Quarter and on our website at anceathrupoili.com.   How do you deliver? We deliver using Royal Mail (worldwide), Fastway (Ireland) and Parcelforce (worldwide). Delivery cost is based on the weight of your goods, with postage costs included. If you have any questions, don\u2019t hesitate to contact us.   How do returns\/refunds work? Please consult our refunds and returns policy for full information.   Which payment methods are accepted? An Ceathr\u00fa P\u00f3il\u00ed\u2019s online payments are processed safely and securely using Stripe, a payment provider set up by two young Irishmen. We also accept Paypal and Square.  Our website is secure and payments are encrypted, meaning you can shop with total ease of mind.    Get in touch  Contact details  Phone: +44 (0) 28 9032 2811Email: eolas@an4poili.com  Opening hours  Monday-Friday: 9:30am-5:30pm.Saturday: 9:30am-4:00pm.Sunday: closed.  Our address  An Ceathr\u00fa P\u00f3il\u00edCult\u00farlann McAdam \u00d3 Fiaich216 Falls RoadThe Gaeltacht QuarterBelfast BT12 6AH  Social Media  You can find us on&nbsp; Facebook, Instagram and Twitter, where we share new publications and events.","robots":{"index":"index","follow":"follow","max-snippet":"max-snippet:-1","max-image-preview":"max-image-preview:large","max-video-preview":"max-video-preview:-1"},"canonical":"https:\/\/www.anceathrupoili.com\/ga\/information\/contact\/","og_locale":"ga_IE","og_type":"article","og_title":"Contact us - An Ceathr\u00fa P\u00f3il\u00ed","og_description":"Frequently Asked Questions  What is An Ceathr\u00fa P\u00f3il\u00ed? An Ceathr\u00fa P\u00f3il\u00ed is an independent bookshop specialising in Irish language and Irish interest books. We sell from our shop in Belfast\u2019s Gaeltacht Quarter and on our website at anceathrupoili.com.   How do you deliver? We deliver using Royal Mail (worldwide), Fastway (Ireland) and Parcelforce (worldwide). Delivery cost is based on the weight of your goods, with postage costs included. If you have any questions, don\u2019t hesitate to contact us.   How do returns\/refunds work? Please consult our refunds and returns policy for full information.   Which payment methods are accepted? An Ceathr\u00fa P\u00f3il\u00ed\u2019s online payments are processed safely and securely using Stripe, a payment provider set up by two young Irishmen. We also accept Paypal and Square.  Our website is secure and payments are encrypted, meaning you can shop with total ease of mind.    Get in touch  Contact details  Phone: +44 (0) 28 9032 2811Email: eolas@an4poili.com  Opening hours  Monday-Friday: 9:30am-5:30pm.Saturday: 9:30am-4:00pm.Sunday: closed.  Our address  An Ceathr\u00fa P\u00f3il\u00edCult\u00farlann McAdam \u00d3 Fiaich216 Falls RoadThe Gaeltacht QuarterBelfast BT12 6AH  Social Media  You can find us on&nbsp; Facebook, Instagram and Twitter, where we share new publications and events.","og_url":"https:\/\/www.anceathrupoili.com\/ga\/information\/contact\/","og_site_name":"An Ceathr\u00fa P\u00f3il\u00ed","article_modified_time":"2024-03-22T18:15:58+00:00","og_image":[{"width":683,"height":510,"url":"https:\/\/www.anceathrupoili.com\/wp-content\/uploads\/2024\/03\/An-Ceathru-Poili.jpeg","type":"image\/jpeg"}],"twitter_card":"summary_large_image","twitter_misc":{"Est. reading time":"1 minute"},"schema":{"@context":"https:\/\/schema.org","@graph":[{"@type":"WebPage","@id":"https:\/\/www.anceathrupoili.com\/ga\/information\/contact\/","url":"https:\/\/www.anceathrupoili.com\/ga\/information\/contact\/","name":"Contact us - An Ceathr\u00fa P\u00f3il\u00ed","isPartOf":{"@id":"https:\/\/www.anceathrupoili.com\/#website"},"primaryImageOfPage":{"@id":"https:\/\/www.anceathrupoili.com\/ga\/information\/contact\/#primaryimage"},"image":{"@id":"https:\/\/www.anceathrupoili.com\/ga\/information\/contact\/#primaryimage"},"thumbnailUrl":"https:\/\/www.anceathrupoili.com\/wp-content\/uploads\/2024\/03\/An-Ceathru-Poili.jpeg","datePublished":"2024-03-22T18:00:03+00:00","dateModified":"2024-03-22T18:15:58+00:00","description":"Frequently Asked Questions What is An Ceathr\u00fa P\u00f3il\u00ed? An Ceathr\u00fa P\u00f3il\u00ed is an independent bookshop specialising in Irish language and Irish interest books. We sell from our shop in Belfast\u2019s Gaeltacht Quarter and on our website at anceathrupoili.com. How do you deliver? We deliver using Royal Mail (worldwide), Fastway (Ireland) and Parcelforce (worldwide). Delivery cost is based on the weight of your goods, with postage costs included. If you have any questions, don\u2019t hesitate to contact us. How do returns\/refunds work? Please consult our refunds and returns policy for full information. Which payment methods are accepted? An Ceathr\u00fa P\u00f3il\u00ed\u2019s online payments are processed safely and securely using Stripe, a payment provider set up by two young Irishmen. We also accept Paypal and Square. Our website is secure and payments are encrypted, meaning you can shop with total ease of mind. Get in touch Contact details Phone: +44 (0) 28 9032 2811Email: eolas@an4poili.com Opening hours Monday-Friday: 9:30am-5:30pm.Saturday: 9:30am-4:00pm.Sunday: closed. Our address An Ceathr\u00fa P\u00f3il\u00edCult\u00farlann McAdam \u00d3 Fiaich216 Falls RoadThe Gaeltacht QuarterBelfast BT12 6AH Social Media You can find us on&nbsp; Facebook, Instagram and Twitter, where we share new publications and events.","breadcrumb":{"@id":"https:\/\/www.anceathrupoili.com\/ga\/information\/contact\/#breadcrumb"},"inLanguage":"ga-IE","potentialAction":[{"@type":"ReadAction","target":["https:\/\/www.anceathrupoili.com\/ga\/information\/contact\/"]}]},{"@type":"ImageObject","inLanguage":"ga-IE","@id":"https:\/\/www.anceathrupoili.com\/ga\/information\/contact\/#primaryimage","url":"https:\/\/www.anceathrupoili.com\/wp-content\/uploads\/2024\/03\/An-Ceathru-Poili.jpeg","contentUrl":"https:\/\/www.anceathrupoili.com\/wp-content\/uploads\/2024\/03\/An-Ceathru-Poili.jpeg","width":683,"height":510,"caption":"An Ceathr\u00fa P\u00f3il\u00ed bookshop in Belfast"},{"@type":"BreadcrumbList","@id":"https:\/\/www.anceathrupoili.com\/ga\/information\/contact\/#breadcrumb","itemListElement":[{"@type":"ListItem","position":1,"name":"Home","item":"https:\/\/www.anceathrupoili.com\/"},{"@type":"ListItem","position":2,"name":"Information","item":"https:\/\/www.anceathrupoili.com\/ga\/information\/"},{"@type":"ListItem","position":3,"name":"Contact us"}]},{"@type":"WebSite","@id":"https:\/\/www.anceathrupoili.com\/#website","url":"https:\/\/www.anceathrupoili.com\/","name":"An Ceathr\u00fa P\u00f3il\u00ed","description":"Belfast&#039;s Irish Language Bookshop","publisher":{"@id":"https:\/\/www.anceathrupoili.com\/#organization"},"potentialAction":[{"@type":"SearchAction","target":{"@type":"EntryPoint","urlTemplate":"https:\/\/www.anceathrupoili.com\/?s={search_term_string}"},"query-input":{"@type":"PropertyValueSpecification","valueRequired":true,"valueName":"search_term_string"}}],"inLanguage":"ga-IE"},{"@type":"Organization","@id":"https:\/\/www.anceathrupoili.com\/#organization","name":"An Ceathr\u00fa P\u00f3il\u00ed","url":"https:\/\/www.anceathrupoili.com\/","logo":{"@type":"ImageObject","inLanguage":"ga-IE","@id":"https:\/\/www.anceathrupoili.com\/#\/schema\/logo\/image\/","url":"https:\/\/www.anceathrupoili.com\/wp-content\/uploads\/2024\/03\/Books-logo-names-01.svg","contentUrl":"https:\/\/www.anceathrupoili.com\/wp-content\/uploads\/2024\/03\/Books-logo-names-01.svg","width":1,"height":1,"caption":"An Ceathr\u00fa P\u00f3il\u00ed"},"image":{"@id":"https:\/\/www.anceathrupoili.com\/#\/schema\/logo\/image\/"}}]}},"_links":{"self":[{"href":"https:\/\/www.anceathrupoili.com\/ga\/wp-json\/wp\/v2\/pages\/31965","targetHints":{"allow":["GET"]}}],"collection":[{"href":"https:\/\/www.anceathrupoili.com\/ga\/wp-json\/wp\/v2\/pages"}],"about":[{"href":"https:\/\/www.anceathrupoili.com\/ga\/wp-json\/wp\/v2\/types\/page"}],"author":[{"embeddable":true,"href":"https:\/\/www.anceathrupoili.com\/ga\/wp-json\/wp\/v2\/users\/1"}],"replies":[{"embeddable":true,"href":"https:\/\/www.anceathrupoili.com\/ga\/wp-json\/wp\/v2\/comments?post=31965"}],"version-history":[{"count":0,"href":"https:\/\/www.anceathrupoili.com\/ga\/wp-json\/wp\/v2\/pages\/31965\/revisions"}],"up":[{"embeddable":true,"href":"https:\/\/www.anceathrupoili.com\/ga\/wp-json\/wp\/v2\/pages\/7491"}],"wp:featuredmedia":[{"embeddable":true,"href":"https:\/\/www.anceathrupoili.com\/ga\/wp-json\/wp\/v2\/media\/7353"}],"wp:attachment":[{"href":"https:\/\/www.anceathrupoili.com\/ga\/wp-json\/wp\/v2\/media?parent=31965"}],"curies":[{"name":"wp","href":"https:\/\/api.w.org\/{rel}","templated":true}]}}