{"id":7491,"date":"2024-03-01T23:49:47","date_gmt":"2024-03-01T23:49:47","guid":{"rendered":"http:\/\/www.anceathrupoili.com\/?page_id=7491"},"modified":"2024-03-21T11:50:31","modified_gmt":"2024-03-21T11:50:31","slug":"information","status":"publish","type":"page","link":"https:\/\/www.anceathrupoili.com\/ga\/information\/","title":{"rendered":"Eolas"},"content":{"rendered":"<img loading=\"lazy\" decoding=\"async\" src=\"http:\/\/www.anceathrupoili.com\/wp-content\/uploads\/2024\/03\/An-Ceathru-Poili.jpeg\" alt=\"An Ceathr\u00fa P\u00f3il\u00ed bookshop in Belfast\" itemprop=\"image\" height=\"510\" width=\"683\" title=\"An Ceathr\u00fa P\u00f3il\u00ed bookshop in Belfast\" onerror=\"this.style.display='none'\"  \/>\n<h2>\n\t\tF\u00fainn\n\t<\/h2>\n\t<p>Founded in 1983, An Ceathr\u00fa P\u00f3il\u00ed started during a boom of Irish learning in Belfast. We now stock over 3,000 titles in the shop.<\/p>\n\t\t\t<a href=\"http:\/\/www.anceathrupoili.com\/ga\/information\/about-us\/\" target=\"_self\" rel=\"noopener\">\n\t\t\t\t\t\t\tRead more\n\t\t\t<\/a>\n<h2>\n\t\tTabhair Cuairt\n\t<\/h2>\n\t<p>Our shop is open to visitors from home and around the world. Based in An Chult\u00farlann, you are welcome to browse our collection of books, crafts and gifts.<\/p>\n\t\t\t<a href=\"http:\/\/www.anceathrupoili.com\/ga\/information\/visit-the-bookshop\/\" target=\"_self\" rel=\"noopener\">\n\t\t\t\t\t\t\tRead more\n\t\t\t<\/a>\n\t\t\t\t<img loading=\"lazy\" decoding=\"async\" src=\"http:\/\/www.anceathrupoili.com\/wp-content\/uploads\/2024\/03\/Culturlann-McAdam-O-Fiaich-1024x730.jpeg\" alt=\"Cult\u00farlann McAdam \u00d3 Fiaich\" itemprop=\"image\" height=\"730\" width=\"1024\" title=\"Cultu\u0301rlann McAdam O\u0301 Fiaich\" onerror=\"this.style.display='none'\"  \/>\n\t\t\t\t<img loading=\"lazy\" decoding=\"async\" src=\"http:\/\/www.anceathrupoili.com\/wp-content\/uploads\/2024\/03\/Cookies-600x400.jpeg\" alt=\"Cookies\" itemprop=\"image\" height=\"400\" width=\"600\" title=\"Cookies\" onerror=\"this.style.display='none'\"  \/>\n<h2>\n\t\tPolicies &#038; Terms\n\t<\/h2>\n\t<p>Find important information regarding our privacy, cookie and refund policies, as well as instructions for returns (both in-shop and online).<\/p>\n\t\t\t<a href=\"http:\/\/www.anceathrupoili.com\/ga\/cookie-policy\/\" target=\"_self\" rel=\"noopener\">\n\t\t\t\t\t\t\tCookies\n\t\t\t<\/a>\n\t\t\t<a href=\"http:\/\/www.anceathrupoili.com\/ga\/privacy-policy\/\" target=\"_self\" rel=\"noopener\">\n\t\t\t\t\t\t\tPrivacy\n\t\t\t<\/a>\n\t\t\t<a href=\"http:\/\/www.anceathrupoili.com\/ga\/refund-returns\/\" target=\"_self\" rel=\"noopener\">\n\t\t\t\t\t\t\tReturns\n\t\t\t<\/a>\n<h2>\n\t\tAuthors, Artists &#038; Musicians\n\t<\/h2>\n\t<p>We work with publishers around Ireland and with independent authors, artists, craftspeople and musicians. If you would like to sell in An Ceathr\u00fa P\u00f3il\u00ed, please get in touch. For an idea of what we stock, see product categories at the bottom of this page.<\/p>\n\t\t\t\t<img loading=\"lazy\" decoding=\"async\" src=\"http:\/\/www.anceathrupoili.com\/wp-content\/uploads\/2024\/03\/hannah-olinger-8eSrC43qdro-unsplash.jpg\" alt=\"Independent author writing on a notepad\" itemprop=\"image\" height=\"959\" width=\"640\" title=\"hannah-olinger-8eSrC43qdro-unsplash\" onerror=\"this.style.display='none'\"  \/>\n\t\t\t\t<img loading=\"lazy\" decoding=\"async\" src=\"http:\/\/www.anceathrupoili.com\/wp-content\/uploads\/2024\/03\/Belfast-Bookshop-An-Ceathru-Poili-scaled-1-1024x683.jpeg\" alt=\"Bookshelves in independent bookshop &#039;An Ceathr\u00fa P\u00f3il\u00ed&#039; in Belfast\" itemprop=\"image\" height=\"683\" width=\"1024\" title=\"Bookshelves in independent bookshop &#039;An Ceathr\u00fa P\u00f3il\u00ed&#039; in Belfast\" onerror=\"this.style.display='none'\"  \/>\n<h2>\n\t\tD\u00e9an teagmh\u00e1il linn\n\t<\/h2>\n\t<p>We love to hear from readers and can also make suggestions if you are looking for ideas &#8211; just give us a few hints!<\/p>\n\t\t\t<a href=\"\" target=\"_self\" rel=\"noopener\">\n\t\t\t\t\t\t\tD\u00e9an teagmh\u00e1il linn\n\t\t\t<\/a>","protected":false},"excerpt":{"rendered":"<p>About us Founded in 1983, An Ceathr\u00fa P\u00f3il\u00ed started during a boom of Irish learning in Belfast. We now stock over 3,000 titles in the shop. Read more Visit the Shop Our shop is open to visitors from home and around the world. Based in An Chult\u00farlann, you are welcome to browse our collection of&hellip;<\/p>","protected":false},"author":1,"featured_media":0,"parent":0,"menu_order":0,"comment_status":"closed","ping_status":"closed","template":"","meta":{"_acf_changed":false,"_relevanssi_hide_post":"","_relevanssi_hide_content":"","_relevanssi_pin_for_all":"","_relevanssi_pin_keywords":"","_relevanssi_unpin_keywords":"","_relevanssi_related_keywords":"","_relevanssi_related_include_ids":"","_relevanssi_related_exclude_ids":"","_relevanssi_related_no_append":"","_relevanssi_related_not_related":"","_relevanssi_related_posts":"","_relevanssi_noindex_reason":"","footnotes":""},"class_list":["post-7491","page","type-page","status-publish","hentry"],"acf":[],"yoast_head":"<!-- This site is optimized with the Yoast SEO plugin v27.4 - https:\/\/yoast.com\/product\/yoast-seo-wordpress\/ -->\n<title>Information - An Ceathr\u00fa P\u00f3il\u00ed<\/title>\n<meta name=\"description\" content=\"About us  Founded in 1983, An Ceathr\u00fa P\u00f3il\u00ed started during a boom of Irish learning in Belfast. We now stock over 3,000 titles in the shop.      Read more    Visit the Shop  Our shop is open to visitors from home and around the world. Based in An Chult\u00farlann, you are welcome to browse our collection of books, crafts and gifts.      Read more         Policies &amp; Terms  Find important information regarding our privacy, cookie and refund policies, as well as instructions for returns (both in-shop and online).      Cookies        Privacy        Returns    Authors, Artists &amp; Musicians  We work with publishers around Ireland and with independent authors, artists, craftspeople and musicians. If you would like to sell in An Ceathr\u00fa P\u00f3il\u00ed, please get in touch. For an idea of what we stock, see product categories at the bottom of this page.       Contact us  We love to hear from readers and can also make suggestions if you are looking for ideas - just give us a few hints!      Contact us\" \/>\n<meta name=\"robots\" content=\"index, follow, max-snippet:-1, max-image-preview:large, max-video-preview:-1\" \/>\n<link rel=\"canonical\" href=\"https:\/\/www.anceathrupoili.com\/ga\/information\/\" \/>\n<meta property=\"og:locale\" content=\"ga_IE\" \/>\n<meta property=\"og:type\" content=\"article\" \/>\n<meta property=\"og:title\" content=\"Information - An Ceathr\u00fa P\u00f3il\u00ed\" \/>\n<meta property=\"og:description\" content=\"About us  Founded in 1983, An Ceathr\u00fa P\u00f3il\u00ed started during a boom of Irish learning in Belfast. We now stock over 3,000 titles in the shop.      Read more    Visit the Shop  Our shop is open to visitors from home and around the world. Based in An Chult\u00farlann, you are welcome to browse our collection of books, crafts and gifts.      Read more         Policies &amp; Terms  Find important information regarding our privacy, cookie and refund policies, as well as instructions for returns (both in-shop and online).      Cookies        Privacy        Returns    Authors, Artists &amp; Musicians  We work with publishers around Ireland and with independent authors, artists, craftspeople and musicians. If you would like to sell in An Ceathr\u00fa P\u00f3il\u00ed, please get in touch. For an idea of what we stock, see product categories at the bottom of this page.       Contact us  We love to hear from readers and can also make suggestions if you are looking for ideas - just give us a few hints!      Contact us\" \/>\n<meta property=\"og:url\" content=\"https:\/\/www.anceathrupoili.com\/ga\/information\/\" \/>\n<meta property=\"og:site_name\" content=\"An Ceathr\u00fa P\u00f3il\u00ed\" \/>\n<meta property=\"article:modified_time\" content=\"2024-03-21T11:50:31+00:00\" \/>\n<meta property=\"og:image\" content=\"http:\/\/www.anceathrupoili.com\/wp-content\/uploads\/2024\/03\/An-Ceathru-Poili.jpeg\" \/>\n<meta name=\"twitter:card\" content=\"summary_large_image\" \/>\n<meta name=\"twitter:label1\" content=\"Est. reading time\" \/>\n\t<meta name=\"twitter:data1\" content=\"1 minute\" \/>\n<script type=\"application\/ld+json\" class=\"yoast-schema-graph\">{\"@context\":\"https:\\\/\\\/schema.org\",\"@graph\":[{\"@type\":\"WebPage\",\"@id\":\"https:\\\/\\\/www.anceathrupoili.com\\\/ga\\\/information\\\/\",\"url\":\"https:\\\/\\\/www.anceathrupoili.com\\\/ga\\\/information\\\/\",\"name\":\"Information - An Ceathr\u00fa P\u00f3il\u00ed\",\"isPartOf\":{\"@id\":\"https:\\\/\\\/www.anceathrupoili.com\\\/#website\"},\"primaryImageOfPage\":{\"@id\":\"https:\\\/\\\/www.anceathrupoili.com\\\/ga\\\/information\\\/#primaryimage\"},\"image\":{\"@id\":\"https:\\\/\\\/www.anceathrupoili.com\\\/ga\\\/information\\\/#primaryimage\"},\"thumbnailUrl\":\"http:\\\/\\\/www.anceathrupoili.com\\\/wp-content\\\/uploads\\\/2024\\\/03\\\/An-Ceathru-Poili.jpeg\",\"datePublished\":\"2024-03-01T23:49:47+00:00\",\"dateModified\":\"2024-03-21T11:50:31+00:00\",\"description\":\"About us Founded in 1983, An Ceathr\u00fa P\u00f3il\u00ed started during a boom of Irish learning in Belfast. We now stock over 3,000 titles in the shop. Read more Visit the Shop Our shop is open to visitors from home and around the world. Based in An Chult\u00farlann, you are welcome to browse our collection of books, crafts and gifts. Read more Policies & Terms Find important information regarding our privacy, cookie and refund policies, as well as instructions for returns (both in-shop and online). Cookies Privacy Returns Authors, Artists & Musicians We work with publishers around Ireland and with independent authors, artists, craftspeople and musicians. If you would like to sell in An Ceathr\u00fa P\u00f3il\u00ed, please get in touch. For an idea of what we stock, see product categories at the bottom of this page. Contact us We love to hear from readers and can also make suggestions if you are looking for ideas - just give us a few hints! Contact us\",\"breadcrumb\":{\"@id\":\"https:\\\/\\\/www.anceathrupoili.com\\\/ga\\\/information\\\/#breadcrumb\"},\"inLanguage\":\"ga-IE\",\"potentialAction\":[{\"@type\":\"ReadAction\",\"target\":[\"https:\\\/\\\/www.anceathrupoili.com\\\/ga\\\/information\\\/\"]}]},{\"@type\":\"ImageObject\",\"inLanguage\":\"ga-IE\",\"@id\":\"https:\\\/\\\/www.anceathrupoili.com\\\/ga\\\/information\\\/#primaryimage\",\"url\":\"http:\\\/\\\/www.anceathrupoili.com\\\/wp-content\\\/uploads\\\/2024\\\/03\\\/An-Ceathru-Poili.jpeg\",\"contentUrl\":\"http:\\\/\\\/www.anceathrupoili.com\\\/wp-content\\\/uploads\\\/2024\\\/03\\\/An-Ceathru-Poili.jpeg\"},{\"@type\":\"BreadcrumbList\",\"@id\":\"https:\\\/\\\/www.anceathrupoili.com\\\/ga\\\/information\\\/#breadcrumb\",\"itemListElement\":[{\"@type\":\"ListItem\",\"position\":1,\"name\":\"Home\",\"item\":\"https:\\\/\\\/www.anceathrupoili.com\\\/\"},{\"@type\":\"ListItem\",\"position\":2,\"name\":\"Information\"}]},{\"@type\":\"WebSite\",\"@id\":\"https:\\\/\\\/www.anceathrupoili.com\\\/#website\",\"url\":\"https:\\\/\\\/www.anceathrupoili.com\\\/\",\"name\":\"An Ceathr\u00fa P\u00f3il\u00ed\",\"description\":\"Belfast&#039;s Irish Language Bookshop\",\"publisher\":{\"@id\":\"https:\\\/\\\/www.anceathrupoili.com\\\/#organization\"},\"potentialAction\":[{\"@type\":\"SearchAction\",\"target\":{\"@type\":\"EntryPoint\",\"urlTemplate\":\"https:\\\/\\\/www.anceathrupoili.com\\\/?s={search_term_string}\"},\"query-input\":{\"@type\":\"PropertyValueSpecification\",\"valueRequired\":true,\"valueName\":\"search_term_string\"}}],\"inLanguage\":\"ga-IE\"},{\"@type\":\"Organization\",\"@id\":\"https:\\\/\\\/www.anceathrupoili.com\\\/#organization\",\"name\":\"An Ceathr\u00fa P\u00f3il\u00ed\",\"url\":\"https:\\\/\\\/www.anceathrupoili.com\\\/\",\"logo\":{\"@type\":\"ImageObject\",\"inLanguage\":\"ga-IE\",\"@id\":\"https:\\\/\\\/www.anceathrupoili.com\\\/#\\\/schema\\\/logo\\\/image\\\/\",\"url\":\"https:\\\/\\\/www.anceathrupoili.com\\\/wp-content\\\/uploads\\\/2024\\\/03\\\/Books-logo-names-01.svg\",\"contentUrl\":\"https:\\\/\\\/www.anceathrupoili.com\\\/wp-content\\\/uploads\\\/2024\\\/03\\\/Books-logo-names-01.svg\",\"width\":1,\"height\":1,\"caption\":\"An Ceathr\u00fa P\u00f3il\u00ed\"},\"image\":{\"@id\":\"https:\\\/\\\/www.anceathrupoili.com\\\/#\\\/schema\\\/logo\\\/image\\\/\"}}]}<\/script>\n<!-- \/ Yoast SEO plugin. -->","yoast_head_json":{"title":"Information - An Ceathr\u00fa P\u00f3il\u00ed","description":"About us  Founded in 1983, An Ceathr\u00fa P\u00f3il\u00ed started during a boom of Irish learning in Belfast. We now stock over 3,000 titles in the shop.      Read more    Visit the Shop  Our shop is open to visitors from home and around the world. Based in An Chult\u00farlann, you are welcome to browse our collection of books, crafts and gifts.      Read more         Policies & Terms  Find important information regarding our privacy, cookie and refund policies, as well as instructions for returns (both in-shop and online).      Cookies        Privacy        Returns    Authors, Artists & Musicians  We work with publishers around Ireland and with independent authors, artists, craftspeople and musicians. If you would like to sell in An Ceathr\u00fa P\u00f3il\u00ed, please get in touch. For an idea of what we stock, see product categories at the bottom of this page.       Contact us  We love to hear from readers and can also make suggestions if you are looking for ideas - just give us a few hints!      Contact us","robots":{"index":"index","follow":"follow","max-snippet":"max-snippet:-1","max-image-preview":"max-image-preview:large","max-video-preview":"max-video-preview:-1"},"canonical":"https:\/\/www.anceathrupoili.com\/ga\/information\/","og_locale":"ga_IE","og_type":"article","og_title":"Information - An Ceathr\u00fa P\u00f3il\u00ed","og_description":"About us  Founded in 1983, An Ceathr\u00fa P\u00f3il\u00ed started during a boom of Irish learning in Belfast. We now stock over 3,000 titles in the shop.      Read more    Visit the Shop  Our shop is open to visitors from home and around the world. Based in An Chult\u00farlann, you are welcome to browse our collection of books, crafts and gifts.      Read more         Policies & Terms  Find important information regarding our privacy, cookie and refund policies, as well as instructions for returns (both in-shop and online).      Cookies        Privacy        Returns    Authors, Artists & Musicians  We work with publishers around Ireland and with independent authors, artists, craftspeople and musicians. If you would like to sell in An Ceathr\u00fa P\u00f3il\u00ed, please get in touch. For an idea of what we stock, see product categories at the bottom of this page.       Contact us  We love to hear from readers and can also make suggestions if you are looking for ideas - just give us a few hints!      Contact us","og_url":"https:\/\/www.anceathrupoili.com\/ga\/information\/","og_site_name":"An Ceathr\u00fa P\u00f3il\u00ed","article_modified_time":"2024-03-21T11:50:31+00:00","og_image":[{"url":"http:\/\/www.anceathrupoili.com\/wp-content\/uploads\/2024\/03\/An-Ceathru-Poili.jpeg","type":"","width":"","height":""}],"twitter_card":"summary_large_image","twitter_misc":{"Est. reading time":"1 minute"},"schema":{"@context":"https:\/\/schema.org","@graph":[{"@type":"WebPage","@id":"https:\/\/www.anceathrupoili.com\/ga\/information\/","url":"https:\/\/www.anceathrupoili.com\/ga\/information\/","name":"Information - An Ceathr\u00fa P\u00f3il\u00ed","isPartOf":{"@id":"https:\/\/www.anceathrupoili.com\/#website"},"primaryImageOfPage":{"@id":"https:\/\/www.anceathrupoili.com\/ga\/information\/#primaryimage"},"image":{"@id":"https:\/\/www.anceathrupoili.com\/ga\/information\/#primaryimage"},"thumbnailUrl":"http:\/\/www.anceathrupoili.com\/wp-content\/uploads\/2024\/03\/An-Ceathru-Poili.jpeg","datePublished":"2024-03-01T23:49:47+00:00","dateModified":"2024-03-21T11:50:31+00:00","description":"About us Founded in 1983, An Ceathr\u00fa P\u00f3il\u00ed started during a boom of Irish learning in Belfast. We now stock over 3,000 titles in the shop. Read more Visit the Shop Our shop is open to visitors from home and around the world. Based in An Chult\u00farlann, you are welcome to browse our collection of books, crafts and gifts. Read more Policies & Terms Find important information regarding our privacy, cookie and refund policies, as well as instructions for returns (both in-shop and online). Cookies Privacy Returns Authors, Artists & Musicians We work with publishers around Ireland and with independent authors, artists, craftspeople and musicians. If you would like to sell in An Ceathr\u00fa P\u00f3il\u00ed, please get in touch. For an idea of what we stock, see product categories at the bottom of this page. Contact us We love to hear from readers and can also make suggestions if you are looking for ideas - just give us a few hints! Contact us","breadcrumb":{"@id":"https:\/\/www.anceathrupoili.com\/ga\/information\/#breadcrumb"},"inLanguage":"ga-IE","potentialAction":[{"@type":"ReadAction","target":["https:\/\/www.anceathrupoili.com\/ga\/information\/"]}]},{"@type":"ImageObject","inLanguage":"ga-IE","@id":"https:\/\/www.anceathrupoili.com\/ga\/information\/#primaryimage","url":"http:\/\/www.anceathrupoili.com\/wp-content\/uploads\/2024\/03\/An-Ceathru-Poili.jpeg","contentUrl":"http:\/\/www.anceathrupoili.com\/wp-content\/uploads\/2024\/03\/An-Ceathru-Poili.jpeg"},{"@type":"BreadcrumbList","@id":"https:\/\/www.anceathrupoili.com\/ga\/information\/#breadcrumb","itemListElement":[{"@type":"ListItem","position":1,"name":"Home","item":"https:\/\/www.anceathrupoili.com\/"},{"@type":"ListItem","position":2,"name":"Information"}]},{"@type":"WebSite","@id":"https:\/\/www.anceathrupoili.com\/#website","url":"https:\/\/www.anceathrupoili.com\/","name":"An Ceathr\u00fa P\u00f3il\u00ed","description":"Belfast&#039;s Irish Language Bookshop","publisher":{"@id":"https:\/\/www.anceathrupoili.com\/#organization"},"potentialAction":[{"@type":"SearchAction","target":{"@type":"EntryPoint","urlTemplate":"https:\/\/www.anceathrupoili.com\/?s={search_term_string}"},"query-input":{"@type":"PropertyValueSpecification","valueRequired":true,"valueName":"search_term_string"}}],"inLanguage":"ga-IE"},{"@type":"Organization","@id":"https:\/\/www.anceathrupoili.com\/#organization","name":"An Ceathr\u00fa P\u00f3il\u00ed","url":"https:\/\/www.anceathrupoili.com\/","logo":{"@type":"ImageObject","inLanguage":"ga-IE","@id":"https:\/\/www.anceathrupoili.com\/#\/schema\/logo\/image\/","url":"https:\/\/www.anceathrupoili.com\/wp-content\/uploads\/2024\/03\/Books-logo-names-01.svg","contentUrl":"https:\/\/www.anceathrupoili.com\/wp-content\/uploads\/2024\/03\/Books-logo-names-01.svg","width":1,"height":1,"caption":"An Ceathr\u00fa P\u00f3il\u00ed"},"image":{"@id":"https:\/\/www.anceathrupoili.com\/#\/schema\/logo\/image\/"}}]}},"_links":{"self":[{"href":"https:\/\/www.anceathrupoili.com\/ga\/wp-json\/wp\/v2\/pages\/7491","targetHints":{"allow":["GET"]}}],"collection":[{"href":"https:\/\/www.anceathrupoili.com\/ga\/wp-json\/wp\/v2\/pages"}],"about":[{"href":"https:\/\/www.anceathrupoili.com\/ga\/wp-json\/wp\/v2\/types\/page"}],"author":[{"embeddable":true,"href":"https:\/\/www.anceathrupoili.com\/ga\/wp-json\/wp\/v2\/users\/1"}],"replies":[{"embeddable":true,"href":"https:\/\/www.anceathrupoili.com\/ga\/wp-json\/wp\/v2\/comments?post=7491"}],"version-history":[{"count":0,"href":"https:\/\/www.anceathrupoili.com\/ga\/wp-json\/wp\/v2\/pages\/7491\/revisions"}],"wp:attachment":[{"href":"https:\/\/www.anceathrupoili.com\/ga\/wp-json\/wp\/v2\/media?parent=7491"}],"curies":[{"name":"wp","href":"https:\/\/api.w.org\/{rel}","templated":true}]}}