{"id":2045,"date":"2021-03-20T13:49:52","date_gmt":"2021-03-20T13:49:52","guid":{"rendered":"http:\/\/www.anceathrupoili.com\/?post_type=product&#038;p=2045"},"modified":"2025-07-13T17:29:49","modified_gmt":"2025-07-13T16:29:49","slug":"bi-ag-spraoi-liom","status":"publish","type":"product","link":"https:\/\/www.anceathrupoili.com\/ga\/shop\/bi-ag-spraoi-liom\/","title":{"rendered":"B\u00ed ag spraoi liom!"},"content":{"rendered":"<p>T\u00e1 L\u00fana ag iarraidh dul ag taisteal le Mama\u00ed in Meais\u00edn Ama nua &#8211; ach t\u00e1 Mama\u00ed an-ghn\u00f3thach. \u00a0An f\u00e9idir le L\u00fana \u00ed a mhealladh le p\u00e1irt a ghlacadh sa spraoi?<\/p>","protected":false},"excerpt":{"rendered":"<p>T\u00e1 L\u00fana ag iarraidh dul ag taisteal le Mama\u00ed in Meais\u00edn Ama nua &#8211; ach t\u00e1 Mama\u00ed an-ghn\u00f3thach. \u00a0An f\u00e9idir le L\u00fana \u00ed a mhealladh le p\u00e1irt a ghlacadh sa spraoi?<\/p>","protected":false},"featured_media":5792,"comment_status":"open","ping_status":"closed","template":"","meta":{"_acf_changed":false,"_relevanssi_hide_post":"","_relevanssi_hide_content":"","_relevanssi_pin_for_all":"","_relevanssi_pin_keywords":"","_relevanssi_unpin_keywords":"","_relevanssi_related_keywords":"","_relevanssi_related_include_ids":"","_relevanssi_related_exclude_ids":"","_relevanssi_related_no_append":"","_relevanssi_related_not_related":"","_relevanssi_related_posts":"841,3094,502,833,834,835","_relevanssi_noindex_reason":""},"product_brand":[],"product_cat":[247],"product_tag":[248],"class_list":{"0":"post-2045","1":"product","2":"type-product","3":"status-publish","4":"has-post-thumbnail","6":"product_cat-young-people","7":"product_tag-children-irish","8":"pa_authors-sadhbh-devlin","9":"pa_authors-tarsila-kruse","11":"first","12":"instock","13":"taxable","14":"shipping-taxable","15":"purchasable","16":"product-type-simple"},"acf":[],"yoast_head":"<!-- This site is optimized with the Yoast SEO plugin v27.4 - https:\/\/yoast.com\/product\/yoast-seo-wordpress\/ -->\n<title>B\u00ed ag spraoi liom! - An Ceathr\u00fa P\u00f3il\u00ed<\/title>\n<meta name=\"description\" content=\"Order B\u00ed ag spraoi liom! by Sadhbh Devlin, Tarsila Kruse from our Young People shelves. The siopa leabhar ships worldwide! T\u00e1 L\u00fana ag iarraidh dul ag taisteal le Mama\u00ed in Meais\u00edn Ama nua - ach t\u00e1 Mama\u00ed an-ghn\u00f3thach. \u00a0An f\u00e9idir le L\u00fana \u00ed a mhealladh le p\u00e1irt a ghlacadh sa spraoi?\" \/>\n<meta name=\"robots\" content=\"index, follow, max-snippet:-1, max-image-preview:large, max-video-preview:-1\" \/>\n<link rel=\"canonical\" href=\"https:\/\/www.anceathrupoili.com\/ga\/shop\/bi-ag-spraoi-liom\/\" \/>\n<meta property=\"og:locale\" content=\"ga_IE\" \/>\n<meta property=\"og:type\" content=\"article\" \/>\n<meta property=\"og:title\" content=\"B\u00ed ag spraoi liom! - An Ceathr\u00fa P\u00f3il\u00ed\" \/>\n<meta property=\"og:description\" content=\"Order B\u00ed ag spraoi liom! by Sadhbh Devlin, Tarsila Kruse from our Young People shelves. The siopa leabhar ships worldwide! T\u00e1 L\u00fana ag iarraidh dul ag taisteal le Mama\u00ed in Meais\u00edn Ama nua - ach t\u00e1 Mama\u00ed an-ghn\u00f3thach. \u00a0An f\u00e9idir le L\u00fana \u00ed a mhealladh le p\u00e1irt a ghlacadh sa spraoi?\" \/>\n<meta property=\"og:url\" content=\"https:\/\/www.anceathrupoili.com\/ga\/shop\/bi-ag-spraoi-liom\/\" \/>\n<meta property=\"og:site_name\" content=\"An Ceathr\u00fa P\u00f3il\u00ed\" \/>\n<meta property=\"article:modified_time\" content=\"2025-07-13T16:29:49+00:00\" \/>\n<meta property=\"og:image\" content=\"https:\/\/www.anceathrupoili.com\/wp-content\/uploads\/2024\/02\/26054.jpg\" \/>\n\t<meta property=\"og:image:width\" content=\"270\" \/>\n\t<meta property=\"og:image:height\" content=\"405\" \/>\n\t<meta property=\"og:image:type\" content=\"image\/jpeg\" \/>\n<meta name=\"twitter:card\" content=\"summary_large_image\" \/>\n<script type=\"application\/ld+json\" class=\"yoast-schema-graph\">{\"@context\":\"https:\\\/\\\/schema.org\",\"@graph\":[{\"@type\":\"WebPage\",\"@id\":\"https:\\\/\\\/www.anceathrupoili.com\\\/shop\\\/bi-ag-spraoi-liom\\\/\",\"url\":\"https:\\\/\\\/www.anceathrupoili.com\\\/shop\\\/bi-ag-spraoi-liom\\\/\",\"name\":\"B\u00ed ag spraoi liom! - An Ceathr\u00fa P\u00f3il\u00ed\",\"isPartOf\":{\"@id\":\"https:\\\/\\\/www.anceathrupoili.com\\\/#website\"},\"primaryImageOfPage\":{\"@id\":\"https:\\\/\\\/www.anceathrupoili.com\\\/shop\\\/bi-ag-spraoi-liom\\\/#primaryimage\"},\"image\":{\"@id\":\"https:\\\/\\\/www.anceathrupoili.com\\\/shop\\\/bi-ag-spraoi-liom\\\/#primaryimage\"},\"thumbnailUrl\":\"https:\\\/\\\/www.anceathrupoili.com\\\/wp-content\\\/uploads\\\/2024\\\/02\\\/26054.jpg\",\"datePublished\":\"2021-03-20T13:49:52+00:00\",\"dateModified\":\"2025-07-13T16:29:49+00:00\",\"description\":\"Order B\u00ed ag spraoi liom! by Sadhbh Devlin, Tarsila Kruse from our Young People shelves. The siopa leabhar ships worldwide! T\u00e1 L\u00fana ag iarraidh dul ag taisteal le Mama\u00ed in Meais\u00edn Ama nua - ach t\u00e1 Mama\u00ed an-ghn\u00f3thach. \u00a0An f\u00e9idir le L\u00fana \u00ed a mhealladh le p\u00e1irt a ghlacadh sa spraoi?\",\"breadcrumb\":{\"@id\":\"https:\\\/\\\/www.anceathrupoili.com\\\/shop\\\/bi-ag-spraoi-liom\\\/#breadcrumb\"},\"inLanguage\":\"ga-IE\",\"potentialAction\":[{\"@type\":\"ReadAction\",\"target\":[\"https:\\\/\\\/www.anceathrupoili.com\\\/shop\\\/bi-ag-spraoi-liom\\\/\"]}]},{\"@type\":\"ImageObject\",\"inLanguage\":\"ga-IE\",\"@id\":\"https:\\\/\\\/www.anceathrupoili.com\\\/shop\\\/bi-ag-spraoi-liom\\\/#primaryimage\",\"url\":\"https:\\\/\\\/www.anceathrupoili.com\\\/wp-content\\\/uploads\\\/2024\\\/02\\\/26054.jpg\",\"contentUrl\":\"https:\\\/\\\/www.anceathrupoili.com\\\/wp-content\\\/uploads\\\/2024\\\/02\\\/26054.jpg\",\"width\":270,\"height\":405},{\"@type\":\"BreadcrumbList\",\"@id\":\"https:\\\/\\\/www.anceathrupoili.com\\\/shop\\\/bi-ag-spraoi-liom\\\/#breadcrumb\",\"itemListElement\":[{\"@type\":\"ListItem\",\"position\":1,\"name\":\"Home\",\"item\":\"https:\\\/\\\/www.anceathrupoili.com\\\/\"},{\"@type\":\"ListItem\",\"position\":2,\"name\":\"Shop\",\"item\":\"https:\\\/\\\/www.anceathrupoili.com\\\/shop\\\/\"},{\"@type\":\"ListItem\",\"position\":3,\"name\":\"B\u00ed ag spraoi liom!\"}]},{\"@type\":\"WebSite\",\"@id\":\"https:\\\/\\\/www.anceathrupoili.com\\\/#website\",\"url\":\"https:\\\/\\\/www.anceathrupoili.com\\\/\",\"name\":\"An Ceathr\u00fa P\u00f3il\u00ed\",\"description\":\"Belfast&#039;s Irish Language Bookshop\",\"publisher\":{\"@id\":\"https:\\\/\\\/www.anceathrupoili.com\\\/#organization\"},\"potentialAction\":[{\"@type\":\"SearchAction\",\"target\":{\"@type\":\"EntryPoint\",\"urlTemplate\":\"https:\\\/\\\/www.anceathrupoili.com\\\/?s={search_term_string}\"},\"query-input\":{\"@type\":\"PropertyValueSpecification\",\"valueRequired\":true,\"valueName\":\"search_term_string\"}}],\"inLanguage\":\"ga-IE\"},{\"@type\":\"Organization\",\"@id\":\"https:\\\/\\\/www.anceathrupoili.com\\\/#organization\",\"name\":\"An Ceathr\u00fa P\u00f3il\u00ed\",\"url\":\"https:\\\/\\\/www.anceathrupoili.com\\\/\",\"logo\":{\"@type\":\"ImageObject\",\"inLanguage\":\"ga-IE\",\"@id\":\"https:\\\/\\\/www.anceathrupoili.com\\\/#\\\/schema\\\/logo\\\/image\\\/\",\"url\":\"https:\\\/\\\/www.anceathrupoili.com\\\/wp-content\\\/uploads\\\/2024\\\/03\\\/Books-logo-names-01.svg\",\"contentUrl\":\"https:\\\/\\\/www.anceathrupoili.com\\\/wp-content\\\/uploads\\\/2024\\\/03\\\/Books-logo-names-01.svg\",\"width\":1,\"height\":1,\"caption\":\"An Ceathr\u00fa P\u00f3il\u00ed\"},\"image\":{\"@id\":\"https:\\\/\\\/www.anceathrupoili.com\\\/#\\\/schema\\\/logo\\\/image\\\/\"}}]}<\/script>\n<!-- \/ Yoast SEO plugin. -->","yoast_head_json":{"title":"B\u00ed ag spraoi liom! - An Ceathr\u00fa P\u00f3il\u00ed","description":"Order B\u00ed ag spraoi liom! by Sadhbh Devlin, Tarsila Kruse from our Young People shelves. The siopa leabhar ships worldwide! T\u00e1 L\u00fana ag iarraidh dul ag taisteal le Mama\u00ed in Meais\u00edn Ama nua - ach t\u00e1 Mama\u00ed an-ghn\u00f3thach. \u00a0An f\u00e9idir le L\u00fana \u00ed a mhealladh le p\u00e1irt a ghlacadh sa spraoi?","robots":{"index":"index","follow":"follow","max-snippet":"max-snippet:-1","max-image-preview":"max-image-preview:large","max-video-preview":"max-video-preview:-1"},"canonical":"https:\/\/www.anceathrupoili.com\/ga\/shop\/bi-ag-spraoi-liom\/","og_locale":"ga_IE","og_type":"article","og_title":"B\u00ed ag spraoi liom! - An Ceathr\u00fa P\u00f3il\u00ed","og_description":"Order B\u00ed ag spraoi liom! by Sadhbh Devlin, Tarsila Kruse from our Young People shelves. The siopa leabhar ships worldwide! T\u00e1 L\u00fana ag iarraidh dul ag taisteal le Mama\u00ed in Meais\u00edn Ama nua - ach t\u00e1 Mama\u00ed an-ghn\u00f3thach. \u00a0An f\u00e9idir le L\u00fana \u00ed a mhealladh le p\u00e1irt a ghlacadh sa spraoi?","og_url":"https:\/\/www.anceathrupoili.com\/ga\/shop\/bi-ag-spraoi-liom\/","og_site_name":"An Ceathr\u00fa P\u00f3il\u00ed","article_modified_time":"2025-07-13T16:29:49+00:00","og_image":[{"width":270,"height":405,"url":"https:\/\/www.anceathrupoili.com\/wp-content\/uploads\/2024\/02\/26054.jpg","type":"image\/jpeg"}],"twitter_card":"summary_large_image","schema":{"@context":"https:\/\/schema.org","@graph":[{"@type":"WebPage","@id":"https:\/\/www.anceathrupoili.com\/shop\/bi-ag-spraoi-liom\/","url":"https:\/\/www.anceathrupoili.com\/shop\/bi-ag-spraoi-liom\/","name":"B\u00ed ag spraoi liom! - An Ceathr\u00fa P\u00f3il\u00ed","isPartOf":{"@id":"https:\/\/www.anceathrupoili.com\/#website"},"primaryImageOfPage":{"@id":"https:\/\/www.anceathrupoili.com\/shop\/bi-ag-spraoi-liom\/#primaryimage"},"image":{"@id":"https:\/\/www.anceathrupoili.com\/shop\/bi-ag-spraoi-liom\/#primaryimage"},"thumbnailUrl":"https:\/\/www.anceathrupoili.com\/wp-content\/uploads\/2024\/02\/26054.jpg","datePublished":"2021-03-20T13:49:52+00:00","dateModified":"2025-07-13T16:29:49+00:00","description":"Order B\u00ed ag spraoi liom! by Sadhbh Devlin, Tarsila Kruse from our Young People shelves. The siopa leabhar ships worldwide! T\u00e1 L\u00fana ag iarraidh dul ag taisteal le Mama\u00ed in Meais\u00edn Ama nua - ach t\u00e1 Mama\u00ed an-ghn\u00f3thach. \u00a0An f\u00e9idir le L\u00fana \u00ed a mhealladh le p\u00e1irt a ghlacadh sa spraoi?","breadcrumb":{"@id":"https:\/\/www.anceathrupoili.com\/shop\/bi-ag-spraoi-liom\/#breadcrumb"},"inLanguage":"ga-IE","potentialAction":[{"@type":"ReadAction","target":["https:\/\/www.anceathrupoili.com\/shop\/bi-ag-spraoi-liom\/"]}]},{"@type":"ImageObject","inLanguage":"ga-IE","@id":"https:\/\/www.anceathrupoili.com\/shop\/bi-ag-spraoi-liom\/#primaryimage","url":"https:\/\/www.anceathrupoili.com\/wp-content\/uploads\/2024\/02\/26054.jpg","contentUrl":"https:\/\/www.anceathrupoili.com\/wp-content\/uploads\/2024\/02\/26054.jpg","width":270,"height":405},{"@type":"BreadcrumbList","@id":"https:\/\/www.anceathrupoili.com\/shop\/bi-ag-spraoi-liom\/#breadcrumb","itemListElement":[{"@type":"ListItem","position":1,"name":"Home","item":"https:\/\/www.anceathrupoili.com\/"},{"@type":"ListItem","position":2,"name":"Shop","item":"https:\/\/www.anceathrupoili.com\/shop\/"},{"@type":"ListItem","position":3,"name":"B\u00ed ag spraoi liom!"}]},{"@type":"WebSite","@id":"https:\/\/www.anceathrupoili.com\/#website","url":"https:\/\/www.anceathrupoili.com\/","name":"An Ceathr\u00fa P\u00f3il\u00ed","description":"Belfast&#039;s Irish Language Bookshop","publisher":{"@id":"https:\/\/www.anceathrupoili.com\/#organization"},"potentialAction":[{"@type":"SearchAction","target":{"@type":"EntryPoint","urlTemplate":"https:\/\/www.anceathrupoili.com\/?s={search_term_string}"},"query-input":{"@type":"PropertyValueSpecification","valueRequired":true,"valueName":"search_term_string"}}],"inLanguage":"ga-IE"},{"@type":"Organization","@id":"https:\/\/www.anceathrupoili.com\/#organization","name":"An Ceathr\u00fa P\u00f3il\u00ed","url":"https:\/\/www.anceathrupoili.com\/","logo":{"@type":"ImageObject","inLanguage":"ga-IE","@id":"https:\/\/www.anceathrupoili.com\/#\/schema\/logo\/image\/","url":"https:\/\/www.anceathrupoili.com\/wp-content\/uploads\/2024\/03\/Books-logo-names-01.svg","contentUrl":"https:\/\/www.anceathrupoili.com\/wp-content\/uploads\/2024\/03\/Books-logo-names-01.svg","width":1,"height":1,"caption":"An Ceathr\u00fa P\u00f3il\u00ed"},"image":{"@id":"https:\/\/www.anceathrupoili.com\/#\/schema\/logo\/image\/"}}]}},"_links":{"self":[{"href":"https:\/\/www.anceathrupoili.com\/ga\/wp-json\/wp\/v2\/product\/2045","targetHints":{"allow":["GET"]}}],"collection":[{"href":"https:\/\/www.anceathrupoili.com\/ga\/wp-json\/wp\/v2\/product"}],"about":[{"href":"https:\/\/www.anceathrupoili.com\/ga\/wp-json\/wp\/v2\/types\/product"}],"replies":[{"embeddable":true,"href":"https:\/\/www.anceathrupoili.com\/ga\/wp-json\/wp\/v2\/comments?post=2045"}],"wp:featuredmedia":[{"embeddable":true,"href":"https:\/\/www.anceathrupoili.com\/ga\/wp-json\/wp\/v2\/media\/5792"}],"wp:attachment":[{"href":"https:\/\/www.anceathrupoili.com\/ga\/wp-json\/wp\/v2\/media?parent=2045"}],"wp:term":[{"taxonomy":"product_brand","embeddable":true,"href":"https:\/\/www.anceathrupoili.com\/ga\/wp-json\/wp\/v2\/product_brand?post=2045"},{"taxonomy":"product_cat","embeddable":true,"href":"https:\/\/www.anceathrupoili.com\/ga\/wp-json\/wp\/v2\/product_cat?post=2045"},{"taxonomy":"product_tag","embeddable":true,"href":"https:\/\/www.anceathrupoili.com\/ga\/wp-json\/wp\/v2\/product_tag?post=2045"}],"curies":[{"name":"wp","href":"https:\/\/api.w.org\/{rel}","templated":true}]}}