{"id":2365,"date":"2021-03-20T13:43:27","date_gmt":"2021-03-20T13:43:27","guid":{"rendered":"http:\/\/www.anceathrupoili.com\/?post_type=product&#038;p=2365"},"modified":"2026-04-13T14:45:11","modified_gmt":"2026-04-13T13:45:11","slug":"osamaobama-o-a-mhama","status":"publish","type":"product","link":"https:\/\/www.anceathrupoili.com\/ga\/shop\/osamaobama-o-a-mhama\/","title":{"rendered":"Osama, Obama, \u00d3, a Mhama!"},"content":{"rendered":"","protected":false},"excerpt":{"rendered":"","protected":false},"featured_media":5482,"comment_status":"open","ping_status":"closed","template":"","meta":{"_acf_changed":false,"_relevanssi_hide_post":"","_relevanssi_hide_content":"","_relevanssi_pin_for_all":"","_relevanssi_pin_keywords":"","_relevanssi_unpin_keywords":"","_relevanssi_related_keywords":"","_relevanssi_related_include_ids":"","_relevanssi_related_exclude_ids":"","_relevanssi_related_no_append":"","_relevanssi_related_not_related":"","_relevanssi_related_posts":"126,149,154,156,157,158","_relevanssi_noindex_reason":""},"product_brand":[],"product_cat":[2581],"product_tag":[],"class_list":{"0":"post-2365","1":"product","2":"type-product","3":"status-publish","4":"has-post-thumbnail","6":"product_cat-teenagers","7":"pa_authors-re-o-laighleis","9":"first","10":"instock","11":"taxable","12":"shipping-taxable","13":"purchasable","14":"product-type-simple"},"acf":[],"yoast_head":"<!-- This site is optimized with the Yoast SEO plugin v27.4 - https:\/\/yoast.com\/product\/yoast-seo-wordpress\/ -->\n<title>Osama, Obama, \u00d3, a Mhama! - An Ceathr\u00fa P\u00f3il\u00ed<\/title>\n<meta name=\"description\" content=\"Order Osama, Obama, \u00d3, a Mhama! by R\u00e9 \u00d3 Laighl\u00e9is from our Teenagers shelves. The siopa leabhar ships worldwide!\" \/>\n<meta name=\"robots\" content=\"index, follow, max-snippet:-1, max-image-preview:large, max-video-preview:-1\" \/>\n<link rel=\"canonical\" href=\"https:\/\/www.anceathrupoili.com\/ga\/shop\/osamaobama-o-a-mhama\/\" \/>\n<meta property=\"og:locale\" content=\"ga_IE\" \/>\n<meta property=\"og:type\" content=\"article\" \/>\n<meta property=\"og:title\" content=\"Osama, Obama, \u00d3, a Mhama! - An Ceathr\u00fa P\u00f3il\u00ed\" \/>\n<meta property=\"og:description\" content=\"Order Osama, Obama, \u00d3, a Mhama! by R\u00e9 \u00d3 Laighl\u00e9is from our Teenagers shelves. The siopa leabhar ships worldwide!\" \/>\n<meta property=\"og:url\" content=\"https:\/\/www.anceathrupoili.com\/ga\/shop\/osamaobama-o-a-mhama\/\" \/>\n<meta property=\"og:site_name\" content=\"An Ceathr\u00fa P\u00f3il\u00ed\" \/>\n<meta property=\"article:modified_time\" content=\"2026-04-13T13:45:11+00:00\" \/>\n<meta property=\"og:image\" content=\"https:\/\/www.anceathrupoili.com\/wp-content\/uploads\/2024\/02\/18207.jpg\" \/>\n\t<meta property=\"og:image:width\" content=\"200\" \/>\n\t<meta property=\"og:image:height\" content=\"280\" \/>\n\t<meta property=\"og:image:type\" content=\"image\/jpeg\" \/>\n<meta name=\"twitter:card\" content=\"summary_large_image\" \/>\n<script type=\"application\/ld+json\" class=\"yoast-schema-graph\">{\"@context\":\"https:\\\/\\\/schema.org\",\"@graph\":[{\"@type\":\"WebPage\",\"@id\":\"https:\\\/\\\/www.anceathrupoili.com\\\/shop\\\/osamaobama-o-a-mhama\\\/\",\"url\":\"https:\\\/\\\/www.anceathrupoili.com\\\/shop\\\/osamaobama-o-a-mhama\\\/\",\"name\":\"Osama, Obama, \u00d3, a Mhama! - An Ceathr\u00fa P\u00f3il\u00ed\",\"isPartOf\":{\"@id\":\"https:\\\/\\\/www.anceathrupoili.com\\\/#website\"},\"primaryImageOfPage\":{\"@id\":\"https:\\\/\\\/www.anceathrupoili.com\\\/shop\\\/osamaobama-o-a-mhama\\\/#primaryimage\"},\"image\":{\"@id\":\"https:\\\/\\\/www.anceathrupoili.com\\\/shop\\\/osamaobama-o-a-mhama\\\/#primaryimage\"},\"thumbnailUrl\":\"https:\\\/\\\/www.anceathrupoili.com\\\/wp-content\\\/uploads\\\/2024\\\/02\\\/18207.jpg\",\"datePublished\":\"2021-03-20T13:43:27+00:00\",\"dateModified\":\"2026-04-13T13:45:11+00:00\",\"description\":\"Order Osama, Obama, \u00d3, a Mhama! by R\u00e9 \u00d3 Laighl\u00e9is from our Teenagers shelves. The siopa leabhar ships worldwide!\",\"breadcrumb\":{\"@id\":\"https:\\\/\\\/www.anceathrupoili.com\\\/shop\\\/osamaobama-o-a-mhama\\\/#breadcrumb\"},\"inLanguage\":\"ga-IE\",\"potentialAction\":[{\"@type\":\"ReadAction\",\"target\":[\"https:\\\/\\\/www.anceathrupoili.com\\\/shop\\\/osamaobama-o-a-mhama\\\/\"]}]},{\"@type\":\"ImageObject\",\"inLanguage\":\"ga-IE\",\"@id\":\"https:\\\/\\\/www.anceathrupoili.com\\\/shop\\\/osamaobama-o-a-mhama\\\/#primaryimage\",\"url\":\"https:\\\/\\\/www.anceathrupoili.com\\\/wp-content\\\/uploads\\\/2024\\\/02\\\/18207.jpg\",\"contentUrl\":\"https:\\\/\\\/www.anceathrupoili.com\\\/wp-content\\\/uploads\\\/2024\\\/02\\\/18207.jpg\",\"width\":200,\"height\":280},{\"@type\":\"BreadcrumbList\",\"@id\":\"https:\\\/\\\/www.anceathrupoili.com\\\/shop\\\/osamaobama-o-a-mhama\\\/#breadcrumb\",\"itemListElement\":[{\"@type\":\"ListItem\",\"position\":1,\"name\":\"Home\",\"item\":\"https:\\\/\\\/www.anceathrupoili.com\\\/\"},{\"@type\":\"ListItem\",\"position\":2,\"name\":\"Shop\",\"item\":\"https:\\\/\\\/www.anceathrupoili.com\\\/shop\\\/\"},{\"@type\":\"ListItem\",\"position\":3,\"name\":\"Osama, Obama, \u00d3, a Mhama!\"}]},{\"@type\":\"WebSite\",\"@id\":\"https:\\\/\\\/www.anceathrupoili.com\\\/#website\",\"url\":\"https:\\\/\\\/www.anceathrupoili.com\\\/\",\"name\":\"An Ceathr\u00fa P\u00f3il\u00ed\",\"description\":\"Belfast&#039;s Irish Language Bookshop\",\"publisher\":{\"@id\":\"https:\\\/\\\/www.anceathrupoili.com\\\/#organization\"},\"potentialAction\":[{\"@type\":\"SearchAction\",\"target\":{\"@type\":\"EntryPoint\",\"urlTemplate\":\"https:\\\/\\\/www.anceathrupoili.com\\\/?s={search_term_string}\"},\"query-input\":{\"@type\":\"PropertyValueSpecification\",\"valueRequired\":true,\"valueName\":\"search_term_string\"}}],\"inLanguage\":\"ga-IE\"},{\"@type\":\"Organization\",\"@id\":\"https:\\\/\\\/www.anceathrupoili.com\\\/#organization\",\"name\":\"An Ceathr\u00fa P\u00f3il\u00ed\",\"url\":\"https:\\\/\\\/www.anceathrupoili.com\\\/\",\"logo\":{\"@type\":\"ImageObject\",\"inLanguage\":\"ga-IE\",\"@id\":\"https:\\\/\\\/www.anceathrupoili.com\\\/#\\\/schema\\\/logo\\\/image\\\/\",\"url\":\"https:\\\/\\\/www.anceathrupoili.com\\\/wp-content\\\/uploads\\\/2024\\\/03\\\/Books-logo-names-01.svg\",\"contentUrl\":\"https:\\\/\\\/www.anceathrupoili.com\\\/wp-content\\\/uploads\\\/2024\\\/03\\\/Books-logo-names-01.svg\",\"width\":1,\"height\":1,\"caption\":\"An Ceathr\u00fa P\u00f3il\u00ed\"},\"image\":{\"@id\":\"https:\\\/\\\/www.anceathrupoili.com\\\/#\\\/schema\\\/logo\\\/image\\\/\"}}]}<\/script>\n<!-- \/ Yoast SEO plugin. -->","yoast_head_json":{"title":"Osama, Obama, \u00d3, a Mhama! - An Ceathr\u00fa P\u00f3il\u00ed","description":"Order Osama, Obama, \u00d3, a Mhama! by R\u00e9 \u00d3 Laighl\u00e9is from our Teenagers shelves. The siopa leabhar ships worldwide!","robots":{"index":"index","follow":"follow","max-snippet":"max-snippet:-1","max-image-preview":"max-image-preview:large","max-video-preview":"max-video-preview:-1"},"canonical":"https:\/\/www.anceathrupoili.com\/ga\/shop\/osamaobama-o-a-mhama\/","og_locale":"ga_IE","og_type":"article","og_title":"Osama, Obama, \u00d3, a Mhama! - An Ceathr\u00fa P\u00f3il\u00ed","og_description":"Order Osama, Obama, \u00d3, a Mhama! by R\u00e9 \u00d3 Laighl\u00e9is from our Teenagers shelves. The siopa leabhar ships worldwide!","og_url":"https:\/\/www.anceathrupoili.com\/ga\/shop\/osamaobama-o-a-mhama\/","og_site_name":"An Ceathr\u00fa P\u00f3il\u00ed","article_modified_time":"2026-04-13T13:45:11+00:00","og_image":[{"width":200,"height":280,"url":"https:\/\/www.anceathrupoili.com\/wp-content\/uploads\/2024\/02\/18207.jpg","type":"image\/jpeg"}],"twitter_card":"summary_large_image","schema":{"@context":"https:\/\/schema.org","@graph":[{"@type":"WebPage","@id":"https:\/\/www.anceathrupoili.com\/shop\/osamaobama-o-a-mhama\/","url":"https:\/\/www.anceathrupoili.com\/shop\/osamaobama-o-a-mhama\/","name":"Osama, Obama, \u00d3, a Mhama! - An Ceathr\u00fa P\u00f3il\u00ed","isPartOf":{"@id":"https:\/\/www.anceathrupoili.com\/#website"},"primaryImageOfPage":{"@id":"https:\/\/www.anceathrupoili.com\/shop\/osamaobama-o-a-mhama\/#primaryimage"},"image":{"@id":"https:\/\/www.anceathrupoili.com\/shop\/osamaobama-o-a-mhama\/#primaryimage"},"thumbnailUrl":"https:\/\/www.anceathrupoili.com\/wp-content\/uploads\/2024\/02\/18207.jpg","datePublished":"2021-03-20T13:43:27+00:00","dateModified":"2026-04-13T13:45:11+00:00","description":"Order Osama, Obama, \u00d3, a Mhama! by R\u00e9 \u00d3 Laighl\u00e9is from our Teenagers shelves. The siopa leabhar ships worldwide!","breadcrumb":{"@id":"https:\/\/www.anceathrupoili.com\/shop\/osamaobama-o-a-mhama\/#breadcrumb"},"inLanguage":"ga-IE","potentialAction":[{"@type":"ReadAction","target":["https:\/\/www.anceathrupoili.com\/shop\/osamaobama-o-a-mhama\/"]}]},{"@type":"ImageObject","inLanguage":"ga-IE","@id":"https:\/\/www.anceathrupoili.com\/shop\/osamaobama-o-a-mhama\/#primaryimage","url":"https:\/\/www.anceathrupoili.com\/wp-content\/uploads\/2024\/02\/18207.jpg","contentUrl":"https:\/\/www.anceathrupoili.com\/wp-content\/uploads\/2024\/02\/18207.jpg","width":200,"height":280},{"@type":"BreadcrumbList","@id":"https:\/\/www.anceathrupoili.com\/shop\/osamaobama-o-a-mhama\/#breadcrumb","itemListElement":[{"@type":"ListItem","position":1,"name":"Home","item":"https:\/\/www.anceathrupoili.com\/"},{"@type":"ListItem","position":2,"name":"Shop","item":"https:\/\/www.anceathrupoili.com\/shop\/"},{"@type":"ListItem","position":3,"name":"Osama, Obama, \u00d3, a Mhama!"}]},{"@type":"WebSite","@id":"https:\/\/www.anceathrupoili.com\/#website","url":"https:\/\/www.anceathrupoili.com\/","name":"An Ceathr\u00fa P\u00f3il\u00ed","description":"Belfast&#039;s Irish Language Bookshop","publisher":{"@id":"https:\/\/www.anceathrupoili.com\/#organization"},"potentialAction":[{"@type":"SearchAction","target":{"@type":"EntryPoint","urlTemplate":"https:\/\/www.anceathrupoili.com\/?s={search_term_string}"},"query-input":{"@type":"PropertyValueSpecification","valueRequired":true,"valueName":"search_term_string"}}],"inLanguage":"ga-IE"},{"@type":"Organization","@id":"https:\/\/www.anceathrupoili.com\/#organization","name":"An Ceathr\u00fa P\u00f3il\u00ed","url":"https:\/\/www.anceathrupoili.com\/","logo":{"@type":"ImageObject","inLanguage":"ga-IE","@id":"https:\/\/www.anceathrupoili.com\/#\/schema\/logo\/image\/","url":"https:\/\/www.anceathrupoili.com\/wp-content\/uploads\/2024\/03\/Books-logo-names-01.svg","contentUrl":"https:\/\/www.anceathrupoili.com\/wp-content\/uploads\/2024\/03\/Books-logo-names-01.svg","width":1,"height":1,"caption":"An Ceathr\u00fa P\u00f3il\u00ed"},"image":{"@id":"https:\/\/www.anceathrupoili.com\/#\/schema\/logo\/image\/"}}]}},"_links":{"self":[{"href":"https:\/\/www.anceathrupoili.com\/ga\/wp-json\/wp\/v2\/product\/2365","targetHints":{"allow":["GET"]}}],"collection":[{"href":"https:\/\/www.anceathrupoili.com\/ga\/wp-json\/wp\/v2\/product"}],"about":[{"href":"https:\/\/www.anceathrupoili.com\/ga\/wp-json\/wp\/v2\/types\/product"}],"replies":[{"embeddable":true,"href":"https:\/\/www.anceathrupoili.com\/ga\/wp-json\/wp\/v2\/comments?post=2365"}],"wp:featuredmedia":[{"embeddable":true,"href":"https:\/\/www.anceathrupoili.com\/ga\/wp-json\/wp\/v2\/media\/5482"}],"wp:attachment":[{"href":"https:\/\/www.anceathrupoili.com\/ga\/wp-json\/wp\/v2\/media?parent=2365"}],"wp:term":[{"taxonomy":"product_brand","embeddable":true,"href":"https:\/\/www.anceathrupoili.com\/ga\/wp-json\/wp\/v2\/product_brand?post=2365"},{"taxonomy":"product_cat","embeddable":true,"href":"https:\/\/www.anceathrupoili.com\/ga\/wp-json\/wp\/v2\/product_cat?post=2365"},{"taxonomy":"product_tag","embeddable":true,"href":"https:\/\/www.anceathrupoili.com\/ga\/wp-json\/wp\/v2\/product_tag?post=2365"}],"curies":[{"name":"wp","href":"https:\/\/api.w.org\/{rel}","templated":true}]}}