{"id":34816,"date":"2024-04-08T11:30:32","date_gmt":"2024-04-08T10:30:32","guid":{"rendered":"https:\/\/www.anceathrupoili.com\/?post_type=product&#038;p=34816"},"modified":"2026-04-29T10:46:01","modified_gmt":"2026-04-29T09:46:01","slug":"idir-an-da-fhearsaid","status":"publish","type":"product","link":"https:\/\/www.anceathrupoili.com\/ga\/shop\/idir-an-da-fhearsaid\/","title":{"rendered":"Idir an D\u00e1 Fhearsaid"},"content":{"rendered":"<p>Sna d\u00e1nta seo feictear file at\u00e1 ag fiosr\u00fa an saol agus a h\u00e1it f\u00e9in ann, file at\u00e1 tarraingthe idir a baile d\u00fachais agus a baile \u00far cathrach, idir dhreamanna daoine agus idir an saol ar mhian linn mar dhaoine daonna agus an saol at\u00e1 amach romhainn. Is \u00e9 seo an ch\u00e9ad chnuasach fil\u00edochta le R\u00f3ise N\u00ed Bhaoill, bhuaiteoir An Post, Leabhar na Bliana 2023. T\u00e1 a d\u00fachas go smior ina cuid fil\u00edochta agus a smaointe, ach d\u00e9anann s\u00ed leacacha crua na cathrach a thaisc\u00e9aladh go l\u00edofa chomh maith ina cuid d\u00e1nta ina nd\u00e9anann s\u00ed com\u00f3radh ar phobal agus ar shaol Ghaeil Bh\u00e9al Feirste i gceartl\u00e1r bharbarthacht agus uaf\u00e1s na dtriobl\u00f3id\u00ed.<\/p>","protected":false},"excerpt":{"rendered":"<p>Sna d\u00e1nta seo feictear file at\u00e1 ag fiosr\u00fa an saol agus a h\u00e1it f\u00e9in ann, file at\u00e1 tarraingthe idir a baile d\u00fachais agus a baile \u00far cathrach, idir dhreamanna daoine agus idir an saol ar mhian linn mar dhaoine daonna agus an saol at\u00e1 amach romhainn. Is \u00e9 seo an ch\u00e9ad chnuasach fil\u00edochta le R\u00f3ise&hellip;<\/p>","protected":false},"featured_media":34817,"comment_status":"open","ping_status":"closed","template":"","meta":{"_acf_changed":false,"_relevanssi_hide_post":"","_relevanssi_hide_content":"","_relevanssi_pin_for_all":"","_relevanssi_pin_keywords":"","_relevanssi_unpin_keywords":"","_relevanssi_related_keywords":"","_relevanssi_related_include_ids":"","_relevanssi_related_exclude_ids":"","_relevanssi_related_no_append":"","_relevanssi_related_not_related":"","_relevanssi_related_posts":"43917,39437,42976,42978,35118,39236","_relevanssi_noindex_reason":""},"product_brand":[],"product_cat":[261],"product_tag":[],"class_list":{"0":"post-34816","1":"product","2":"type-product","3":"status-publish","4":"has-post-thumbnail","6":"product_cat-poetry","7":"pa_authors-roise-ni-bhaoill","9":"first","10":"instock","11":"taxable","12":"shipping-taxable","13":"purchasable","14":"product-type-simple"},"acf":[],"yoast_head":"<!-- This site is optimized with the Yoast SEO plugin v27.4 - https:\/\/yoast.com\/product\/yoast-seo-wordpress\/ -->\n<title>Idir an D\u00e1 Fhearsaid - An Ceathr\u00fa P\u00f3il\u00ed<\/title>\n<meta name=\"description\" content=\"Order Idir an D\u00e1 Fhearsaid by R\u00f3ise N\u00ed Bhaoill from our Poetry shelves. The siopa leabhar ships worldwide! Sna d\u00e1nta seo feictear file at\u00e1 ag fiosr\u00fa an saol agus a h\u00e1it f\u00e9in ann, file at\u00e1 tarraingthe idir a baile d\u00fachais agus a baile \u00far cathrach, idir\" \/>\n<meta name=\"robots\" content=\"index, follow, max-snippet:-1, max-image-preview:large, max-video-preview:-1\" \/>\n<link rel=\"canonical\" href=\"https:\/\/www.anceathrupoili.com\/ga\/shop\/idir-an-da-fhearsaid\/\" \/>\n<meta property=\"og:locale\" content=\"ga_IE\" \/>\n<meta property=\"og:type\" content=\"article\" \/>\n<meta property=\"og:title\" content=\"Idir an D\u00e1 Fhearsaid - An Ceathr\u00fa P\u00f3il\u00ed\" \/>\n<meta property=\"og:description\" content=\"Order Idir an D\u00e1 Fhearsaid by R\u00f3ise N\u00ed Bhaoill from our Poetry shelves. The siopa leabhar ships worldwide! Sna d\u00e1nta seo feictear file at\u00e1 ag fiosr\u00fa an saol agus a h\u00e1it f\u00e9in ann, file at\u00e1 tarraingthe idir a baile d\u00fachais agus a baile \u00far cathrach, idir\" \/>\n<meta property=\"og:url\" content=\"https:\/\/www.anceathrupoili.com\/ga\/shop\/idir-an-da-fhearsaid\/\" \/>\n<meta property=\"og:site_name\" content=\"An Ceathr\u00fa P\u00f3il\u00ed\" \/>\n<meta property=\"article:modified_time\" content=\"2026-04-29T09:46:01+00:00\" \/>\n<meta property=\"og:image\" content=\"https:\/\/www.anceathrupoili.com\/wp-content\/uploads\/2024\/04\/2403idirandafhearsaid.jpg\" \/>\n\t<meta property=\"og:image:width\" content=\"1442\" \/>\n\t<meta property=\"og:image:height\" content=\"2235\" \/>\n\t<meta property=\"og:image:type\" content=\"image\/jpeg\" \/>\n<meta name=\"twitter:card\" content=\"summary_large_image\" \/>\n<meta name=\"twitter:label1\" content=\"Est. reading time\" \/>\n\t<meta name=\"twitter:data1\" content=\"1 minute\" \/>\n<script type=\"application\/ld+json\" class=\"yoast-schema-graph\">{\"@context\":\"https:\\\/\\\/schema.org\",\"@graph\":[{\"@type\":\"WebPage\",\"@id\":\"https:\\\/\\\/www.anceathrupoili.com\\\/shop\\\/idir-an-da-fhearsaid\\\/\",\"url\":\"https:\\\/\\\/www.anceathrupoili.com\\\/shop\\\/idir-an-da-fhearsaid\\\/\",\"name\":\"Idir an D\u00e1 Fhearsaid - An Ceathr\u00fa P\u00f3il\u00ed\",\"isPartOf\":{\"@id\":\"https:\\\/\\\/www.anceathrupoili.com\\\/#website\"},\"primaryImageOfPage\":{\"@id\":\"https:\\\/\\\/www.anceathrupoili.com\\\/shop\\\/idir-an-da-fhearsaid\\\/#primaryimage\"},\"image\":{\"@id\":\"https:\\\/\\\/www.anceathrupoili.com\\\/shop\\\/idir-an-da-fhearsaid\\\/#primaryimage\"},\"thumbnailUrl\":\"https:\\\/\\\/www.anceathrupoili.com\\\/wp-content\\\/uploads\\\/2024\\\/04\\\/2403idirandafhearsaid.jpg\",\"datePublished\":\"2024-04-08T10:30:32+00:00\",\"dateModified\":\"2026-04-29T09:46:01+00:00\",\"description\":\"Order Idir an D\u00e1 Fhearsaid by R\u00f3ise N\u00ed Bhaoill from our Poetry shelves. The siopa leabhar ships worldwide! Sna d\u00e1nta seo feictear file at\u00e1 ag fiosr\u00fa an saol agus a h\u00e1it f\u00e9in ann, file at\u00e1 tarraingthe idir a baile d\u00fachais agus a baile \u00far cathrach, idir\",\"breadcrumb\":{\"@id\":\"https:\\\/\\\/www.anceathrupoili.com\\\/shop\\\/idir-an-da-fhearsaid\\\/#breadcrumb\"},\"inLanguage\":\"ga-IE\",\"potentialAction\":[{\"@type\":\"ReadAction\",\"target\":[\"https:\\\/\\\/www.anceathrupoili.com\\\/shop\\\/idir-an-da-fhearsaid\\\/\"]}]},{\"@type\":\"ImageObject\",\"inLanguage\":\"ga-IE\",\"@id\":\"https:\\\/\\\/www.anceathrupoili.com\\\/shop\\\/idir-an-da-fhearsaid\\\/#primaryimage\",\"url\":\"https:\\\/\\\/www.anceathrupoili.com\\\/wp-content\\\/uploads\\\/2024\\\/04\\\/2403idirandafhearsaid.jpg\",\"contentUrl\":\"https:\\\/\\\/www.anceathrupoili.com\\\/wp-content\\\/uploads\\\/2024\\\/04\\\/2403idirandafhearsaid.jpg\",\"width\":1442,\"height\":2235},{\"@type\":\"BreadcrumbList\",\"@id\":\"https:\\\/\\\/www.anceathrupoili.com\\\/shop\\\/idir-an-da-fhearsaid\\\/#breadcrumb\",\"itemListElement\":[{\"@type\":\"ListItem\",\"position\":1,\"name\":\"Home\",\"item\":\"https:\\\/\\\/www.anceathrupoili.com\\\/\"},{\"@type\":\"ListItem\",\"position\":2,\"name\":\"Shop\",\"item\":\"https:\\\/\\\/www.anceathrupoili.com\\\/shop\\\/\"},{\"@type\":\"ListItem\",\"position\":3,\"name\":\"Idir an D\u00e1 Fhearsaid\"}]},{\"@type\":\"WebSite\",\"@id\":\"https:\\\/\\\/www.anceathrupoili.com\\\/#website\",\"url\":\"https:\\\/\\\/www.anceathrupoili.com\\\/\",\"name\":\"An Ceathr\u00fa P\u00f3il\u00ed\",\"description\":\"Belfast&#039;s Irish Language Bookshop\",\"publisher\":{\"@id\":\"https:\\\/\\\/www.anceathrupoili.com\\\/#organization\"},\"potentialAction\":[{\"@type\":\"SearchAction\",\"target\":{\"@type\":\"EntryPoint\",\"urlTemplate\":\"https:\\\/\\\/www.anceathrupoili.com\\\/?s={search_term_string}\"},\"query-input\":{\"@type\":\"PropertyValueSpecification\",\"valueRequired\":true,\"valueName\":\"search_term_string\"}}],\"inLanguage\":\"ga-IE\"},{\"@type\":\"Organization\",\"@id\":\"https:\\\/\\\/www.anceathrupoili.com\\\/#organization\",\"name\":\"An Ceathr\u00fa P\u00f3il\u00ed\",\"url\":\"https:\\\/\\\/www.anceathrupoili.com\\\/\",\"logo\":{\"@type\":\"ImageObject\",\"inLanguage\":\"ga-IE\",\"@id\":\"https:\\\/\\\/www.anceathrupoili.com\\\/#\\\/schema\\\/logo\\\/image\\\/\",\"url\":\"https:\\\/\\\/www.anceathrupoili.com\\\/wp-content\\\/uploads\\\/2024\\\/03\\\/Books-logo-names-01.svg\",\"contentUrl\":\"https:\\\/\\\/www.anceathrupoili.com\\\/wp-content\\\/uploads\\\/2024\\\/03\\\/Books-logo-names-01.svg\",\"width\":1,\"height\":1,\"caption\":\"An Ceathr\u00fa P\u00f3il\u00ed\"},\"image\":{\"@id\":\"https:\\\/\\\/www.anceathrupoili.com\\\/#\\\/schema\\\/logo\\\/image\\\/\"}}]}<\/script>\n<!-- \/ Yoast SEO plugin. -->","yoast_head_json":{"title":"Idir an D\u00e1 Fhearsaid - An Ceathr\u00fa P\u00f3il\u00ed","description":"Order Idir an D\u00e1 Fhearsaid by R\u00f3ise N\u00ed Bhaoill from our Poetry shelves. The siopa leabhar ships worldwide! Sna d\u00e1nta seo feictear file at\u00e1 ag fiosr\u00fa an saol agus a h\u00e1it f\u00e9in ann, file at\u00e1 tarraingthe idir a baile d\u00fachais agus a baile \u00far cathrach, idir","robots":{"index":"index","follow":"follow","max-snippet":"max-snippet:-1","max-image-preview":"max-image-preview:large","max-video-preview":"max-video-preview:-1"},"canonical":"https:\/\/www.anceathrupoili.com\/ga\/shop\/idir-an-da-fhearsaid\/","og_locale":"ga_IE","og_type":"article","og_title":"Idir an D\u00e1 Fhearsaid - An Ceathr\u00fa P\u00f3il\u00ed","og_description":"Order Idir an D\u00e1 Fhearsaid by R\u00f3ise N\u00ed Bhaoill from our Poetry shelves. The siopa leabhar ships worldwide! Sna d\u00e1nta seo feictear file at\u00e1 ag fiosr\u00fa an saol agus a h\u00e1it f\u00e9in ann, file at\u00e1 tarraingthe idir a baile d\u00fachais agus a baile \u00far cathrach, idir","og_url":"https:\/\/www.anceathrupoili.com\/ga\/shop\/idir-an-da-fhearsaid\/","og_site_name":"An Ceathr\u00fa P\u00f3il\u00ed","article_modified_time":"2026-04-29T09:46:01+00:00","og_image":[{"width":1442,"height":2235,"url":"https:\/\/www.anceathrupoili.com\/wp-content\/uploads\/2024\/04\/2403idirandafhearsaid.jpg","type":"image\/jpeg"}],"twitter_card":"summary_large_image","twitter_misc":{"Est. reading time":"1 minute"},"schema":{"@context":"https:\/\/schema.org","@graph":[{"@type":"WebPage","@id":"https:\/\/www.anceathrupoili.com\/shop\/idir-an-da-fhearsaid\/","url":"https:\/\/www.anceathrupoili.com\/shop\/idir-an-da-fhearsaid\/","name":"Idir an D\u00e1 Fhearsaid - An Ceathr\u00fa P\u00f3il\u00ed","isPartOf":{"@id":"https:\/\/www.anceathrupoili.com\/#website"},"primaryImageOfPage":{"@id":"https:\/\/www.anceathrupoili.com\/shop\/idir-an-da-fhearsaid\/#primaryimage"},"image":{"@id":"https:\/\/www.anceathrupoili.com\/shop\/idir-an-da-fhearsaid\/#primaryimage"},"thumbnailUrl":"https:\/\/www.anceathrupoili.com\/wp-content\/uploads\/2024\/04\/2403idirandafhearsaid.jpg","datePublished":"2024-04-08T10:30:32+00:00","dateModified":"2026-04-29T09:46:01+00:00","description":"Order Idir an D\u00e1 Fhearsaid by R\u00f3ise N\u00ed Bhaoill from our Poetry shelves. The siopa leabhar ships worldwide! Sna d\u00e1nta seo feictear file at\u00e1 ag fiosr\u00fa an saol agus a h\u00e1it f\u00e9in ann, file at\u00e1 tarraingthe idir a baile d\u00fachais agus a baile \u00far cathrach, idir","breadcrumb":{"@id":"https:\/\/www.anceathrupoili.com\/shop\/idir-an-da-fhearsaid\/#breadcrumb"},"inLanguage":"ga-IE","potentialAction":[{"@type":"ReadAction","target":["https:\/\/www.anceathrupoili.com\/shop\/idir-an-da-fhearsaid\/"]}]},{"@type":"ImageObject","inLanguage":"ga-IE","@id":"https:\/\/www.anceathrupoili.com\/shop\/idir-an-da-fhearsaid\/#primaryimage","url":"https:\/\/www.anceathrupoili.com\/wp-content\/uploads\/2024\/04\/2403idirandafhearsaid.jpg","contentUrl":"https:\/\/www.anceathrupoili.com\/wp-content\/uploads\/2024\/04\/2403idirandafhearsaid.jpg","width":1442,"height":2235},{"@type":"BreadcrumbList","@id":"https:\/\/www.anceathrupoili.com\/shop\/idir-an-da-fhearsaid\/#breadcrumb","itemListElement":[{"@type":"ListItem","position":1,"name":"Home","item":"https:\/\/www.anceathrupoili.com\/"},{"@type":"ListItem","position":2,"name":"Shop","item":"https:\/\/www.anceathrupoili.com\/shop\/"},{"@type":"ListItem","position":3,"name":"Idir an D\u00e1 Fhearsaid"}]},{"@type":"WebSite","@id":"https:\/\/www.anceathrupoili.com\/#website","url":"https:\/\/www.anceathrupoili.com\/","name":"An Ceathr\u00fa P\u00f3il\u00ed","description":"Belfast&#039;s Irish Language Bookshop","publisher":{"@id":"https:\/\/www.anceathrupoili.com\/#organization"},"potentialAction":[{"@type":"SearchAction","target":{"@type":"EntryPoint","urlTemplate":"https:\/\/www.anceathrupoili.com\/?s={search_term_string}"},"query-input":{"@type":"PropertyValueSpecification","valueRequired":true,"valueName":"search_term_string"}}],"inLanguage":"ga-IE"},{"@type":"Organization","@id":"https:\/\/www.anceathrupoili.com\/#organization","name":"An Ceathr\u00fa P\u00f3il\u00ed","url":"https:\/\/www.anceathrupoili.com\/","logo":{"@type":"ImageObject","inLanguage":"ga-IE","@id":"https:\/\/www.anceathrupoili.com\/#\/schema\/logo\/image\/","url":"https:\/\/www.anceathrupoili.com\/wp-content\/uploads\/2024\/03\/Books-logo-names-01.svg","contentUrl":"https:\/\/www.anceathrupoili.com\/wp-content\/uploads\/2024\/03\/Books-logo-names-01.svg","width":1,"height":1,"caption":"An Ceathr\u00fa P\u00f3il\u00ed"},"image":{"@id":"https:\/\/www.anceathrupoili.com\/#\/schema\/logo\/image\/"}}]}},"_links":{"self":[{"href":"https:\/\/www.anceathrupoili.com\/ga\/wp-json\/wp\/v2\/product\/34816","targetHints":{"allow":["GET"]}}],"collection":[{"href":"https:\/\/www.anceathrupoili.com\/ga\/wp-json\/wp\/v2\/product"}],"about":[{"href":"https:\/\/www.anceathrupoili.com\/ga\/wp-json\/wp\/v2\/types\/product"}],"replies":[{"embeddable":true,"href":"https:\/\/www.anceathrupoili.com\/ga\/wp-json\/wp\/v2\/comments?post=34816"}],"wp:featuredmedia":[{"embeddable":true,"href":"https:\/\/www.anceathrupoili.com\/ga\/wp-json\/wp\/v2\/media\/34817"}],"wp:attachment":[{"href":"https:\/\/www.anceathrupoili.com\/ga\/wp-json\/wp\/v2\/media?parent=34816"}],"wp:term":[{"taxonomy":"product_brand","embeddable":true,"href":"https:\/\/www.anceathrupoili.com\/ga\/wp-json\/wp\/v2\/product_brand?post=34816"},{"taxonomy":"product_cat","embeddable":true,"href":"https:\/\/www.anceathrupoili.com\/ga\/wp-json\/wp\/v2\/product_cat?post=34816"},{"taxonomy":"product_tag","embeddable":true,"href":"https:\/\/www.anceathrupoili.com\/ga\/wp-json\/wp\/v2\/product_tag?post=34816"}],"curies":[{"name":"wp","href":"https:\/\/api.w.org\/{rel}","templated":true}]}}