{"id":38893,"date":"2024-08-12T16:35:53","date_gmt":"2024-08-12T15:35:53","guid":{"rendered":"https:\/\/www.anceathrupoili.com\/shop\/jailbreak-great-irish-republican-escapes-1865-1983\/"},"modified":"2026-04-15T10:28:01","modified_gmt":"2026-04-15T09:28:01","slug":"jailbreak-great-irish-republican-escapes-1865-1983","status":"publish","type":"product","link":"https:\/\/www.anceathrupoili.com\/ga\/shop\/jailbreak-great-irish-republican-escapes-1865-1983\/","title":{"rendered":"Jailbreak Great Irish Republican Escapes 1865-1983"},"content":{"rendered":"<p>In this hugely entertaining book, James Durney deftly records twenty-three action packed factual accounts of daring rescues, incredible escape bids and jailbreaks that raised the morale of nationalist Ireland and defied the might of empires and governments.<\/p>","protected":false},"excerpt":{"rendered":"<p>In this hugely entertaining book, James Durney deftly records twenty-three action packed factual accounts of daring rescues, incredible escape bids and jailbreaks that raised the morale of nationalist Ireland and defied the might of empires and governments.<\/p>","protected":false},"featured_media":39516,"comment_status":"open","ping_status":"closed","template":"","meta":{"_acf_changed":false,"_relevanssi_hide_post":"","_relevanssi_hide_content":"","_relevanssi_pin_for_all":"","_relevanssi_pin_keywords":"","_relevanssi_unpin_keywords":"","_relevanssi_related_keywords":"","_relevanssi_related_include_ids":"","_relevanssi_related_exclude_ids":"","_relevanssi_related_no_append":"","_relevanssi_related_not_related":"","_relevanssi_related_posts":"39044,40646,39518,43909,43454,44789","_relevanssi_noindex_reason":""},"product_brand":[],"product_cat":[251],"product_tag":[],"class_list":{"0":"post-38893","1":"product","2":"type-product","3":"status-publish","4":"has-post-thumbnail","6":"product_cat-history-politics","7":"pa_authors-james-durney","9":"first","10":"instock","11":"taxable","12":"shipping-taxable","13":"purchasable","14":"product-type-simple"},"acf":[],"yoast_head":"<!-- This site is optimized with the Yoast SEO plugin v27.4 - https:\/\/yoast.com\/product\/yoast-seo-wordpress\/ -->\n<title>Jailbreak Great Irish Republican Escapes 1865-1983 - An Ceathr\u00fa P\u00f3il\u00ed<\/title>\n<meta name=\"description\" content=\"Order Jailbreak Great Irish Republican Escapes 1865-1983 by James Durney from our History &amp; Politics shelves. The siopa leabhar ships worldwide! In this hugely entertaining book, James Durney deftly records twenty-three action packed factual accounts of daring rescues, incredible escape bids and\" \/>\n<meta name=\"robots\" content=\"index, follow, max-snippet:-1, max-image-preview:large, max-video-preview:-1\" \/>\n<link rel=\"canonical\" href=\"https:\/\/www.anceathrupoili.com\/ga\/shop\/jailbreak-great-irish-republican-escapes-1865-1983\/\" \/>\n<meta property=\"og:locale\" content=\"ga_IE\" \/>\n<meta property=\"og:type\" content=\"article\" \/>\n<meta property=\"og:title\" content=\"Jailbreak Great Irish Republican Escapes 1865-1983 - An Ceathr\u00fa P\u00f3il\u00ed\" \/>\n<meta property=\"og:description\" content=\"Order Jailbreak Great Irish Republican Escapes 1865-1983 by James Durney from our History &amp; Politics shelves. The siopa leabhar ships worldwide! In this hugely entertaining book, James Durney deftly records twenty-three action packed factual accounts of daring rescues, incredible escape bids and\" \/>\n<meta property=\"og:url\" content=\"https:\/\/www.anceathrupoili.com\/ga\/shop\/jailbreak-great-irish-republican-escapes-1865-1983\/\" \/>\n<meta property=\"og:site_name\" content=\"An Ceathr\u00fa P\u00f3il\u00ed\" \/>\n<meta property=\"article:modified_time\" content=\"2026-04-15T09:28:01+00:00\" \/>\n<meta property=\"og:image\" content=\"https:\/\/www.anceathrupoili.com\/wp-content\/uploads\/2024\/08\/jailbreak.jpg\" \/>\n\t<meta property=\"og:image:width\" content=\"279\" \/>\n\t<meta property=\"og:image:height\" content=\"445\" \/>\n\t<meta property=\"og:image:type\" content=\"image\/jpeg\" \/>\n<meta name=\"twitter:card\" content=\"summary_large_image\" \/>\n<script type=\"application\/ld+json\" class=\"yoast-schema-graph\">{\"@context\":\"https:\\\/\\\/schema.org\",\"@graph\":[{\"@type\":\"WebPage\",\"@id\":\"https:\\\/\\\/www.anceathrupoili.com\\\/shop\\\/jailbreak-great-irish-republican-escapes-1865-1983\\\/\",\"url\":\"https:\\\/\\\/www.anceathrupoili.com\\\/shop\\\/jailbreak-great-irish-republican-escapes-1865-1983\\\/\",\"name\":\"Jailbreak Great Irish Republican Escapes 1865-1983 - An Ceathr\u00fa P\u00f3il\u00ed\",\"isPartOf\":{\"@id\":\"https:\\\/\\\/www.anceathrupoili.com\\\/#website\"},\"primaryImageOfPage\":{\"@id\":\"https:\\\/\\\/www.anceathrupoili.com\\\/shop\\\/jailbreak-great-irish-republican-escapes-1865-1983\\\/#primaryimage\"},\"image\":{\"@id\":\"https:\\\/\\\/www.anceathrupoili.com\\\/shop\\\/jailbreak-great-irish-republican-escapes-1865-1983\\\/#primaryimage\"},\"thumbnailUrl\":\"https:\\\/\\\/www.anceathrupoili.com\\\/wp-content\\\/uploads\\\/2024\\\/08\\\/jailbreak.jpg\",\"datePublished\":\"2024-08-12T15:35:53+00:00\",\"dateModified\":\"2026-04-15T09:28:01+00:00\",\"description\":\"Order Jailbreak Great Irish Republican Escapes 1865-1983 by James Durney from our History &amp; Politics shelves. The siopa leabhar ships worldwide! In this hugely entertaining book, James Durney deftly records twenty-three action packed factual accounts of daring rescues, incredible escape bids and\",\"breadcrumb\":{\"@id\":\"https:\\\/\\\/www.anceathrupoili.com\\\/shop\\\/jailbreak-great-irish-republican-escapes-1865-1983\\\/#breadcrumb\"},\"inLanguage\":\"ga-IE\",\"potentialAction\":[{\"@type\":\"ReadAction\",\"target\":[\"https:\\\/\\\/www.anceathrupoili.com\\\/shop\\\/jailbreak-great-irish-republican-escapes-1865-1983\\\/\"]}]},{\"@type\":\"ImageObject\",\"inLanguage\":\"ga-IE\",\"@id\":\"https:\\\/\\\/www.anceathrupoili.com\\\/shop\\\/jailbreak-great-irish-republican-escapes-1865-1983\\\/#primaryimage\",\"url\":\"https:\\\/\\\/www.anceathrupoili.com\\\/wp-content\\\/uploads\\\/2024\\\/08\\\/jailbreak.jpg\",\"contentUrl\":\"https:\\\/\\\/www.anceathrupoili.com\\\/wp-content\\\/uploads\\\/2024\\\/08\\\/jailbreak.jpg\",\"width\":279,\"height\":445},{\"@type\":\"BreadcrumbList\",\"@id\":\"https:\\\/\\\/www.anceathrupoili.com\\\/shop\\\/jailbreak-great-irish-republican-escapes-1865-1983\\\/#breadcrumb\",\"itemListElement\":[{\"@type\":\"ListItem\",\"position\":1,\"name\":\"Home\",\"item\":\"https:\\\/\\\/www.anceathrupoili.com\\\/\"},{\"@type\":\"ListItem\",\"position\":2,\"name\":\"Shop\",\"item\":\"https:\\\/\\\/www.anceathrupoili.com\\\/shop\\\/\"},{\"@type\":\"ListItem\",\"position\":3,\"name\":\"Jailbreak Great Irish Republican Escapes 1865-1983\"}]},{\"@type\":\"WebSite\",\"@id\":\"https:\\\/\\\/www.anceathrupoili.com\\\/#website\",\"url\":\"https:\\\/\\\/www.anceathrupoili.com\\\/\",\"name\":\"An Ceathr\u00fa P\u00f3il\u00ed\",\"description\":\"Belfast&#039;s Irish Language Bookshop\",\"publisher\":{\"@id\":\"https:\\\/\\\/www.anceathrupoili.com\\\/#organization\"},\"potentialAction\":[{\"@type\":\"SearchAction\",\"target\":{\"@type\":\"EntryPoint\",\"urlTemplate\":\"https:\\\/\\\/www.anceathrupoili.com\\\/?s={search_term_string}\"},\"query-input\":{\"@type\":\"PropertyValueSpecification\",\"valueRequired\":true,\"valueName\":\"search_term_string\"}}],\"inLanguage\":\"ga-IE\"},{\"@type\":\"Organization\",\"@id\":\"https:\\\/\\\/www.anceathrupoili.com\\\/#organization\",\"name\":\"An Ceathr\u00fa P\u00f3il\u00ed\",\"url\":\"https:\\\/\\\/www.anceathrupoili.com\\\/\",\"logo\":{\"@type\":\"ImageObject\",\"inLanguage\":\"ga-IE\",\"@id\":\"https:\\\/\\\/www.anceathrupoili.com\\\/#\\\/schema\\\/logo\\\/image\\\/\",\"url\":\"https:\\\/\\\/www.anceathrupoili.com\\\/wp-content\\\/uploads\\\/2024\\\/03\\\/Books-logo-names-01.svg\",\"contentUrl\":\"https:\\\/\\\/www.anceathrupoili.com\\\/wp-content\\\/uploads\\\/2024\\\/03\\\/Books-logo-names-01.svg\",\"width\":1,\"height\":1,\"caption\":\"An Ceathr\u00fa P\u00f3il\u00ed\"},\"image\":{\"@id\":\"https:\\\/\\\/www.anceathrupoili.com\\\/#\\\/schema\\\/logo\\\/image\\\/\"}}]}<\/script>\n<!-- \/ Yoast SEO plugin. -->","yoast_head_json":{"title":"Jailbreak Great Irish Republican Escapes 1865-1983 - An Ceathr\u00fa P\u00f3il\u00ed","description":"Order Jailbreak Great Irish Republican Escapes 1865-1983 by James Durney from our History &amp; Politics shelves. The siopa leabhar ships worldwide! In this hugely entertaining book, James Durney deftly records twenty-three action packed factual accounts of daring rescues, incredible escape bids and","robots":{"index":"index","follow":"follow","max-snippet":"max-snippet:-1","max-image-preview":"max-image-preview:large","max-video-preview":"max-video-preview:-1"},"canonical":"https:\/\/www.anceathrupoili.com\/ga\/shop\/jailbreak-great-irish-republican-escapes-1865-1983\/","og_locale":"ga_IE","og_type":"article","og_title":"Jailbreak Great Irish Republican Escapes 1865-1983 - An Ceathr\u00fa P\u00f3il\u00ed","og_description":"Order Jailbreak Great Irish Republican Escapes 1865-1983 by James Durney from our History &amp; Politics shelves. The siopa leabhar ships worldwide! In this hugely entertaining book, James Durney deftly records twenty-three action packed factual accounts of daring rescues, incredible escape bids and","og_url":"https:\/\/www.anceathrupoili.com\/ga\/shop\/jailbreak-great-irish-republican-escapes-1865-1983\/","og_site_name":"An Ceathr\u00fa P\u00f3il\u00ed","article_modified_time":"2026-04-15T09:28:01+00:00","og_image":[{"width":279,"height":445,"url":"https:\/\/www.anceathrupoili.com\/wp-content\/uploads\/2024\/08\/jailbreak.jpg","type":"image\/jpeg"}],"twitter_card":"summary_large_image","schema":{"@context":"https:\/\/schema.org","@graph":[{"@type":"WebPage","@id":"https:\/\/www.anceathrupoili.com\/shop\/jailbreak-great-irish-republican-escapes-1865-1983\/","url":"https:\/\/www.anceathrupoili.com\/shop\/jailbreak-great-irish-republican-escapes-1865-1983\/","name":"Jailbreak Great Irish Republican Escapes 1865-1983 - An Ceathr\u00fa P\u00f3il\u00ed","isPartOf":{"@id":"https:\/\/www.anceathrupoili.com\/#website"},"primaryImageOfPage":{"@id":"https:\/\/www.anceathrupoili.com\/shop\/jailbreak-great-irish-republican-escapes-1865-1983\/#primaryimage"},"image":{"@id":"https:\/\/www.anceathrupoili.com\/shop\/jailbreak-great-irish-republican-escapes-1865-1983\/#primaryimage"},"thumbnailUrl":"https:\/\/www.anceathrupoili.com\/wp-content\/uploads\/2024\/08\/jailbreak.jpg","datePublished":"2024-08-12T15:35:53+00:00","dateModified":"2026-04-15T09:28:01+00:00","description":"Order Jailbreak Great Irish Republican Escapes 1865-1983 by James Durney from our History &amp; Politics shelves. The siopa leabhar ships worldwide! In this hugely entertaining book, James Durney deftly records twenty-three action packed factual accounts of daring rescues, incredible escape bids and","breadcrumb":{"@id":"https:\/\/www.anceathrupoili.com\/shop\/jailbreak-great-irish-republican-escapes-1865-1983\/#breadcrumb"},"inLanguage":"ga-IE","potentialAction":[{"@type":"ReadAction","target":["https:\/\/www.anceathrupoili.com\/shop\/jailbreak-great-irish-republican-escapes-1865-1983\/"]}]},{"@type":"ImageObject","inLanguage":"ga-IE","@id":"https:\/\/www.anceathrupoili.com\/shop\/jailbreak-great-irish-republican-escapes-1865-1983\/#primaryimage","url":"https:\/\/www.anceathrupoili.com\/wp-content\/uploads\/2024\/08\/jailbreak.jpg","contentUrl":"https:\/\/www.anceathrupoili.com\/wp-content\/uploads\/2024\/08\/jailbreak.jpg","width":279,"height":445},{"@type":"BreadcrumbList","@id":"https:\/\/www.anceathrupoili.com\/shop\/jailbreak-great-irish-republican-escapes-1865-1983\/#breadcrumb","itemListElement":[{"@type":"ListItem","position":1,"name":"Home","item":"https:\/\/www.anceathrupoili.com\/"},{"@type":"ListItem","position":2,"name":"Shop","item":"https:\/\/www.anceathrupoili.com\/shop\/"},{"@type":"ListItem","position":3,"name":"Jailbreak Great Irish Republican Escapes 1865-1983"}]},{"@type":"WebSite","@id":"https:\/\/www.anceathrupoili.com\/#website","url":"https:\/\/www.anceathrupoili.com\/","name":"An Ceathr\u00fa P\u00f3il\u00ed","description":"Belfast&#039;s Irish Language Bookshop","publisher":{"@id":"https:\/\/www.anceathrupoili.com\/#organization"},"potentialAction":[{"@type":"SearchAction","target":{"@type":"EntryPoint","urlTemplate":"https:\/\/www.anceathrupoili.com\/?s={search_term_string}"},"query-input":{"@type":"PropertyValueSpecification","valueRequired":true,"valueName":"search_term_string"}}],"inLanguage":"ga-IE"},{"@type":"Organization","@id":"https:\/\/www.anceathrupoili.com\/#organization","name":"An Ceathr\u00fa P\u00f3il\u00ed","url":"https:\/\/www.anceathrupoili.com\/","logo":{"@type":"ImageObject","inLanguage":"ga-IE","@id":"https:\/\/www.anceathrupoili.com\/#\/schema\/logo\/image\/","url":"https:\/\/www.anceathrupoili.com\/wp-content\/uploads\/2024\/03\/Books-logo-names-01.svg","contentUrl":"https:\/\/www.anceathrupoili.com\/wp-content\/uploads\/2024\/03\/Books-logo-names-01.svg","width":1,"height":1,"caption":"An Ceathr\u00fa P\u00f3il\u00ed"},"image":{"@id":"https:\/\/www.anceathrupoili.com\/#\/schema\/logo\/image\/"}}]}},"_links":{"self":[{"href":"https:\/\/www.anceathrupoili.com\/ga\/wp-json\/wp\/v2\/product\/38893","targetHints":{"allow":["GET"]}}],"collection":[{"href":"https:\/\/www.anceathrupoili.com\/ga\/wp-json\/wp\/v2\/product"}],"about":[{"href":"https:\/\/www.anceathrupoili.com\/ga\/wp-json\/wp\/v2\/types\/product"}],"replies":[{"embeddable":true,"href":"https:\/\/www.anceathrupoili.com\/ga\/wp-json\/wp\/v2\/comments?post=38893"}],"wp:featuredmedia":[{"embeddable":true,"href":"https:\/\/www.anceathrupoili.com\/ga\/wp-json\/wp\/v2\/media\/39516"}],"wp:attachment":[{"href":"https:\/\/www.anceathrupoili.com\/ga\/wp-json\/wp\/v2\/media?parent=38893"}],"wp:term":[{"taxonomy":"product_brand","embeddable":true,"href":"https:\/\/www.anceathrupoili.com\/ga\/wp-json\/wp\/v2\/product_brand?post=38893"},{"taxonomy":"product_cat","embeddable":true,"href":"https:\/\/www.anceathrupoili.com\/ga\/wp-json\/wp\/v2\/product_cat?post=38893"},{"taxonomy":"product_tag","embeddable":true,"href":"https:\/\/www.anceathrupoili.com\/ga\/wp-json\/wp\/v2\/product_tag?post=38893"}],"curies":[{"name":"wp","href":"https:\/\/api.w.org\/{rel}","templated":true}]}}