{"id":38930,"date":"2024-08-12T16:36:15","date_gmt":"2024-08-12T15:36:15","guid":{"rendered":"https:\/\/www.anceathrupoili.com\/shop\/an-phalaistin-ar-ceal-erasing-palestine\/"},"modified":"2026-04-16T15:34:43","modified_gmt":"2026-04-16T14:34:43","slug":"an-phalaistin-ar-ceal-erasing-palestine","status":"publish","type":"product","link":"https:\/\/www.anceathrupoili.com\/ga\/shop\/an-phalaistin-ar-ceal-erasing-palestine\/","title":{"rendered":"An Phalaist\u00edn ar Ceal Erasing Palestine"},"content":{"rendered":"<p>C\u00e9 a dh\u00e9anfaidh screada\u00edl in \u00e9ineacht leis an Phalaist\u00edn? Sa leabhar seo (32 lch, l\u00e1ndaite). d\u00e9antar Iarracht a cheapadh, i bhfocail, i ndanta agus i l\u00edn\u00edochta\u00ed, uaf\u00e1s an chined\u00edothaithe shist\u00e9amaigh agus an deargscriosta at\u00e1 \u00e1 imirt d&#39;aonghn\u00f3 ar phobal na Palaist\u00edne agus a dt\u00edr.<\/p>\n<p><\/p>\n<p>Who will scream with Palestine? Words, poems and drawings trying to capture the unbelievable horror of the deliberate and systematic erasure of Palestine and its people through genocide and pulverising destruction.<\/p>\n<p><\/p>\n<p>Seolfar na f\u00e1ltais uilig \u00f3 dh\u00edol an leabhair seo chuig an togra &#39;ACLA\u00cd Palestine&#39;, ionad acla\u00edochta at\u00e1 suite i gcampa teifeach Aida i mBeithil, sa Bhruach Thiar, an Phalaist\u00edn.<\/p>","protected":false},"excerpt":{"rendered":"<p>P\u00f3l Mag Uidhir<\/p>","protected":false},"featured_media":38961,"comment_status":"open","ping_status":"closed","template":"","meta":{"_acf_changed":false,"_relevanssi_hide_post":"","_relevanssi_hide_content":"","_relevanssi_pin_for_all":"","_relevanssi_pin_keywords":"","_relevanssi_unpin_keywords":"","_relevanssi_related_keywords":"","_relevanssi_related_include_ids":"","_relevanssi_related_exclude_ids":"","_relevanssi_related_no_append":"","_relevanssi_related_not_related":"","_relevanssi_related_posts":"43454,38900,39071,712,40210,44261","_relevanssi_noindex_reason":""},"product_brand":[],"product_cat":[251],"product_tag":[],"class_list":{"0":"post-38930","1":"product","2":"type-product","3":"status-publish","4":"has-post-thumbnail","6":"product_cat-history-politics","7":"pa_authors-pol-mag-uidhir","9":"first","10":"instock","11":"taxable","12":"shipping-taxable","13":"purchasable","14":"product-type-simple"},"acf":[],"yoast_head":"<!-- This site is optimized with the Yoast SEO plugin v27.4 - https:\/\/yoast.com\/product\/yoast-seo-wordpress\/ -->\n<title>An Phalaist\u00edn ar Ceal Erasing Palestine - An Ceathr\u00fa P\u00f3il\u00ed<\/title>\n<meta name=\"description\" content=\"Order An Phalaist\u00edn ar Ceal Erasing Palestine by P\u00f3l Mag Uidhir from our History &amp; Politics shelves. The siopa leabhar ships worldwide! P\u00f3l Mag Uidhir\" \/>\n<meta name=\"robots\" content=\"index, follow, max-snippet:-1, max-image-preview:large, max-video-preview:-1\" \/>\n<link rel=\"canonical\" href=\"https:\/\/www.anceathrupoili.com\/ga\/shop\/an-phalaistin-ar-ceal-erasing-palestine\/\" \/>\n<meta property=\"og:locale\" content=\"ga_IE\" \/>\n<meta property=\"og:type\" content=\"article\" \/>\n<meta property=\"og:title\" content=\"An Phalaist\u00edn ar Ceal Erasing Palestine - An Ceathr\u00fa P\u00f3il\u00ed\" \/>\n<meta property=\"og:description\" content=\"Order An Phalaist\u00edn ar Ceal Erasing Palestine by P\u00f3l Mag Uidhir from our History &amp; Politics shelves. The siopa leabhar ships worldwide! P\u00f3l Mag Uidhir\" \/>\n<meta property=\"og:url\" content=\"https:\/\/www.anceathrupoili.com\/ga\/shop\/an-phalaistin-ar-ceal-erasing-palestine\/\" \/>\n<meta property=\"og:site_name\" content=\"An Ceathr\u00fa P\u00f3il\u00ed\" \/>\n<meta property=\"article:modified_time\" content=\"2026-04-16T14:34:43+00:00\" \/>\n<meta property=\"og:image\" content=\"https:\/\/www.anceathrupoili.com\/wp-content\/uploads\/2024\/08\/Palestine-Front-COVER-WITH-TITLES-scaled.jpg\" \/>\n\t<meta property=\"og:image:width\" content=\"1596\" \/>\n\t<meta property=\"og:image:height\" content=\"2560\" \/>\n\t<meta property=\"og:image:type\" content=\"image\/jpeg\" \/>\n<meta name=\"twitter:card\" content=\"summary_large_image\" \/>\n<meta name=\"twitter:label1\" content=\"Est. reading time\" \/>\n\t<meta name=\"twitter:data1\" content=\"1 minute\" \/>\n<script type=\"application\/ld+json\" class=\"yoast-schema-graph\">{\"@context\":\"https:\\\/\\\/schema.org\",\"@graph\":[{\"@type\":\"WebPage\",\"@id\":\"https:\\\/\\\/www.anceathrupoili.com\\\/shop\\\/an-phalaistin-ar-ceal-erasing-palestine\\\/\",\"url\":\"https:\\\/\\\/www.anceathrupoili.com\\\/shop\\\/an-phalaistin-ar-ceal-erasing-palestine\\\/\",\"name\":\"An Phalaist\u00edn ar Ceal Erasing Palestine - An Ceathr\u00fa P\u00f3il\u00ed\",\"isPartOf\":{\"@id\":\"https:\\\/\\\/www.anceathrupoili.com\\\/#website\"},\"primaryImageOfPage\":{\"@id\":\"https:\\\/\\\/www.anceathrupoili.com\\\/shop\\\/an-phalaistin-ar-ceal-erasing-palestine\\\/#primaryimage\"},\"image\":{\"@id\":\"https:\\\/\\\/www.anceathrupoili.com\\\/shop\\\/an-phalaistin-ar-ceal-erasing-palestine\\\/#primaryimage\"},\"thumbnailUrl\":\"https:\\\/\\\/www.anceathrupoili.com\\\/wp-content\\\/uploads\\\/2024\\\/08\\\/Palestine-Front-COVER-WITH-TITLES-scaled.jpg\",\"datePublished\":\"2024-08-12T15:36:15+00:00\",\"dateModified\":\"2026-04-16T14:34:43+00:00\",\"description\":\"Order An Phalaist\u00edn ar Ceal Erasing Palestine by P\u00f3l Mag Uidhir from our History &amp; Politics shelves. The siopa leabhar ships worldwide! P\u00f3l Mag Uidhir\",\"breadcrumb\":{\"@id\":\"https:\\\/\\\/www.anceathrupoili.com\\\/shop\\\/an-phalaistin-ar-ceal-erasing-palestine\\\/#breadcrumb\"},\"inLanguage\":\"ga-IE\",\"potentialAction\":[{\"@type\":\"ReadAction\",\"target\":[\"https:\\\/\\\/www.anceathrupoili.com\\\/shop\\\/an-phalaistin-ar-ceal-erasing-palestine\\\/\"]}]},{\"@type\":\"ImageObject\",\"inLanguage\":\"ga-IE\",\"@id\":\"https:\\\/\\\/www.anceathrupoili.com\\\/shop\\\/an-phalaistin-ar-ceal-erasing-palestine\\\/#primaryimage\",\"url\":\"https:\\\/\\\/www.anceathrupoili.com\\\/wp-content\\\/uploads\\\/2024\\\/08\\\/Palestine-Front-COVER-WITH-TITLES-scaled.jpg\",\"contentUrl\":\"https:\\\/\\\/www.anceathrupoili.com\\\/wp-content\\\/uploads\\\/2024\\\/08\\\/Palestine-Front-COVER-WITH-TITLES-scaled.jpg\",\"width\":1596,\"height\":2560},{\"@type\":\"BreadcrumbList\",\"@id\":\"https:\\\/\\\/www.anceathrupoili.com\\\/shop\\\/an-phalaistin-ar-ceal-erasing-palestine\\\/#breadcrumb\",\"itemListElement\":[{\"@type\":\"ListItem\",\"position\":1,\"name\":\"Home\",\"item\":\"https:\\\/\\\/www.anceathrupoili.com\\\/\"},{\"@type\":\"ListItem\",\"position\":2,\"name\":\"Shop\",\"item\":\"https:\\\/\\\/www.anceathrupoili.com\\\/shop\\\/\"},{\"@type\":\"ListItem\",\"position\":3,\"name\":\"An Phalaist\u00edn ar Ceal Erasing Palestine\"}]},{\"@type\":\"WebSite\",\"@id\":\"https:\\\/\\\/www.anceathrupoili.com\\\/#website\",\"url\":\"https:\\\/\\\/www.anceathrupoili.com\\\/\",\"name\":\"An Ceathr\u00fa P\u00f3il\u00ed\",\"description\":\"Belfast&#039;s Irish Language Bookshop\",\"publisher\":{\"@id\":\"https:\\\/\\\/www.anceathrupoili.com\\\/#organization\"},\"potentialAction\":[{\"@type\":\"SearchAction\",\"target\":{\"@type\":\"EntryPoint\",\"urlTemplate\":\"https:\\\/\\\/www.anceathrupoili.com\\\/?s={search_term_string}\"},\"query-input\":{\"@type\":\"PropertyValueSpecification\",\"valueRequired\":true,\"valueName\":\"search_term_string\"}}],\"inLanguage\":\"ga-IE\"},{\"@type\":\"Organization\",\"@id\":\"https:\\\/\\\/www.anceathrupoili.com\\\/#organization\",\"name\":\"An Ceathr\u00fa P\u00f3il\u00ed\",\"url\":\"https:\\\/\\\/www.anceathrupoili.com\\\/\",\"logo\":{\"@type\":\"ImageObject\",\"inLanguage\":\"ga-IE\",\"@id\":\"https:\\\/\\\/www.anceathrupoili.com\\\/#\\\/schema\\\/logo\\\/image\\\/\",\"url\":\"https:\\\/\\\/www.anceathrupoili.com\\\/wp-content\\\/uploads\\\/2024\\\/03\\\/Books-logo-names-01.svg\",\"contentUrl\":\"https:\\\/\\\/www.anceathrupoili.com\\\/wp-content\\\/uploads\\\/2024\\\/03\\\/Books-logo-names-01.svg\",\"width\":1,\"height\":1,\"caption\":\"An Ceathr\u00fa P\u00f3il\u00ed\"},\"image\":{\"@id\":\"https:\\\/\\\/www.anceathrupoili.com\\\/#\\\/schema\\\/logo\\\/image\\\/\"}}]}<\/script>\n<!-- \/ Yoast SEO plugin. -->","yoast_head_json":{"title":"An Phalaist\u00edn ar Ceal Erasing Palestine - An Ceathr\u00fa P\u00f3il\u00ed","description":"Order An Phalaist\u00edn ar Ceal Erasing Palestine by P\u00f3l Mag Uidhir from our History &amp; Politics shelves. The siopa leabhar ships worldwide! P\u00f3l Mag Uidhir","robots":{"index":"index","follow":"follow","max-snippet":"max-snippet:-1","max-image-preview":"max-image-preview:large","max-video-preview":"max-video-preview:-1"},"canonical":"https:\/\/www.anceathrupoili.com\/ga\/shop\/an-phalaistin-ar-ceal-erasing-palestine\/","og_locale":"ga_IE","og_type":"article","og_title":"An Phalaist\u00edn ar Ceal Erasing Palestine - An Ceathr\u00fa P\u00f3il\u00ed","og_description":"Order An Phalaist\u00edn ar Ceal Erasing Palestine by P\u00f3l Mag Uidhir from our History &amp; Politics shelves. The siopa leabhar ships worldwide! P\u00f3l Mag Uidhir","og_url":"https:\/\/www.anceathrupoili.com\/ga\/shop\/an-phalaistin-ar-ceal-erasing-palestine\/","og_site_name":"An Ceathr\u00fa P\u00f3il\u00ed","article_modified_time":"2026-04-16T14:34:43+00:00","og_image":[{"width":1596,"height":2560,"url":"https:\/\/www.anceathrupoili.com\/wp-content\/uploads\/2024\/08\/Palestine-Front-COVER-WITH-TITLES-scaled.jpg","type":"image\/jpeg"}],"twitter_card":"summary_large_image","twitter_misc":{"Est. reading time":"1 minute"},"schema":{"@context":"https:\/\/schema.org","@graph":[{"@type":"WebPage","@id":"https:\/\/www.anceathrupoili.com\/shop\/an-phalaistin-ar-ceal-erasing-palestine\/","url":"https:\/\/www.anceathrupoili.com\/shop\/an-phalaistin-ar-ceal-erasing-palestine\/","name":"An Phalaist\u00edn ar Ceal Erasing Palestine - An Ceathr\u00fa P\u00f3il\u00ed","isPartOf":{"@id":"https:\/\/www.anceathrupoili.com\/#website"},"primaryImageOfPage":{"@id":"https:\/\/www.anceathrupoili.com\/shop\/an-phalaistin-ar-ceal-erasing-palestine\/#primaryimage"},"image":{"@id":"https:\/\/www.anceathrupoili.com\/shop\/an-phalaistin-ar-ceal-erasing-palestine\/#primaryimage"},"thumbnailUrl":"https:\/\/www.anceathrupoili.com\/wp-content\/uploads\/2024\/08\/Palestine-Front-COVER-WITH-TITLES-scaled.jpg","datePublished":"2024-08-12T15:36:15+00:00","dateModified":"2026-04-16T14:34:43+00:00","description":"Order An Phalaist\u00edn ar Ceal Erasing Palestine by P\u00f3l Mag Uidhir from our History &amp; Politics shelves. The siopa leabhar ships worldwide! P\u00f3l Mag Uidhir","breadcrumb":{"@id":"https:\/\/www.anceathrupoili.com\/shop\/an-phalaistin-ar-ceal-erasing-palestine\/#breadcrumb"},"inLanguage":"ga-IE","potentialAction":[{"@type":"ReadAction","target":["https:\/\/www.anceathrupoili.com\/shop\/an-phalaistin-ar-ceal-erasing-palestine\/"]}]},{"@type":"ImageObject","inLanguage":"ga-IE","@id":"https:\/\/www.anceathrupoili.com\/shop\/an-phalaistin-ar-ceal-erasing-palestine\/#primaryimage","url":"https:\/\/www.anceathrupoili.com\/wp-content\/uploads\/2024\/08\/Palestine-Front-COVER-WITH-TITLES-scaled.jpg","contentUrl":"https:\/\/www.anceathrupoili.com\/wp-content\/uploads\/2024\/08\/Palestine-Front-COVER-WITH-TITLES-scaled.jpg","width":1596,"height":2560},{"@type":"BreadcrumbList","@id":"https:\/\/www.anceathrupoili.com\/shop\/an-phalaistin-ar-ceal-erasing-palestine\/#breadcrumb","itemListElement":[{"@type":"ListItem","position":1,"name":"Home","item":"https:\/\/www.anceathrupoili.com\/"},{"@type":"ListItem","position":2,"name":"Shop","item":"https:\/\/www.anceathrupoili.com\/shop\/"},{"@type":"ListItem","position":3,"name":"An Phalaist\u00edn ar Ceal Erasing Palestine"}]},{"@type":"WebSite","@id":"https:\/\/www.anceathrupoili.com\/#website","url":"https:\/\/www.anceathrupoili.com\/","name":"An Ceathr\u00fa P\u00f3il\u00ed","description":"Belfast&#039;s Irish Language Bookshop","publisher":{"@id":"https:\/\/www.anceathrupoili.com\/#organization"},"potentialAction":[{"@type":"SearchAction","target":{"@type":"EntryPoint","urlTemplate":"https:\/\/www.anceathrupoili.com\/?s={search_term_string}"},"query-input":{"@type":"PropertyValueSpecification","valueRequired":true,"valueName":"search_term_string"}}],"inLanguage":"ga-IE"},{"@type":"Organization","@id":"https:\/\/www.anceathrupoili.com\/#organization","name":"An Ceathr\u00fa P\u00f3il\u00ed","url":"https:\/\/www.anceathrupoili.com\/","logo":{"@type":"ImageObject","inLanguage":"ga-IE","@id":"https:\/\/www.anceathrupoili.com\/#\/schema\/logo\/image\/","url":"https:\/\/www.anceathrupoili.com\/wp-content\/uploads\/2024\/03\/Books-logo-names-01.svg","contentUrl":"https:\/\/www.anceathrupoili.com\/wp-content\/uploads\/2024\/03\/Books-logo-names-01.svg","width":1,"height":1,"caption":"An Ceathr\u00fa P\u00f3il\u00ed"},"image":{"@id":"https:\/\/www.anceathrupoili.com\/#\/schema\/logo\/image\/"}}]}},"_links":{"self":[{"href":"https:\/\/www.anceathrupoili.com\/ga\/wp-json\/wp\/v2\/product\/38930","targetHints":{"allow":["GET"]}}],"collection":[{"href":"https:\/\/www.anceathrupoili.com\/ga\/wp-json\/wp\/v2\/product"}],"about":[{"href":"https:\/\/www.anceathrupoili.com\/ga\/wp-json\/wp\/v2\/types\/product"}],"replies":[{"embeddable":true,"href":"https:\/\/www.anceathrupoili.com\/ga\/wp-json\/wp\/v2\/comments?post=38930"}],"wp:featuredmedia":[{"embeddable":true,"href":"https:\/\/www.anceathrupoili.com\/ga\/wp-json\/wp\/v2\/media\/38961"}],"wp:attachment":[{"href":"https:\/\/www.anceathrupoili.com\/ga\/wp-json\/wp\/v2\/media?parent=38930"}],"wp:term":[{"taxonomy":"product_brand","embeddable":true,"href":"https:\/\/www.anceathrupoili.com\/ga\/wp-json\/wp\/v2\/product_brand?post=38930"},{"taxonomy":"product_cat","embeddable":true,"href":"https:\/\/www.anceathrupoili.com\/ga\/wp-json\/wp\/v2\/product_cat?post=38930"},{"taxonomy":"product_tag","embeddable":true,"href":"https:\/\/www.anceathrupoili.com\/ga\/wp-json\/wp\/v2\/product_tag?post=38930"}],"curies":[{"name":"wp","href":"https:\/\/api.w.org\/{rel}","templated":true}]}}