{"id":39316,"date":"2024-10-11T17:29:21","date_gmt":"2024-10-11T16:29:21","guid":{"rendered":"https:\/\/www.anceathrupoili.com\/?post_type=product&#038;p=39316"},"modified":"2026-04-21T13:29:13","modified_gmt":"2026-04-21T12:29:13","slug":"mamai-ge","status":"publish","type":"product","link":"https:\/\/www.anceathrupoili.com\/ga\/shop\/mamai-ge\/","title":{"rendered":"Mama\u00ed G\u00e9"},"content":{"rendered":"<p><strong>\u00d3rchiste de rannta Mhama\u00ed G\u00e9 do dhaoine \u00f3ga<\/strong><\/p>\n<p>Ba \u00e9 t\u00c9ireanach, Oliver Goldsmith a chuir an ch\u00e9ad eagr\u00e1n de v\u00e9arsai Mhama\u00ed G\u00e9 in eagar. T\u00e1 \u00c9ireannach eile, Gabriel Rosenstock, i ndiaidh moll m\u00f3r acu sin chomh maith le c\u00fapla v\u00e9arsa clasaiceach eile \u00f3 bh\u00e9aloideas shaol an Bh\u00e9arla, a thiont\u00fa go Gaeilge d\u00fainn. Maisithe go h\u00e1lainn ag Kim Sharkey. Taisce speisialta a chuirfeas \u00e1thas ar do chro\u00ed.<\/p>\n<p><strong>A Golden Treasury of Mother Goose rhymes for children<\/strong><\/p>\n<p>Poet-translator Gabriel Rosenstock selects and traanscreates a goodly handful of evergreen Mother Goose rhymes. Other classic poems from Anglophone oral tradition are added for good measure in this charming dual-language edition. Wonderfully illustrated by KimSharkey. A special treasure that will fill your heart with joy.<\/p>","protected":false},"excerpt":{"rendered":"<p>\u00d3rchiste de rannta Mhama\u00ed G\u00e9 do dhaoine \u00f3ga Ba \u00e9 t\u00c9ireanach, Oliver Goldsmith a chuir an ch\u00e9ad eagr\u00e1n de v\u00e9arsai Mhama\u00ed G\u00e9 in eagar. T\u00e1 \u00c9ireannach eile, Gabriel Rosenstock, i ndiaidh moll m\u00f3r acu sin chomh maith le c\u00fapla v\u00e9arsa clasaiceach eile \u00f3 bh\u00e9aloideas shaol an Bh\u00e9arla, a thiont\u00fa go Gaeilge d\u00fainn. Maisithe go h\u00e1lainn&hellip;<\/p>","protected":false},"featured_media":39317,"comment_status":"open","ping_status":"closed","template":"","meta":{"_acf_changed":false,"_relevanssi_hide_post":"","_relevanssi_hide_content":"","_relevanssi_pin_for_all":"","_relevanssi_pin_keywords":"","_relevanssi_unpin_keywords":"","_relevanssi_related_keywords":"","_relevanssi_related_include_ids":"","_relevanssi_related_exclude_ids":"","_relevanssi_related_no_append":"","_relevanssi_related_not_related":"","_relevanssi_related_posts":"2045,166,256,366,395,396","_relevanssi_noindex_reason":""},"product_brand":[],"product_cat":[247],"product_tag":[],"class_list":{"0":"post-39316","1":"product","2":"type-product","3":"status-publish","4":"has-post-thumbnail","6":"product_cat-young-people","7":"pa_authors-gabriel-rosenstock","9":"first","10":"instock","11":"taxable","12":"shipping-taxable","13":"purchasable","14":"product-type-simple"},"acf":[],"yoast_head":"<!-- This site is optimized with the Yoast SEO plugin v27.4 - https:\/\/yoast.com\/product\/yoast-seo-wordpress\/ -->\n<title>Mama\u00ed G\u00e9 - An Ceathr\u00fa P\u00f3il\u00ed<\/title>\n<meta name=\"description\" content=\"Order Mama\u00ed G\u00e9 by Gabriel Rosenstock from our Young People shelves. The siopa leabhar ships worldwide! \u00d3rchiste de rannta Mhama\u00ed G\u00e9 do dhaoine \u00f3ga Ba \u00e9 t\u00c9ireanach, Oliver Goldsmith a chuir an ch\u00e9ad eagr\u00e1n de v\u00e9arsai Mhama\u00ed G\u00e9 in eagar. T\u00e1 \u00c9ireannach eile,\" \/>\n<meta name=\"robots\" content=\"index, follow, max-snippet:-1, max-image-preview:large, max-video-preview:-1\" \/>\n<link rel=\"canonical\" href=\"https:\/\/www.anceathrupoili.com\/ga\/shop\/mamai-ge\/\" \/>\n<meta property=\"og:locale\" content=\"ga_IE\" \/>\n<meta property=\"og:type\" content=\"article\" \/>\n<meta property=\"og:title\" content=\"Mama\u00ed G\u00e9 - An Ceathr\u00fa P\u00f3il\u00ed\" \/>\n<meta property=\"og:description\" content=\"Order Mama\u00ed G\u00e9 by Gabriel Rosenstock from our Young People shelves. The siopa leabhar ships worldwide! \u00d3rchiste de rannta Mhama\u00ed G\u00e9 do dhaoine \u00f3ga Ba \u00e9 t\u00c9ireanach, Oliver Goldsmith a chuir an ch\u00e9ad eagr\u00e1n de v\u00e9arsai Mhama\u00ed G\u00e9 in eagar. T\u00e1 \u00c9ireannach eile,\" \/>\n<meta property=\"og:url\" content=\"https:\/\/www.anceathrupoili.com\/ga\/shop\/mamai-ge\/\" \/>\n<meta property=\"og:site_name\" content=\"An Ceathr\u00fa P\u00f3il\u00ed\" \/>\n<meta property=\"article:modified_time\" content=\"2026-04-21T12:29:13+00:00\" \/>\n<meta property=\"og:image\" content=\"https:\/\/www.anceathrupoili.com\/wp-content\/uploads\/2024\/10\/mamai-ge.png\" \/>\n\t<meta property=\"og:image:width\" content=\"378\" \/>\n\t<meta property=\"og:image:height\" content=\"560\" \/>\n\t<meta property=\"og:image:type\" content=\"image\/png\" \/>\n<meta name=\"twitter:card\" content=\"summary_large_image\" \/>\n<meta name=\"twitter:label1\" content=\"Est. reading time\" \/>\n\t<meta name=\"twitter:data1\" content=\"1 minute\" \/>\n<script type=\"application\/ld+json\" class=\"yoast-schema-graph\">{\"@context\":\"https:\\\/\\\/schema.org\",\"@graph\":[{\"@type\":\"WebPage\",\"@id\":\"https:\\\/\\\/www.anceathrupoili.com\\\/shop\\\/mamai-ge\\\/\",\"url\":\"https:\\\/\\\/www.anceathrupoili.com\\\/shop\\\/mamai-ge\\\/\",\"name\":\"Mama\u00ed G\u00e9 - An Ceathr\u00fa P\u00f3il\u00ed\",\"isPartOf\":{\"@id\":\"https:\\\/\\\/www.anceathrupoili.com\\\/#website\"},\"primaryImageOfPage\":{\"@id\":\"https:\\\/\\\/www.anceathrupoili.com\\\/shop\\\/mamai-ge\\\/#primaryimage\"},\"image\":{\"@id\":\"https:\\\/\\\/www.anceathrupoili.com\\\/shop\\\/mamai-ge\\\/#primaryimage\"},\"thumbnailUrl\":\"https:\\\/\\\/www.anceathrupoili.com\\\/wp-content\\\/uploads\\\/2024\\\/10\\\/mamai-ge.png\",\"datePublished\":\"2024-10-11T16:29:21+00:00\",\"dateModified\":\"2026-04-21T12:29:13+00:00\",\"description\":\"Order Mama\u00ed G\u00e9 by Gabriel Rosenstock from our Young People shelves. The siopa leabhar ships worldwide! \u00d3rchiste de rannta Mhama\u00ed G\u00e9 do dhaoine \u00f3ga Ba \u00e9 t\u00c9ireanach, Oliver Goldsmith a chuir an ch\u00e9ad eagr\u00e1n de v\u00e9arsai Mhama\u00ed G\u00e9 in eagar. T\u00e1 \u00c9ireannach eile,\",\"breadcrumb\":{\"@id\":\"https:\\\/\\\/www.anceathrupoili.com\\\/shop\\\/mamai-ge\\\/#breadcrumb\"},\"inLanguage\":\"ga-IE\",\"potentialAction\":[{\"@type\":\"ReadAction\",\"target\":[\"https:\\\/\\\/www.anceathrupoili.com\\\/shop\\\/mamai-ge\\\/\"]}]},{\"@type\":\"ImageObject\",\"inLanguage\":\"ga-IE\",\"@id\":\"https:\\\/\\\/www.anceathrupoili.com\\\/shop\\\/mamai-ge\\\/#primaryimage\",\"url\":\"https:\\\/\\\/www.anceathrupoili.com\\\/wp-content\\\/uploads\\\/2024\\\/10\\\/mamai-ge.png\",\"contentUrl\":\"https:\\\/\\\/www.anceathrupoili.com\\\/wp-content\\\/uploads\\\/2024\\\/10\\\/mamai-ge.png\",\"width\":378,\"height\":560},{\"@type\":\"BreadcrumbList\",\"@id\":\"https:\\\/\\\/www.anceathrupoili.com\\\/shop\\\/mamai-ge\\\/#breadcrumb\",\"itemListElement\":[{\"@type\":\"ListItem\",\"position\":1,\"name\":\"Home\",\"item\":\"https:\\\/\\\/www.anceathrupoili.com\\\/\"},{\"@type\":\"ListItem\",\"position\":2,\"name\":\"Shop\",\"item\":\"https:\\\/\\\/www.anceathrupoili.com\\\/shop\\\/\"},{\"@type\":\"ListItem\",\"position\":3,\"name\":\"Mama\u00ed G\u00e9\"}]},{\"@type\":\"WebSite\",\"@id\":\"https:\\\/\\\/www.anceathrupoili.com\\\/#website\",\"url\":\"https:\\\/\\\/www.anceathrupoili.com\\\/\",\"name\":\"An Ceathr\u00fa P\u00f3il\u00ed\",\"description\":\"Belfast&#039;s Irish Language Bookshop\",\"publisher\":{\"@id\":\"https:\\\/\\\/www.anceathrupoili.com\\\/#organization\"},\"potentialAction\":[{\"@type\":\"SearchAction\",\"target\":{\"@type\":\"EntryPoint\",\"urlTemplate\":\"https:\\\/\\\/www.anceathrupoili.com\\\/?s={search_term_string}\"},\"query-input\":{\"@type\":\"PropertyValueSpecification\",\"valueRequired\":true,\"valueName\":\"search_term_string\"}}],\"inLanguage\":\"ga-IE\"},{\"@type\":\"Organization\",\"@id\":\"https:\\\/\\\/www.anceathrupoili.com\\\/#organization\",\"name\":\"An Ceathr\u00fa P\u00f3il\u00ed\",\"url\":\"https:\\\/\\\/www.anceathrupoili.com\\\/\",\"logo\":{\"@type\":\"ImageObject\",\"inLanguage\":\"ga-IE\",\"@id\":\"https:\\\/\\\/www.anceathrupoili.com\\\/#\\\/schema\\\/logo\\\/image\\\/\",\"url\":\"https:\\\/\\\/www.anceathrupoili.com\\\/wp-content\\\/uploads\\\/2024\\\/03\\\/Books-logo-names-01.svg\",\"contentUrl\":\"https:\\\/\\\/www.anceathrupoili.com\\\/wp-content\\\/uploads\\\/2024\\\/03\\\/Books-logo-names-01.svg\",\"width\":1,\"height\":1,\"caption\":\"An Ceathr\u00fa P\u00f3il\u00ed\"},\"image\":{\"@id\":\"https:\\\/\\\/www.anceathrupoili.com\\\/#\\\/schema\\\/logo\\\/image\\\/\"}}]}<\/script>\n<!-- \/ Yoast SEO plugin. -->","yoast_head_json":{"title":"Mama\u00ed G\u00e9 - An Ceathr\u00fa P\u00f3il\u00ed","description":"Order Mama\u00ed G\u00e9 by Gabriel Rosenstock from our Young People shelves. The siopa leabhar ships worldwide! \u00d3rchiste de rannta Mhama\u00ed G\u00e9 do dhaoine \u00f3ga Ba \u00e9 t\u00c9ireanach, Oliver Goldsmith a chuir an ch\u00e9ad eagr\u00e1n de v\u00e9arsai Mhama\u00ed G\u00e9 in eagar. T\u00e1 \u00c9ireannach eile,","robots":{"index":"index","follow":"follow","max-snippet":"max-snippet:-1","max-image-preview":"max-image-preview:large","max-video-preview":"max-video-preview:-1"},"canonical":"https:\/\/www.anceathrupoili.com\/ga\/shop\/mamai-ge\/","og_locale":"ga_IE","og_type":"article","og_title":"Mama\u00ed G\u00e9 - An Ceathr\u00fa P\u00f3il\u00ed","og_description":"Order Mama\u00ed G\u00e9 by Gabriel Rosenstock from our Young People shelves. The siopa leabhar ships worldwide! \u00d3rchiste de rannta Mhama\u00ed G\u00e9 do dhaoine \u00f3ga Ba \u00e9 t\u00c9ireanach, Oliver Goldsmith a chuir an ch\u00e9ad eagr\u00e1n de v\u00e9arsai Mhama\u00ed G\u00e9 in eagar. T\u00e1 \u00c9ireannach eile,","og_url":"https:\/\/www.anceathrupoili.com\/ga\/shop\/mamai-ge\/","og_site_name":"An Ceathr\u00fa P\u00f3il\u00ed","article_modified_time":"2026-04-21T12:29:13+00:00","og_image":[{"width":378,"height":560,"url":"https:\/\/www.anceathrupoili.com\/wp-content\/uploads\/2024\/10\/mamai-ge.png","type":"image\/png"}],"twitter_card":"summary_large_image","twitter_misc":{"Est. reading time":"1 minute"},"schema":{"@context":"https:\/\/schema.org","@graph":[{"@type":"WebPage","@id":"https:\/\/www.anceathrupoili.com\/shop\/mamai-ge\/","url":"https:\/\/www.anceathrupoili.com\/shop\/mamai-ge\/","name":"Mama\u00ed G\u00e9 - An Ceathr\u00fa P\u00f3il\u00ed","isPartOf":{"@id":"https:\/\/www.anceathrupoili.com\/#website"},"primaryImageOfPage":{"@id":"https:\/\/www.anceathrupoili.com\/shop\/mamai-ge\/#primaryimage"},"image":{"@id":"https:\/\/www.anceathrupoili.com\/shop\/mamai-ge\/#primaryimage"},"thumbnailUrl":"https:\/\/www.anceathrupoili.com\/wp-content\/uploads\/2024\/10\/mamai-ge.png","datePublished":"2024-10-11T16:29:21+00:00","dateModified":"2026-04-21T12:29:13+00:00","description":"Order Mama\u00ed G\u00e9 by Gabriel Rosenstock from our Young People shelves. The siopa leabhar ships worldwide! \u00d3rchiste de rannta Mhama\u00ed G\u00e9 do dhaoine \u00f3ga Ba \u00e9 t\u00c9ireanach, Oliver Goldsmith a chuir an ch\u00e9ad eagr\u00e1n de v\u00e9arsai Mhama\u00ed G\u00e9 in eagar. T\u00e1 \u00c9ireannach eile,","breadcrumb":{"@id":"https:\/\/www.anceathrupoili.com\/shop\/mamai-ge\/#breadcrumb"},"inLanguage":"ga-IE","potentialAction":[{"@type":"ReadAction","target":["https:\/\/www.anceathrupoili.com\/shop\/mamai-ge\/"]}]},{"@type":"ImageObject","inLanguage":"ga-IE","@id":"https:\/\/www.anceathrupoili.com\/shop\/mamai-ge\/#primaryimage","url":"https:\/\/www.anceathrupoili.com\/wp-content\/uploads\/2024\/10\/mamai-ge.png","contentUrl":"https:\/\/www.anceathrupoili.com\/wp-content\/uploads\/2024\/10\/mamai-ge.png","width":378,"height":560},{"@type":"BreadcrumbList","@id":"https:\/\/www.anceathrupoili.com\/shop\/mamai-ge\/#breadcrumb","itemListElement":[{"@type":"ListItem","position":1,"name":"Home","item":"https:\/\/www.anceathrupoili.com\/"},{"@type":"ListItem","position":2,"name":"Shop","item":"https:\/\/www.anceathrupoili.com\/shop\/"},{"@type":"ListItem","position":3,"name":"Mama\u00ed G\u00e9"}]},{"@type":"WebSite","@id":"https:\/\/www.anceathrupoili.com\/#website","url":"https:\/\/www.anceathrupoili.com\/","name":"An Ceathr\u00fa P\u00f3il\u00ed","description":"Belfast&#039;s Irish Language Bookshop","publisher":{"@id":"https:\/\/www.anceathrupoili.com\/#organization"},"potentialAction":[{"@type":"SearchAction","target":{"@type":"EntryPoint","urlTemplate":"https:\/\/www.anceathrupoili.com\/?s={search_term_string}"},"query-input":{"@type":"PropertyValueSpecification","valueRequired":true,"valueName":"search_term_string"}}],"inLanguage":"ga-IE"},{"@type":"Organization","@id":"https:\/\/www.anceathrupoili.com\/#organization","name":"An Ceathr\u00fa P\u00f3il\u00ed","url":"https:\/\/www.anceathrupoili.com\/","logo":{"@type":"ImageObject","inLanguage":"ga-IE","@id":"https:\/\/www.anceathrupoili.com\/#\/schema\/logo\/image\/","url":"https:\/\/www.anceathrupoili.com\/wp-content\/uploads\/2024\/03\/Books-logo-names-01.svg","contentUrl":"https:\/\/www.anceathrupoili.com\/wp-content\/uploads\/2024\/03\/Books-logo-names-01.svg","width":1,"height":1,"caption":"An Ceathr\u00fa P\u00f3il\u00ed"},"image":{"@id":"https:\/\/www.anceathrupoili.com\/#\/schema\/logo\/image\/"}}]}},"_links":{"self":[{"href":"https:\/\/www.anceathrupoili.com\/ga\/wp-json\/wp\/v2\/product\/39316","targetHints":{"allow":["GET"]}}],"collection":[{"href":"https:\/\/www.anceathrupoili.com\/ga\/wp-json\/wp\/v2\/product"}],"about":[{"href":"https:\/\/www.anceathrupoili.com\/ga\/wp-json\/wp\/v2\/types\/product"}],"replies":[{"embeddable":true,"href":"https:\/\/www.anceathrupoili.com\/ga\/wp-json\/wp\/v2\/comments?post=39316"}],"wp:featuredmedia":[{"embeddable":true,"href":"https:\/\/www.anceathrupoili.com\/ga\/wp-json\/wp\/v2\/media\/39317"}],"wp:attachment":[{"href":"https:\/\/www.anceathrupoili.com\/ga\/wp-json\/wp\/v2\/media?parent=39316"}],"wp:term":[{"taxonomy":"product_brand","embeddable":true,"href":"https:\/\/www.anceathrupoili.com\/ga\/wp-json\/wp\/v2\/product_brand?post=39316"},{"taxonomy":"product_cat","embeddable":true,"href":"https:\/\/www.anceathrupoili.com\/ga\/wp-json\/wp\/v2\/product_cat?post=39316"},{"taxonomy":"product_tag","embeddable":true,"href":"https:\/\/www.anceathrupoili.com\/ga\/wp-json\/wp\/v2\/product_tag?post=39316"}],"curies":[{"name":"wp","href":"https:\/\/api.w.org\/{rel}","templated":true}]}}