{"id":3936,"date":"2020-07-02T11:13:50","date_gmt":"2020-07-02T10:13:50","guid":{"rendered":"http:\/\/www.anceathrupoili.com\/?post_type=product&#038;p=3936"},"modified":"2026-04-17T08:59:40","modified_gmt":"2026-04-17T07:59:40","slug":"o-chleamairi-go-ceamarai","status":"publish","type":"product","link":"https:\/\/www.anceathrupoili.com\/ga\/shop\/o-chleamairi-go-ceamarai\/","title":{"rendered":"\u00d3 Chleamair\u00ed Go Ceamara\u00ed"},"content":{"rendered":"","protected":false},"excerpt":{"rendered":"","protected":false},"featured_media":7334,"comment_status":"open","ping_status":"closed","template":"","meta":{"_acf_changed":false,"_relevanssi_hide_post":"","_relevanssi_hide_content":"","_relevanssi_pin_for_all":"","_relevanssi_pin_keywords":"","_relevanssi_unpin_keywords":"","_relevanssi_related_keywords":"","_relevanssi_related_include_ids":"","_relevanssi_related_exclude_ids":"","_relevanssi_related_no_append":"","_relevanssi_related_not_related":"","_relevanssi_related_posts":"2839,2854,38925,42977,141,368","_relevanssi_noindex_reason":""},"product_brand":[],"product_cat":[260],"product_tag":[],"class_list":{"0":"post-3936","1":"product","2":"type-product","3":"status-publish","4":"has-post-thumbnail","6":"product_cat-drama","8":"first","9":"instock","10":"taxable","11":"shipping-taxable","12":"purchasable","13":"product-type-simple"},"acf":[],"yoast_head":"<!-- This site is optimized with the Yoast SEO plugin v27.4 - https:\/\/yoast.com\/product\/yoast-seo-wordpress\/ -->\n<title>\u00d3 Chleamair\u00ed Go Ceamara\u00ed - An Ceathr\u00fa P\u00f3il\u00ed<\/title>\n<meta name=\"robots\" content=\"index, follow, max-snippet:-1, max-image-preview:large, max-video-preview:-1\" \/>\n<link rel=\"canonical\" href=\"https:\/\/www.anceathrupoili.com\/ga\/shop\/o-chleamairi-go-ceamarai\/\" \/>\n<meta property=\"og:locale\" content=\"ga_IE\" \/>\n<meta property=\"og:type\" content=\"article\" \/>\n<meta property=\"og:title\" content=\"\u00d3 Chleamair\u00ed Go Ceamara\u00ed - An Ceathr\u00fa P\u00f3il\u00ed\" \/>\n<meta property=\"og:url\" content=\"https:\/\/www.anceathrupoili.com\/ga\/shop\/o-chleamairi-go-ceamarai\/\" \/>\n<meta property=\"og:site_name\" content=\"An Ceathr\u00fa P\u00f3il\u00ed\" \/>\n<meta property=\"article:modified_time\" content=\"2026-04-17T07:59:40+00:00\" \/>\n<meta property=\"og:image\" content=\"https:\/\/www.anceathrupoili.com\/wp-content\/uploads\/2024\/02\/ocgg-final-rgb-web-ff37dd0c207-scaled-1.jpg\" \/>\n\t<meta property=\"og:image:width\" content=\"1702\" \/>\n\t<meta property=\"og:image:height\" content=\"2560\" \/>\n\t<meta property=\"og:image:type\" content=\"image\/jpeg\" \/>\n<meta name=\"twitter:card\" content=\"summary_large_image\" \/>\n<script type=\"application\/ld+json\" class=\"yoast-schema-graph\">{\"@context\":\"https:\\\/\\\/schema.org\",\"@graph\":[{\"@type\":\"WebPage\",\"@id\":\"https:\\\/\\\/www.anceathrupoili.com\\\/shop\\\/o-chleamairi-go-ceamarai\\\/\",\"url\":\"https:\\\/\\\/www.anceathrupoili.com\\\/shop\\\/o-chleamairi-go-ceamarai\\\/\",\"name\":\"\u00d3 Chleamair\u00ed Go Ceamara\u00ed - An Ceathr\u00fa P\u00f3il\u00ed\",\"isPartOf\":{\"@id\":\"https:\\\/\\\/www.anceathrupoili.com\\\/#website\"},\"primaryImageOfPage\":{\"@id\":\"https:\\\/\\\/www.anceathrupoili.com\\\/shop\\\/o-chleamairi-go-ceamarai\\\/#primaryimage\"},\"image\":{\"@id\":\"https:\\\/\\\/www.anceathrupoili.com\\\/shop\\\/o-chleamairi-go-ceamarai\\\/#primaryimage\"},\"thumbnailUrl\":\"https:\\\/\\\/www.anceathrupoili.com\\\/wp-content\\\/uploads\\\/2024\\\/02\\\/ocgg-final-rgb-web-ff37dd0c207-scaled-1.jpg\",\"datePublished\":\"2020-07-02T10:13:50+00:00\",\"dateModified\":\"2026-04-17T07:59:40+00:00\",\"breadcrumb\":{\"@id\":\"https:\\\/\\\/www.anceathrupoili.com\\\/shop\\\/o-chleamairi-go-ceamarai\\\/#breadcrumb\"},\"inLanguage\":\"ga-IE\",\"potentialAction\":[{\"@type\":\"ReadAction\",\"target\":[\"https:\\\/\\\/www.anceathrupoili.com\\\/shop\\\/o-chleamairi-go-ceamarai\\\/\"]}]},{\"@type\":\"ImageObject\",\"inLanguage\":\"ga-IE\",\"@id\":\"https:\\\/\\\/www.anceathrupoili.com\\\/shop\\\/o-chleamairi-go-ceamarai\\\/#primaryimage\",\"url\":\"https:\\\/\\\/www.anceathrupoili.com\\\/wp-content\\\/uploads\\\/2024\\\/02\\\/ocgg-final-rgb-web-ff37dd0c207-scaled-1.jpg\",\"contentUrl\":\"https:\\\/\\\/www.anceathrupoili.com\\\/wp-content\\\/uploads\\\/2024\\\/02\\\/ocgg-final-rgb-web-ff37dd0c207-scaled-1.jpg\",\"width\":1702,\"height\":2560},{\"@type\":\"BreadcrumbList\",\"@id\":\"https:\\\/\\\/www.anceathrupoili.com\\\/shop\\\/o-chleamairi-go-ceamarai\\\/#breadcrumb\",\"itemListElement\":[{\"@type\":\"ListItem\",\"position\":1,\"name\":\"Home\",\"item\":\"https:\\\/\\\/www.anceathrupoili.com\\\/\"},{\"@type\":\"ListItem\",\"position\":2,\"name\":\"Shop\",\"item\":\"https:\\\/\\\/www.anceathrupoili.com\\\/shop\\\/\"},{\"@type\":\"ListItem\",\"position\":3,\"name\":\"\u00d3 Chleamair\u00ed Go Ceamara\u00ed\"}]},{\"@type\":\"WebSite\",\"@id\":\"https:\\\/\\\/www.anceathrupoili.com\\\/#website\",\"url\":\"https:\\\/\\\/www.anceathrupoili.com\\\/\",\"name\":\"An Ceathr\u00fa P\u00f3il\u00ed\",\"description\":\"Belfast&#039;s Irish Language Bookshop\",\"publisher\":{\"@id\":\"https:\\\/\\\/www.anceathrupoili.com\\\/#organization\"},\"potentialAction\":[{\"@type\":\"SearchAction\",\"target\":{\"@type\":\"EntryPoint\",\"urlTemplate\":\"https:\\\/\\\/www.anceathrupoili.com\\\/?s={search_term_string}\"},\"query-input\":{\"@type\":\"PropertyValueSpecification\",\"valueRequired\":true,\"valueName\":\"search_term_string\"}}],\"inLanguage\":\"ga-IE\"},{\"@type\":\"Organization\",\"@id\":\"https:\\\/\\\/www.anceathrupoili.com\\\/#organization\",\"name\":\"An Ceathr\u00fa P\u00f3il\u00ed\",\"url\":\"https:\\\/\\\/www.anceathrupoili.com\\\/\",\"logo\":{\"@type\":\"ImageObject\",\"inLanguage\":\"ga-IE\",\"@id\":\"https:\\\/\\\/www.anceathrupoili.com\\\/#\\\/schema\\\/logo\\\/image\\\/\",\"url\":\"https:\\\/\\\/www.anceathrupoili.com\\\/wp-content\\\/uploads\\\/2024\\\/03\\\/Books-logo-names-01.svg\",\"contentUrl\":\"https:\\\/\\\/www.anceathrupoili.com\\\/wp-content\\\/uploads\\\/2024\\\/03\\\/Books-logo-names-01.svg\",\"width\":1,\"height\":1,\"caption\":\"An Ceathr\u00fa P\u00f3il\u00ed\"},\"image\":{\"@id\":\"https:\\\/\\\/www.anceathrupoili.com\\\/#\\\/schema\\\/logo\\\/image\\\/\"}}]}<\/script>\n<!-- \/ Yoast SEO plugin. -->","yoast_head_json":{"title":"\u00d3 Chleamair\u00ed Go Ceamara\u00ed - An Ceathr\u00fa P\u00f3il\u00ed","robots":{"index":"index","follow":"follow","max-snippet":"max-snippet:-1","max-image-preview":"max-image-preview:large","max-video-preview":"max-video-preview:-1"},"canonical":"https:\/\/www.anceathrupoili.com\/ga\/shop\/o-chleamairi-go-ceamarai\/","og_locale":"ga_IE","og_type":"article","og_title":"\u00d3 Chleamair\u00ed Go Ceamara\u00ed - An Ceathr\u00fa P\u00f3il\u00ed","og_url":"https:\/\/www.anceathrupoili.com\/ga\/shop\/o-chleamairi-go-ceamarai\/","og_site_name":"An Ceathr\u00fa P\u00f3il\u00ed","article_modified_time":"2026-04-17T07:59:40+00:00","og_image":[{"width":1702,"height":2560,"url":"https:\/\/www.anceathrupoili.com\/wp-content\/uploads\/2024\/02\/ocgg-final-rgb-web-ff37dd0c207-scaled-1.jpg","type":"image\/jpeg"}],"twitter_card":"summary_large_image","schema":{"@context":"https:\/\/schema.org","@graph":[{"@type":"WebPage","@id":"https:\/\/www.anceathrupoili.com\/shop\/o-chleamairi-go-ceamarai\/","url":"https:\/\/www.anceathrupoili.com\/shop\/o-chleamairi-go-ceamarai\/","name":"\u00d3 Chleamair\u00ed Go Ceamara\u00ed - An Ceathr\u00fa P\u00f3il\u00ed","isPartOf":{"@id":"https:\/\/www.anceathrupoili.com\/#website"},"primaryImageOfPage":{"@id":"https:\/\/www.anceathrupoili.com\/shop\/o-chleamairi-go-ceamarai\/#primaryimage"},"image":{"@id":"https:\/\/www.anceathrupoili.com\/shop\/o-chleamairi-go-ceamarai\/#primaryimage"},"thumbnailUrl":"https:\/\/www.anceathrupoili.com\/wp-content\/uploads\/2024\/02\/ocgg-final-rgb-web-ff37dd0c207-scaled-1.jpg","datePublished":"2020-07-02T10:13:50+00:00","dateModified":"2026-04-17T07:59:40+00:00","breadcrumb":{"@id":"https:\/\/www.anceathrupoili.com\/shop\/o-chleamairi-go-ceamarai\/#breadcrumb"},"inLanguage":"ga-IE","potentialAction":[{"@type":"ReadAction","target":["https:\/\/www.anceathrupoili.com\/shop\/o-chleamairi-go-ceamarai\/"]}]},{"@type":"ImageObject","inLanguage":"ga-IE","@id":"https:\/\/www.anceathrupoili.com\/shop\/o-chleamairi-go-ceamarai\/#primaryimage","url":"https:\/\/www.anceathrupoili.com\/wp-content\/uploads\/2024\/02\/ocgg-final-rgb-web-ff37dd0c207-scaled-1.jpg","contentUrl":"https:\/\/www.anceathrupoili.com\/wp-content\/uploads\/2024\/02\/ocgg-final-rgb-web-ff37dd0c207-scaled-1.jpg","width":1702,"height":2560},{"@type":"BreadcrumbList","@id":"https:\/\/www.anceathrupoili.com\/shop\/o-chleamairi-go-ceamarai\/#breadcrumb","itemListElement":[{"@type":"ListItem","position":1,"name":"Home","item":"https:\/\/www.anceathrupoili.com\/"},{"@type":"ListItem","position":2,"name":"Shop","item":"https:\/\/www.anceathrupoili.com\/shop\/"},{"@type":"ListItem","position":3,"name":"\u00d3 Chleamair\u00ed Go Ceamara\u00ed"}]},{"@type":"WebSite","@id":"https:\/\/www.anceathrupoili.com\/#website","url":"https:\/\/www.anceathrupoili.com\/","name":"An Ceathr\u00fa P\u00f3il\u00ed","description":"Belfast&#039;s Irish Language Bookshop","publisher":{"@id":"https:\/\/www.anceathrupoili.com\/#organization"},"potentialAction":[{"@type":"SearchAction","target":{"@type":"EntryPoint","urlTemplate":"https:\/\/www.anceathrupoili.com\/?s={search_term_string}"},"query-input":{"@type":"PropertyValueSpecification","valueRequired":true,"valueName":"search_term_string"}}],"inLanguage":"ga-IE"},{"@type":"Organization","@id":"https:\/\/www.anceathrupoili.com\/#organization","name":"An Ceathr\u00fa P\u00f3il\u00ed","url":"https:\/\/www.anceathrupoili.com\/","logo":{"@type":"ImageObject","inLanguage":"ga-IE","@id":"https:\/\/www.anceathrupoili.com\/#\/schema\/logo\/image\/","url":"https:\/\/www.anceathrupoili.com\/wp-content\/uploads\/2024\/03\/Books-logo-names-01.svg","contentUrl":"https:\/\/www.anceathrupoili.com\/wp-content\/uploads\/2024\/03\/Books-logo-names-01.svg","width":1,"height":1,"caption":"An Ceathr\u00fa P\u00f3il\u00ed"},"image":{"@id":"https:\/\/www.anceathrupoili.com\/#\/schema\/logo\/image\/"}}]}},"_links":{"self":[{"href":"https:\/\/www.anceathrupoili.com\/ga\/wp-json\/wp\/v2\/product\/3936","targetHints":{"allow":["GET"]}}],"collection":[{"href":"https:\/\/www.anceathrupoili.com\/ga\/wp-json\/wp\/v2\/product"}],"about":[{"href":"https:\/\/www.anceathrupoili.com\/ga\/wp-json\/wp\/v2\/types\/product"}],"replies":[{"embeddable":true,"href":"https:\/\/www.anceathrupoili.com\/ga\/wp-json\/wp\/v2\/comments?post=3936"}],"wp:featuredmedia":[{"embeddable":true,"href":"https:\/\/www.anceathrupoili.com\/ga\/wp-json\/wp\/v2\/media\/7334"}],"wp:attachment":[{"href":"https:\/\/www.anceathrupoili.com\/ga\/wp-json\/wp\/v2\/media?parent=3936"}],"wp:term":[{"taxonomy":"product_brand","embeddable":true,"href":"https:\/\/www.anceathrupoili.com\/ga\/wp-json\/wp\/v2\/product_brand?post=3936"},{"taxonomy":"product_cat","embeddable":true,"href":"https:\/\/www.anceathrupoili.com\/ga\/wp-json\/wp\/v2\/product_cat?post=3936"},{"taxonomy":"product_tag","embeddable":true,"href":"https:\/\/www.anceathrupoili.com\/ga\/wp-json\/wp\/v2\/product_tag?post=3936"}],"curies":[{"name":"wp","href":"https:\/\/api.w.org\/{rel}","templated":true}]}}