{"id":39452,"date":"2024-10-15T17:32:35","date_gmt":"2024-10-15T16:32:35","guid":{"rendered":"https:\/\/www.anceathrupoili.com\/shop\/screen-printing-as-gaeilge\/"},"modified":"2026-04-30T19:35:29","modified_gmt":"2026-04-30T18:35:29","slug":"screen-printing-as-gaeilge","status":"publish","type":"product","link":"https:\/\/www.anceathrupoili.com\/ga\/shop\/screen-printing-as-gaeilge\/","title":{"rendered":"Screen printing as Gaeilge"},"content":{"rendered":"<p>An bhfuil suim agat san eala\u00edn, sa scagphriont\u00e1il n\u00f3 sa Ghaeilge? N\u00f3 in achan cheann acu? M\u00e1s amhlaidh \u00e9, seo an leabhar duitse!<\/p>\n<p>Treoir ghearr \u00e9 seo don phr\u00f3iseas scagphriont\u00e1la agus snagphriont\u00e1il in \u00c9irinn &#8230; as Gaeilge!<\/p>","protected":false},"excerpt":{"rendered":"<p>An bhfuil suim agat san eala\u00edn, sa scagphriont\u00e1il n\u00f3 sa Ghaeilge? N\u00f3 in achan cheann acu? M\u00e1s amhlaidh \u00e9, seo an leabhar duitse! Treoir ghearr \u00e9 seo don phr\u00f3iseas scagphriont\u00e1la agus snagphriont\u00e1il in \u00c9irinn &#8230; as Gaeilge!<\/p>","protected":false},"featured_media":39453,"comment_status":"open","ping_status":"closed","template":"","meta":{"_acf_changed":false,"_relevanssi_hide_post":"","_relevanssi_hide_content":"","_relevanssi_pin_for_all":"","_relevanssi_pin_keywords":"","_relevanssi_unpin_keywords":"","_relevanssi_related_keywords":"","_relevanssi_related_include_ids":"","_relevanssi_related_exclude_ids":"","_relevanssi_related_no_append":"","_relevanssi_related_not_related":"","_relevanssi_related_posts":"44535,42973,1882,42977,40260,40261","_relevanssi_noindex_reason":""},"product_brand":[],"product_cat":[2598],"product_tag":[],"class_list":{"0":"post-39452","1":"product","2":"type-product","3":"status-publish","4":"has-post-thumbnail","6":"product_cat-crafts-homeware-2","8":"first","9":"instock","10":"taxable","11":"shipping-taxable","12":"purchasable","13":"product-type-simple"},"acf":[],"yoast_head":"<!-- This site is optimized with the Yoast SEO plugin v27.4 - https:\/\/yoast.com\/product\/yoast-seo-wordpress\/ -->\n<title>Screen printing as Gaeilge - An Ceathr\u00fa P\u00f3il\u00ed<\/title>\n<meta name=\"description\" content=\"An bhfuil suim agat san eala\u00edn, sa scagphriont\u00e1il n\u00f3 sa Ghaeilge? N\u00f3 in achan cheann acu? M\u00e1s amhlaidh \u00e9, seo an leabhar duitse!Treoir ghearr \u00e9 seo don\" \/>\n<meta name=\"robots\" content=\"index, follow, max-snippet:-1, max-image-preview:large, max-video-preview:-1\" \/>\n<link rel=\"canonical\" href=\"https:\/\/www.anceathrupoili.com\/ga\/shop\/screen-printing-as-gaeilge\/\" \/>\n<meta property=\"og:locale\" content=\"ga_IE\" \/>\n<meta property=\"og:type\" content=\"article\" \/>\n<meta property=\"og:title\" content=\"Screen printing as Gaeilge - An Ceathr\u00fa P\u00f3il\u00ed\" \/>\n<meta property=\"og:description\" content=\"An bhfuil suim agat san eala\u00edn, sa scagphriont\u00e1il n\u00f3 sa Ghaeilge? N\u00f3 in achan cheann acu? M\u00e1s amhlaidh \u00e9, seo an leabhar duitse!Treoir ghearr \u00e9 seo don\" \/>\n<meta property=\"og:url\" content=\"https:\/\/www.anceathrupoili.com\/ga\/shop\/screen-printing-as-gaeilge\/\" \/>\n<meta property=\"og:site_name\" content=\"An Ceathr\u00fa P\u00f3il\u00ed\" \/>\n<meta property=\"article:modified_time\" content=\"2026-04-30T18:35:29+00:00\" \/>\n<meta property=\"og:image\" content=\"https:\/\/www.anceathrupoili.com\/wp-content\/uploads\/2024\/10\/SKU-32454.png\" \/>\n\t<meta property=\"og:image:width\" content=\"551\" \/>\n\t<meta property=\"og:image:height\" content=\"762\" \/>\n\t<meta property=\"og:image:type\" content=\"image\/png\" \/>\n<meta name=\"twitter:card\" content=\"summary_large_image\" \/>\n<script type=\"application\/ld+json\" class=\"yoast-schema-graph\">{\"@context\":\"https:\\\/\\\/schema.org\",\"@graph\":[{\"@type\":\"WebPage\",\"@id\":\"https:\\\/\\\/www.anceathrupoili.com\\\/shop\\\/screen-printing-as-gaeilge\\\/\",\"url\":\"https:\\\/\\\/www.anceathrupoili.com\\\/shop\\\/screen-printing-as-gaeilge\\\/\",\"name\":\"Screen printing as Gaeilge - An Ceathr\u00fa P\u00f3il\u00ed\",\"isPartOf\":{\"@id\":\"https:\\\/\\\/www.anceathrupoili.com\\\/#website\"},\"primaryImageOfPage\":{\"@id\":\"https:\\\/\\\/www.anceathrupoili.com\\\/shop\\\/screen-printing-as-gaeilge\\\/#primaryimage\"},\"image\":{\"@id\":\"https:\\\/\\\/www.anceathrupoili.com\\\/shop\\\/screen-printing-as-gaeilge\\\/#primaryimage\"},\"thumbnailUrl\":\"https:\\\/\\\/www.anceathrupoili.com\\\/wp-content\\\/uploads\\\/2024\\\/10\\\/SKU-32454.png\",\"datePublished\":\"2024-10-15T16:32:35+00:00\",\"dateModified\":\"2026-04-30T18:35:29+00:00\",\"description\":\"An bhfuil suim agat san eala\u00edn, sa scagphriont\u00e1il n\u00f3 sa Ghaeilge? N\u00f3 in achan cheann acu? M\u00e1s amhlaidh \u00e9, seo an leabhar duitse!Treoir ghearr \u00e9 seo don\",\"breadcrumb\":{\"@id\":\"https:\\\/\\\/www.anceathrupoili.com\\\/shop\\\/screen-printing-as-gaeilge\\\/#breadcrumb\"},\"inLanguage\":\"ga-IE\",\"potentialAction\":[{\"@type\":\"ReadAction\",\"target\":[\"https:\\\/\\\/www.anceathrupoili.com\\\/shop\\\/screen-printing-as-gaeilge\\\/\"]}]},{\"@type\":\"ImageObject\",\"inLanguage\":\"ga-IE\",\"@id\":\"https:\\\/\\\/www.anceathrupoili.com\\\/shop\\\/screen-printing-as-gaeilge\\\/#primaryimage\",\"url\":\"https:\\\/\\\/www.anceathrupoili.com\\\/wp-content\\\/uploads\\\/2024\\\/10\\\/SKU-32454.png\",\"contentUrl\":\"https:\\\/\\\/www.anceathrupoili.com\\\/wp-content\\\/uploads\\\/2024\\\/10\\\/SKU-32454.png\",\"width\":551,\"height\":762},{\"@type\":\"BreadcrumbList\",\"@id\":\"https:\\\/\\\/www.anceathrupoili.com\\\/shop\\\/screen-printing-as-gaeilge\\\/#breadcrumb\",\"itemListElement\":[{\"@type\":\"ListItem\",\"position\":1,\"name\":\"Home\",\"item\":\"https:\\\/\\\/www.anceathrupoili.com\\\/\"},{\"@type\":\"ListItem\",\"position\":2,\"name\":\"Shop\",\"item\":\"https:\\\/\\\/www.anceathrupoili.com\\\/shop\\\/\"},{\"@type\":\"ListItem\",\"position\":3,\"name\":\"Screen printing as Gaeilge\"}]},{\"@type\":\"WebSite\",\"@id\":\"https:\\\/\\\/www.anceathrupoili.com\\\/#website\",\"url\":\"https:\\\/\\\/www.anceathrupoili.com\\\/\",\"name\":\"An Ceathr\u00fa P\u00f3il\u00ed\",\"description\":\"Belfast&#039;s Irish Language Bookshop\",\"publisher\":{\"@id\":\"https:\\\/\\\/www.anceathrupoili.com\\\/#organization\"},\"potentialAction\":[{\"@type\":\"SearchAction\",\"target\":{\"@type\":\"EntryPoint\",\"urlTemplate\":\"https:\\\/\\\/www.anceathrupoili.com\\\/?s={search_term_string}\"},\"query-input\":{\"@type\":\"PropertyValueSpecification\",\"valueRequired\":true,\"valueName\":\"search_term_string\"}}],\"inLanguage\":\"ga-IE\"},{\"@type\":\"Organization\",\"@id\":\"https:\\\/\\\/www.anceathrupoili.com\\\/#organization\",\"name\":\"An Ceathr\u00fa P\u00f3il\u00ed\",\"url\":\"https:\\\/\\\/www.anceathrupoili.com\\\/\",\"logo\":{\"@type\":\"ImageObject\",\"inLanguage\":\"ga-IE\",\"@id\":\"https:\\\/\\\/www.anceathrupoili.com\\\/#\\\/schema\\\/logo\\\/image\\\/\",\"url\":\"https:\\\/\\\/www.anceathrupoili.com\\\/wp-content\\\/uploads\\\/2024\\\/03\\\/Books-logo-names-01.svg\",\"contentUrl\":\"https:\\\/\\\/www.anceathrupoili.com\\\/wp-content\\\/uploads\\\/2024\\\/03\\\/Books-logo-names-01.svg\",\"width\":1,\"height\":1,\"caption\":\"An Ceathr\u00fa P\u00f3il\u00ed\"},\"image\":{\"@id\":\"https:\\\/\\\/www.anceathrupoili.com\\\/#\\\/schema\\\/logo\\\/image\\\/\"}}]}<\/script>\n<!-- \/ Yoast SEO plugin. -->","yoast_head_json":{"title":"Screen printing as Gaeilge - An Ceathr\u00fa P\u00f3il\u00ed","description":"An bhfuil suim agat san eala\u00edn, sa scagphriont\u00e1il n\u00f3 sa Ghaeilge? N\u00f3 in achan cheann acu? M\u00e1s amhlaidh \u00e9, seo an leabhar duitse!Treoir ghearr \u00e9 seo don","robots":{"index":"index","follow":"follow","max-snippet":"max-snippet:-1","max-image-preview":"max-image-preview:large","max-video-preview":"max-video-preview:-1"},"canonical":"https:\/\/www.anceathrupoili.com\/ga\/shop\/screen-printing-as-gaeilge\/","og_locale":"ga_IE","og_type":"article","og_title":"Screen printing as Gaeilge - An Ceathr\u00fa P\u00f3il\u00ed","og_description":"An bhfuil suim agat san eala\u00edn, sa scagphriont\u00e1il n\u00f3 sa Ghaeilge? N\u00f3 in achan cheann acu? M\u00e1s amhlaidh \u00e9, seo an leabhar duitse!Treoir ghearr \u00e9 seo don","og_url":"https:\/\/www.anceathrupoili.com\/ga\/shop\/screen-printing-as-gaeilge\/","og_site_name":"An Ceathr\u00fa P\u00f3il\u00ed","article_modified_time":"2026-04-30T18:35:29+00:00","og_image":[{"width":551,"height":762,"url":"https:\/\/www.anceathrupoili.com\/wp-content\/uploads\/2024\/10\/SKU-32454.png","type":"image\/png"}],"twitter_card":"summary_large_image","schema":{"@context":"https:\/\/schema.org","@graph":[{"@type":"WebPage","@id":"https:\/\/www.anceathrupoili.com\/shop\/screen-printing-as-gaeilge\/","url":"https:\/\/www.anceathrupoili.com\/shop\/screen-printing-as-gaeilge\/","name":"Screen printing as Gaeilge - An Ceathr\u00fa P\u00f3il\u00ed","isPartOf":{"@id":"https:\/\/www.anceathrupoili.com\/#website"},"primaryImageOfPage":{"@id":"https:\/\/www.anceathrupoili.com\/shop\/screen-printing-as-gaeilge\/#primaryimage"},"image":{"@id":"https:\/\/www.anceathrupoili.com\/shop\/screen-printing-as-gaeilge\/#primaryimage"},"thumbnailUrl":"https:\/\/www.anceathrupoili.com\/wp-content\/uploads\/2024\/10\/SKU-32454.png","datePublished":"2024-10-15T16:32:35+00:00","dateModified":"2026-04-30T18:35:29+00:00","description":"An bhfuil suim agat san eala\u00edn, sa scagphriont\u00e1il n\u00f3 sa Ghaeilge? N\u00f3 in achan cheann acu? M\u00e1s amhlaidh \u00e9, seo an leabhar duitse!Treoir ghearr \u00e9 seo don","breadcrumb":{"@id":"https:\/\/www.anceathrupoili.com\/shop\/screen-printing-as-gaeilge\/#breadcrumb"},"inLanguage":"ga-IE","potentialAction":[{"@type":"ReadAction","target":["https:\/\/www.anceathrupoili.com\/shop\/screen-printing-as-gaeilge\/"]}]},{"@type":"ImageObject","inLanguage":"ga-IE","@id":"https:\/\/www.anceathrupoili.com\/shop\/screen-printing-as-gaeilge\/#primaryimage","url":"https:\/\/www.anceathrupoili.com\/wp-content\/uploads\/2024\/10\/SKU-32454.png","contentUrl":"https:\/\/www.anceathrupoili.com\/wp-content\/uploads\/2024\/10\/SKU-32454.png","width":551,"height":762},{"@type":"BreadcrumbList","@id":"https:\/\/www.anceathrupoili.com\/shop\/screen-printing-as-gaeilge\/#breadcrumb","itemListElement":[{"@type":"ListItem","position":1,"name":"Home","item":"https:\/\/www.anceathrupoili.com\/"},{"@type":"ListItem","position":2,"name":"Shop","item":"https:\/\/www.anceathrupoili.com\/shop\/"},{"@type":"ListItem","position":3,"name":"Screen printing as Gaeilge"}]},{"@type":"WebSite","@id":"https:\/\/www.anceathrupoili.com\/#website","url":"https:\/\/www.anceathrupoili.com\/","name":"An Ceathr\u00fa P\u00f3il\u00ed","description":"Belfast&#039;s Irish Language Bookshop","publisher":{"@id":"https:\/\/www.anceathrupoili.com\/#organization"},"potentialAction":[{"@type":"SearchAction","target":{"@type":"EntryPoint","urlTemplate":"https:\/\/www.anceathrupoili.com\/?s={search_term_string}"},"query-input":{"@type":"PropertyValueSpecification","valueRequired":true,"valueName":"search_term_string"}}],"inLanguage":"ga-IE"},{"@type":"Organization","@id":"https:\/\/www.anceathrupoili.com\/#organization","name":"An Ceathr\u00fa P\u00f3il\u00ed","url":"https:\/\/www.anceathrupoili.com\/","logo":{"@type":"ImageObject","inLanguage":"ga-IE","@id":"https:\/\/www.anceathrupoili.com\/#\/schema\/logo\/image\/","url":"https:\/\/www.anceathrupoili.com\/wp-content\/uploads\/2024\/03\/Books-logo-names-01.svg","contentUrl":"https:\/\/www.anceathrupoili.com\/wp-content\/uploads\/2024\/03\/Books-logo-names-01.svg","width":1,"height":1,"caption":"An Ceathr\u00fa P\u00f3il\u00ed"},"image":{"@id":"https:\/\/www.anceathrupoili.com\/#\/schema\/logo\/image\/"}}]}},"_links":{"self":[{"href":"https:\/\/www.anceathrupoili.com\/ga\/wp-json\/wp\/v2\/product\/39452","targetHints":{"allow":["GET"]}}],"collection":[{"href":"https:\/\/www.anceathrupoili.com\/ga\/wp-json\/wp\/v2\/product"}],"about":[{"href":"https:\/\/www.anceathrupoili.com\/ga\/wp-json\/wp\/v2\/types\/product"}],"replies":[{"embeddable":true,"href":"https:\/\/www.anceathrupoili.com\/ga\/wp-json\/wp\/v2\/comments?post=39452"}],"wp:featuredmedia":[{"embeddable":true,"href":"https:\/\/www.anceathrupoili.com\/ga\/wp-json\/wp\/v2\/media\/39453"}],"wp:attachment":[{"href":"https:\/\/www.anceathrupoili.com\/ga\/wp-json\/wp\/v2\/media?parent=39452"}],"wp:term":[{"taxonomy":"product_brand","embeddable":true,"href":"https:\/\/www.anceathrupoili.com\/ga\/wp-json\/wp\/v2\/product_brand?post=39452"},{"taxonomy":"product_cat","embeddable":true,"href":"https:\/\/www.anceathrupoili.com\/ga\/wp-json\/wp\/v2\/product_cat?post=39452"},{"taxonomy":"product_tag","embeddable":true,"href":"https:\/\/www.anceathrupoili.com\/ga\/wp-json\/wp\/v2\/product_tag?post=39452"}],"curies":[{"name":"wp","href":"https:\/\/api.w.org\/{rel}","templated":true}]}}