{"id":39476,"date":"2024-10-18T16:57:21","date_gmt":"2024-10-18T15:57:21","guid":{"rendered":"https:\/\/www.anceathrupoili.com\/shop\/shooting-crows-mass-murder-state-collusion-and-press-freedom\/"},"modified":"2026-05-13T11:00:17","modified_gmt":"2026-05-13T10:00:17","slug":"shooting-crows-mass-murder-state-collusion-and-press-freedom","status":"publish","type":"product","link":"https:\/\/www.anceathrupoili.com\/ga\/shop\/shooting-crows-mass-murder-state-collusion-and-press-freedom\/","title":{"rendered":"Shooting Crows- Mass Murder, State Collusion and Press Freedom"},"content":{"rendered":"<p>Everyone knows where they when Ray Houghton outfoxed the Italian goalkeeper in the 1994 World Cup finals. Every television in the country was tuned in to the match, and The Heights Bar in Loughinisland, Co. Down was no exception. But two miles down the road, three loyalists with no interest in Ireland&#39;s footballing progress were planning a deadly massacre. Shortly after half-time, they burst through the door of the bar and opened fire, spraying bullets indiscriminately. As they fled the scene, six innocent Catholic men lay dead or dying.<\/p>\n<p><\/p>\n<p>In 2017 journalists Trevor Birney and Barry McCaffrey produced a groundbreaking documentary, <em>No Stone Unturned<\/em>, about Loughinisland and allegations of collusion between the RUC and loyalist terrorists behind the attack. However, it was Birney and McCaffrey, not the perpetrators of violence, who then found themselves the target of PSNI anger.<\/p>\n<p><\/p>\n<p><em>Shooting Crows <\/em>tells a shocking story of collusion and betrayal, and a state still willing to corrupt justice and persecute the innocent in order to hide the sins of its past.<\/p>","protected":false},"excerpt":{"rendered":"<p>Everyone knows where they when Ray Houghton outfoxed the Italian goalkeeper in the 1994 World Cup finals. Every television in the country was tuned in to the match, and The Heights Bar in Loughinisland, Co. Down was no exception. But two miles down the road, three loyalists with no interest in Ireland&#39;s footballing progress were&hellip;<\/p>","protected":false},"featured_media":39488,"comment_status":"open","ping_status":"closed","template":"","meta":{"_acf_changed":false,"_relevanssi_hide_post":"","_relevanssi_hide_content":"","_relevanssi_pin_for_all":"","_relevanssi_pin_keywords":"","_relevanssi_unpin_keywords":"","_relevanssi_related_keywords":"","_relevanssi_related_include_ids":"","_relevanssi_related_exclude_ids":"","_relevanssi_related_no_append":"","_relevanssi_related_not_related":"","_relevanssi_related_posts":"38900,39071,39244,401,908,1331","_relevanssi_noindex_reason":""},"product_brand":[],"product_cat":[251],"product_tag":[],"class_list":{"0":"post-39476","1":"product","2":"type-product","3":"status-publish","4":"has-post-thumbnail","6":"product_cat-history-politics","7":"pa_authors-trevor-birney","9":"first","10":"instock","11":"taxable","12":"shipping-taxable","13":"purchasable","14":"product-type-simple"},"acf":[],"yoast_head":"<!-- This site is optimized with the Yoast SEO plugin v27.5 - https:\/\/yoast.com\/product\/yoast-seo-wordpress\/ -->\n<title>Shooting Crows- Mass Murder, State Collusion and Press Freedom - An Ceathr\u00fa P\u00f3il\u00ed<\/title>\n<meta name=\"description\" content=\"Order Shooting Crows- Mass Murder, State Collusion and Press Freedom by Trevor Birney from our History &amp; Politics shelves. The siopa leabhar ships worldwide! Everyone knows where they when Ray Houghton outfoxed the Italian goalkeeper in the 1994 World Cup finals. Every television in the country was tuned in to\" \/>\n<meta name=\"robots\" content=\"index, follow, max-snippet:-1, max-image-preview:large, max-video-preview:-1\" \/>\n<link rel=\"canonical\" href=\"https:\/\/www.anceathrupoili.com\/ga\/shop\/shooting-crows-mass-murder-state-collusion-and-press-freedom\/\" \/>\n<meta property=\"og:locale\" content=\"ga_IE\" \/>\n<meta property=\"og:type\" content=\"article\" \/>\n<meta property=\"og:title\" content=\"Shooting Crows- Mass Murder, State Collusion and Press Freedom - An Ceathr\u00fa P\u00f3il\u00ed\" \/>\n<meta property=\"og:description\" content=\"Order Shooting Crows- Mass Murder, State Collusion and Press Freedom by Trevor Birney from our History &amp; Politics shelves. The siopa leabhar ships worldwide! Everyone knows where they when Ray Houghton outfoxed the Italian goalkeeper in the 1994 World Cup finals. Every television in the country was tuned in to\" \/>\n<meta property=\"og:url\" content=\"https:\/\/www.anceathrupoili.com\/ga\/shop\/shooting-crows-mass-murder-state-collusion-and-press-freedom\/\" \/>\n<meta property=\"og:site_name\" content=\"An Ceathr\u00fa P\u00f3il\u00ed\" \/>\n<meta property=\"article:modified_time\" content=\"2026-05-13T10:00:17+00:00\" \/>\n<meta property=\"og:image\" content=\"https:\/\/www.anceathrupoili.com\/wp-content\/uploads\/2024\/10\/shooting-crows.jpg\" \/>\n\t<meta property=\"og:image:width\" content=\"306\" \/>\n\t<meta property=\"og:image:height\" content=\"445\" \/>\n\t<meta property=\"og:image:type\" content=\"image\/jpeg\" \/>\n<meta name=\"twitter:card\" content=\"summary_large_image\" \/>\n<meta name=\"twitter:label1\" content=\"Est. reading time\" \/>\n\t<meta name=\"twitter:data1\" content=\"1 minute\" \/>\n<script type=\"application\/ld+json\" class=\"yoast-schema-graph\">{\"@context\":\"https:\\\/\\\/schema.org\",\"@graph\":[{\"@type\":\"WebPage\",\"@id\":\"https:\\\/\\\/www.anceathrupoili.com\\\/shop\\\/shooting-crows-mass-murder-state-collusion-and-press-freedom\\\/\",\"url\":\"https:\\\/\\\/www.anceathrupoili.com\\\/shop\\\/shooting-crows-mass-murder-state-collusion-and-press-freedom\\\/\",\"name\":\"Shooting Crows- Mass Murder, State Collusion and Press Freedom - An Ceathr\u00fa P\u00f3il\u00ed\",\"isPartOf\":{\"@id\":\"https:\\\/\\\/www.anceathrupoili.com\\\/#website\"},\"primaryImageOfPage\":{\"@id\":\"https:\\\/\\\/www.anceathrupoili.com\\\/shop\\\/shooting-crows-mass-murder-state-collusion-and-press-freedom\\\/#primaryimage\"},\"image\":{\"@id\":\"https:\\\/\\\/www.anceathrupoili.com\\\/shop\\\/shooting-crows-mass-murder-state-collusion-and-press-freedom\\\/#primaryimage\"},\"thumbnailUrl\":\"https:\\\/\\\/www.anceathrupoili.com\\\/wp-content\\\/uploads\\\/2024\\\/10\\\/shooting-crows.jpg\",\"datePublished\":\"2024-10-18T15:57:21+00:00\",\"dateModified\":\"2026-05-13T10:00:17+00:00\",\"description\":\"Order Shooting Crows- Mass Murder, State Collusion and Press Freedom by Trevor Birney from our History &amp; Politics shelves. The siopa leabhar ships worldwide! Everyone knows where they when Ray Houghton outfoxed the Italian goalkeeper in the 1994 World Cup finals. Every television in the country was tuned in to\",\"breadcrumb\":{\"@id\":\"https:\\\/\\\/www.anceathrupoili.com\\\/shop\\\/shooting-crows-mass-murder-state-collusion-and-press-freedom\\\/#breadcrumb\"},\"inLanguage\":\"ga-IE\",\"potentialAction\":[{\"@type\":\"ReadAction\",\"target\":[\"https:\\\/\\\/www.anceathrupoili.com\\\/shop\\\/shooting-crows-mass-murder-state-collusion-and-press-freedom\\\/\"]}]},{\"@type\":\"ImageObject\",\"inLanguage\":\"ga-IE\",\"@id\":\"https:\\\/\\\/www.anceathrupoili.com\\\/shop\\\/shooting-crows-mass-murder-state-collusion-and-press-freedom\\\/#primaryimage\",\"url\":\"https:\\\/\\\/www.anceathrupoili.com\\\/wp-content\\\/uploads\\\/2024\\\/10\\\/shooting-crows.jpg\",\"contentUrl\":\"https:\\\/\\\/www.anceathrupoili.com\\\/wp-content\\\/uploads\\\/2024\\\/10\\\/shooting-crows.jpg\",\"width\":306,\"height\":445},{\"@type\":\"BreadcrumbList\",\"@id\":\"https:\\\/\\\/www.anceathrupoili.com\\\/shop\\\/shooting-crows-mass-murder-state-collusion-and-press-freedom\\\/#breadcrumb\",\"itemListElement\":[{\"@type\":\"ListItem\",\"position\":1,\"name\":\"Home\",\"item\":\"https:\\\/\\\/www.anceathrupoili.com\\\/\"},{\"@type\":\"ListItem\",\"position\":2,\"name\":\"Shop\",\"item\":\"https:\\\/\\\/www.anceathrupoili.com\\\/shop\\\/\"},{\"@type\":\"ListItem\",\"position\":3,\"name\":\"Shooting Crows- Mass Murder, State Collusion and Press Freedom\"}]},{\"@type\":\"WebSite\",\"@id\":\"https:\\\/\\\/www.anceathrupoili.com\\\/#website\",\"url\":\"https:\\\/\\\/www.anceathrupoili.com\\\/\",\"name\":\"An Ceathr\u00fa P\u00f3il\u00ed\",\"description\":\"Belfast&#039;s Irish Language Bookshop\",\"publisher\":{\"@id\":\"https:\\\/\\\/www.anceathrupoili.com\\\/#organization\"},\"potentialAction\":[{\"@type\":\"SearchAction\",\"target\":{\"@type\":\"EntryPoint\",\"urlTemplate\":\"https:\\\/\\\/www.anceathrupoili.com\\\/?s={search_term_string}\"},\"query-input\":{\"@type\":\"PropertyValueSpecification\",\"valueRequired\":true,\"valueName\":\"search_term_string\"}}],\"inLanguage\":\"ga-IE\"},{\"@type\":\"Organization\",\"@id\":\"https:\\\/\\\/www.anceathrupoili.com\\\/#organization\",\"name\":\"An Ceathr\u00fa P\u00f3il\u00ed\",\"url\":\"https:\\\/\\\/www.anceathrupoili.com\\\/\",\"logo\":{\"@type\":\"ImageObject\",\"inLanguage\":\"ga-IE\",\"@id\":\"https:\\\/\\\/www.anceathrupoili.com\\\/#\\\/schema\\\/logo\\\/image\\\/\",\"url\":\"https:\\\/\\\/www.anceathrupoili.com\\\/wp-content\\\/uploads\\\/2024\\\/03\\\/Books-logo-names-01.svg\",\"contentUrl\":\"https:\\\/\\\/www.anceathrupoili.com\\\/wp-content\\\/uploads\\\/2024\\\/03\\\/Books-logo-names-01.svg\",\"width\":1,\"height\":1,\"caption\":\"An Ceathr\u00fa P\u00f3il\u00ed\"},\"image\":{\"@id\":\"https:\\\/\\\/www.anceathrupoili.com\\\/#\\\/schema\\\/logo\\\/image\\\/\"}}]}<\/script>\n<!-- \/ Yoast SEO plugin. -->","yoast_head_json":{"title":"Shooting Crows- Mass Murder, State Collusion and Press Freedom - An Ceathr\u00fa P\u00f3il\u00ed","description":"Order Shooting Crows- Mass Murder, State Collusion and Press Freedom by Trevor Birney from our History &amp; Politics shelves. The siopa leabhar ships worldwide! Everyone knows where they when Ray Houghton outfoxed the Italian goalkeeper in the 1994 World Cup finals. Every television in the country was tuned in to","robots":{"index":"index","follow":"follow","max-snippet":"max-snippet:-1","max-image-preview":"max-image-preview:large","max-video-preview":"max-video-preview:-1"},"canonical":"https:\/\/www.anceathrupoili.com\/ga\/shop\/shooting-crows-mass-murder-state-collusion-and-press-freedom\/","og_locale":"ga_IE","og_type":"article","og_title":"Shooting Crows- Mass Murder, State Collusion and Press Freedom - An Ceathr\u00fa P\u00f3il\u00ed","og_description":"Order Shooting Crows- Mass Murder, State Collusion and Press Freedom by Trevor Birney from our History &amp; Politics shelves. The siopa leabhar ships worldwide! Everyone knows where they when Ray Houghton outfoxed the Italian goalkeeper in the 1994 World Cup finals. Every television in the country was tuned in to","og_url":"https:\/\/www.anceathrupoili.com\/ga\/shop\/shooting-crows-mass-murder-state-collusion-and-press-freedom\/","og_site_name":"An Ceathr\u00fa P\u00f3il\u00ed","article_modified_time":"2026-05-13T10:00:17+00:00","og_image":[{"width":306,"height":445,"url":"https:\/\/www.anceathrupoili.com\/wp-content\/uploads\/2024\/10\/shooting-crows.jpg","type":"image\/jpeg"}],"twitter_card":"summary_large_image","twitter_misc":{"Est. reading time":"1 minute"},"schema":{"@context":"https:\/\/schema.org","@graph":[{"@type":"WebPage","@id":"https:\/\/www.anceathrupoili.com\/shop\/shooting-crows-mass-murder-state-collusion-and-press-freedom\/","url":"https:\/\/www.anceathrupoili.com\/shop\/shooting-crows-mass-murder-state-collusion-and-press-freedom\/","name":"Shooting Crows- Mass Murder, State Collusion and Press Freedom - An Ceathr\u00fa P\u00f3il\u00ed","isPartOf":{"@id":"https:\/\/www.anceathrupoili.com\/#website"},"primaryImageOfPage":{"@id":"https:\/\/www.anceathrupoili.com\/shop\/shooting-crows-mass-murder-state-collusion-and-press-freedom\/#primaryimage"},"image":{"@id":"https:\/\/www.anceathrupoili.com\/shop\/shooting-crows-mass-murder-state-collusion-and-press-freedom\/#primaryimage"},"thumbnailUrl":"https:\/\/www.anceathrupoili.com\/wp-content\/uploads\/2024\/10\/shooting-crows.jpg","datePublished":"2024-10-18T15:57:21+00:00","dateModified":"2026-05-13T10:00:17+00:00","description":"Order Shooting Crows- Mass Murder, State Collusion and Press Freedom by Trevor Birney from our History &amp; Politics shelves. The siopa leabhar ships worldwide! Everyone knows where they when Ray Houghton outfoxed the Italian goalkeeper in the 1994 World Cup finals. Every television in the country was tuned in to","breadcrumb":{"@id":"https:\/\/www.anceathrupoili.com\/shop\/shooting-crows-mass-murder-state-collusion-and-press-freedom\/#breadcrumb"},"inLanguage":"ga-IE","potentialAction":[{"@type":"ReadAction","target":["https:\/\/www.anceathrupoili.com\/shop\/shooting-crows-mass-murder-state-collusion-and-press-freedom\/"]}]},{"@type":"ImageObject","inLanguage":"ga-IE","@id":"https:\/\/www.anceathrupoili.com\/shop\/shooting-crows-mass-murder-state-collusion-and-press-freedom\/#primaryimage","url":"https:\/\/www.anceathrupoili.com\/wp-content\/uploads\/2024\/10\/shooting-crows.jpg","contentUrl":"https:\/\/www.anceathrupoili.com\/wp-content\/uploads\/2024\/10\/shooting-crows.jpg","width":306,"height":445},{"@type":"BreadcrumbList","@id":"https:\/\/www.anceathrupoili.com\/shop\/shooting-crows-mass-murder-state-collusion-and-press-freedom\/#breadcrumb","itemListElement":[{"@type":"ListItem","position":1,"name":"Home","item":"https:\/\/www.anceathrupoili.com\/"},{"@type":"ListItem","position":2,"name":"Shop","item":"https:\/\/www.anceathrupoili.com\/shop\/"},{"@type":"ListItem","position":3,"name":"Shooting Crows- Mass Murder, State Collusion and Press Freedom"}]},{"@type":"WebSite","@id":"https:\/\/www.anceathrupoili.com\/#website","url":"https:\/\/www.anceathrupoili.com\/","name":"An Ceathr\u00fa P\u00f3il\u00ed","description":"Belfast&#039;s Irish Language Bookshop","publisher":{"@id":"https:\/\/www.anceathrupoili.com\/#organization"},"potentialAction":[{"@type":"SearchAction","target":{"@type":"EntryPoint","urlTemplate":"https:\/\/www.anceathrupoili.com\/?s={search_term_string}"},"query-input":{"@type":"PropertyValueSpecification","valueRequired":true,"valueName":"search_term_string"}}],"inLanguage":"ga-IE"},{"@type":"Organization","@id":"https:\/\/www.anceathrupoili.com\/#organization","name":"An Ceathr\u00fa P\u00f3il\u00ed","url":"https:\/\/www.anceathrupoili.com\/","logo":{"@type":"ImageObject","inLanguage":"ga-IE","@id":"https:\/\/www.anceathrupoili.com\/#\/schema\/logo\/image\/","url":"https:\/\/www.anceathrupoili.com\/wp-content\/uploads\/2024\/03\/Books-logo-names-01.svg","contentUrl":"https:\/\/www.anceathrupoili.com\/wp-content\/uploads\/2024\/03\/Books-logo-names-01.svg","width":1,"height":1,"caption":"An Ceathr\u00fa P\u00f3il\u00ed"},"image":{"@id":"https:\/\/www.anceathrupoili.com\/#\/schema\/logo\/image\/"}}]}},"_links":{"self":[{"href":"https:\/\/www.anceathrupoili.com\/ga\/wp-json\/wp\/v2\/product\/39476","targetHints":{"allow":["GET"]}}],"collection":[{"href":"https:\/\/www.anceathrupoili.com\/ga\/wp-json\/wp\/v2\/product"}],"about":[{"href":"https:\/\/www.anceathrupoili.com\/ga\/wp-json\/wp\/v2\/types\/product"}],"replies":[{"embeddable":true,"href":"https:\/\/www.anceathrupoili.com\/ga\/wp-json\/wp\/v2\/comments?post=39476"}],"wp:featuredmedia":[{"embeddable":true,"href":"https:\/\/www.anceathrupoili.com\/ga\/wp-json\/wp\/v2\/media\/39488"}],"wp:attachment":[{"href":"https:\/\/www.anceathrupoili.com\/ga\/wp-json\/wp\/v2\/media?parent=39476"}],"wp:term":[{"taxonomy":"product_brand","embeddable":true,"href":"https:\/\/www.anceathrupoili.com\/ga\/wp-json\/wp\/v2\/product_brand?post=39476"},{"taxonomy":"product_cat","embeddable":true,"href":"https:\/\/www.anceathrupoili.com\/ga\/wp-json\/wp\/v2\/product_cat?post=39476"},{"taxonomy":"product_tag","embeddable":true,"href":"https:\/\/www.anceathrupoili.com\/ga\/wp-json\/wp\/v2\/product_tag?post=39476"}],"curies":[{"name":"wp","href":"https:\/\/api.w.org\/{rel}","templated":true}]}}