{"id":39478,"date":"2024-10-18T16:57:30","date_gmt":"2024-10-18T15:57:30","guid":{"rendered":"https:\/\/www.anceathrupoili.com\/shop\/bearradh-gruaige-deoinin\/"},"modified":"2026-04-25T11:32:33","modified_gmt":"2026-04-25T10:32:33","slug":"bearradh-gruaige-deoinin","status":"publish","type":"product","link":"https:\/\/www.anceathrupoili.com\/ga\/shop\/bearradh-gruaige-deoinin\/","title":{"rendered":"Bearradh Gruaige d&#8217;Eoin\u00edn"},"content":{"rendered":"<p><em>Bearradh Gruaige d\u2019Eoin\u00edn<\/em>\u2013\u00a0T\u00e1 bearradh gruaige ag teast\u00e1il \u00f3n uain\u00edn beag, Eoin\u00edn.\u00a0An dtabharf\u00e1 cuairt ar an ngruagaire in \u00e9ind\u00ed leis?\u00a0T\u00e1 chuid gruaige le n\u00ed, le bearradh agus le triom\u00fa agus ba mh\u00f3ir aige taca\u00edocht \u00f3 l\u00e9itheoir \u00f3g.<\/p>","protected":false},"excerpt":{"rendered":"<p>Bearradh Gruaige d\u2019Eoin\u00edn\u2013\u00a0T\u00e1 bearradh gruaige ag teast\u00e1il \u00f3n uain\u00edn beag, Eoin\u00edn.\u00a0An dtabharf\u00e1 cuairt ar an ngruagaire in \u00e9ind\u00ed leis?\u00a0T\u00e1 chuid gruaige le n\u00ed, le bearradh agus le triom\u00fa agus ba mh\u00f3ir aige taca\u00edocht \u00f3 l\u00e9itheoir \u00f3g.<\/p>","protected":false},"featured_media":43061,"comment_status":"open","ping_status":"closed","template":"","meta":{"_acf_changed":false,"_relevanssi_hide_post":"","_relevanssi_hide_content":"","_relevanssi_pin_for_all":"","_relevanssi_pin_keywords":"","_relevanssi_unpin_keywords":"","_relevanssi_related_keywords":"","_relevanssi_related_include_ids":"","_relevanssi_related_exclude_ids":"","_relevanssi_related_no_append":"","_relevanssi_related_not_related":"","_relevanssi_related_posts":"325,372,591,801,1005,1019","_relevanssi_noindex_reason":""},"product_brand":[],"product_cat":[2582],"product_tag":[],"class_list":{"0":"post-39478","1":"product","2":"type-product","3":"status-publish","4":"has-post-thumbnail","6":"product_cat-children-irish","7":"pa_authors-muireann-ni-chiobhain-roisin-hahessy","9":"first","10":"instock","11":"taxable","12":"shipping-taxable","13":"purchasable","14":"product-type-simple"},"acf":[],"yoast_head":"<!-- This site is optimized with the Yoast SEO plugin v27.4 - https:\/\/yoast.com\/product\/yoast-seo-wordpress\/ -->\n<title>Bearradh Gruaige d&#039;Eoin\u00edn - An Ceathr\u00fa P\u00f3il\u00ed<\/title>\n<meta name=\"description\" content=\"Order Bearradh Gruaige d&#8217;Eoin\u00edn by Muireann N\u00ed Ch\u00edobh\u00e1in &amp; R\u00f3is\u00edn Hahessy from our Children (Irish) shelves. The siopa leabhar ships worldwide! Bearradh Gruaige d\u2019Eoin\u00edn\u2013\u00a0T\u00e1 bearradh gruaige ag teast\u00e1il \u00f3n uain\u00edn beag, Eoin\u00edn.\u00a0An dtabharf\u00e1 cuairt ar an ngruagaire in \u00e9ind\u00ed leis?\u00a0T\u00e1 chuid gruaige le\" \/>\n<meta name=\"robots\" content=\"index, follow, max-snippet:-1, max-image-preview:large, max-video-preview:-1\" \/>\n<link rel=\"canonical\" href=\"https:\/\/www.anceathrupoili.com\/ga\/shop\/bearradh-gruaige-deoinin\/\" \/>\n<meta property=\"og:locale\" content=\"ga_IE\" \/>\n<meta property=\"og:type\" content=\"article\" \/>\n<meta property=\"og:title\" content=\"Bearradh Gruaige d&#039;Eoin\u00edn - An Ceathr\u00fa P\u00f3il\u00ed\" \/>\n<meta property=\"og:description\" content=\"Order Bearradh Gruaige d&#8217;Eoin\u00edn by Muireann N\u00ed Ch\u00edobh\u00e1in &amp; R\u00f3is\u00edn Hahessy from our Children (Irish) shelves. The siopa leabhar ships worldwide! Bearradh Gruaige d\u2019Eoin\u00edn\u2013\u00a0T\u00e1 bearradh gruaige ag teast\u00e1il \u00f3n uain\u00edn beag, Eoin\u00edn.\u00a0An dtabharf\u00e1 cuairt ar an ngruagaire in \u00e9ind\u00ed leis?\u00a0T\u00e1 chuid gruaige le\" \/>\n<meta property=\"og:url\" content=\"https:\/\/www.anceathrupoili.com\/ga\/shop\/bearradh-gruaige-deoinin\/\" \/>\n<meta property=\"og:site_name\" content=\"An Ceathr\u00fa P\u00f3il\u00ed\" \/>\n<meta property=\"article:modified_time\" content=\"2026-04-25T10:32:33+00:00\" \/>\n<meta property=\"og:image\" content=\"https:\/\/www.anceathrupoili.com\/wp-content\/uploads\/2024\/10\/bearradh.jpg\" \/>\n\t<meta property=\"og:image:width\" content=\"344\" \/>\n\t<meta property=\"og:image:height\" content=\"342\" \/>\n\t<meta property=\"og:image:type\" content=\"image\/jpeg\" \/>\n<meta name=\"twitter:card\" content=\"summary_large_image\" \/>\n<meta name=\"twitter:label1\" content=\"Est. reading time\" \/>\n\t<meta name=\"twitter:data1\" content=\"1 minute\" \/>\n<script type=\"application\/ld+json\" class=\"yoast-schema-graph\">{\"@context\":\"https:\\\/\\\/schema.org\",\"@graph\":[{\"@type\":\"WebPage\",\"@id\":\"https:\\\/\\\/www.anceathrupoili.com\\\/shop\\\/bearradh-gruaige-deoinin\\\/\",\"url\":\"https:\\\/\\\/www.anceathrupoili.com\\\/shop\\\/bearradh-gruaige-deoinin\\\/\",\"name\":\"Bearradh Gruaige d'Eoin\u00edn - An Ceathr\u00fa P\u00f3il\u00ed\",\"isPartOf\":{\"@id\":\"https:\\\/\\\/www.anceathrupoili.com\\\/#website\"},\"primaryImageOfPage\":{\"@id\":\"https:\\\/\\\/www.anceathrupoili.com\\\/shop\\\/bearradh-gruaige-deoinin\\\/#primaryimage\"},\"image\":{\"@id\":\"https:\\\/\\\/www.anceathrupoili.com\\\/shop\\\/bearradh-gruaige-deoinin\\\/#primaryimage\"},\"thumbnailUrl\":\"https:\\\/\\\/www.anceathrupoili.com\\\/wp-content\\\/uploads\\\/2024\\\/10\\\/bearradh.jpg\",\"datePublished\":\"2024-10-18T15:57:30+00:00\",\"dateModified\":\"2026-04-25T10:32:33+00:00\",\"description\":\"Order Bearradh Gruaige d&#8217;Eoin\u00edn by Muireann N\u00ed Ch\u00edobh\u00e1in &amp; R\u00f3is\u00edn Hahessy from our Children (Irish) shelves. The siopa leabhar ships worldwide! Bearradh Gruaige d\u2019Eoin\u00edn\u2013\u00a0T\u00e1 bearradh gruaige ag teast\u00e1il \u00f3n uain\u00edn beag, Eoin\u00edn.\u00a0An dtabharf\u00e1 cuairt ar an ngruagaire in \u00e9ind\u00ed leis?\u00a0T\u00e1 chuid gruaige le\",\"breadcrumb\":{\"@id\":\"https:\\\/\\\/www.anceathrupoili.com\\\/shop\\\/bearradh-gruaige-deoinin\\\/#breadcrumb\"},\"inLanguage\":\"ga-IE\",\"potentialAction\":[{\"@type\":\"ReadAction\",\"target\":[\"https:\\\/\\\/www.anceathrupoili.com\\\/shop\\\/bearradh-gruaige-deoinin\\\/\"]}]},{\"@type\":\"ImageObject\",\"inLanguage\":\"ga-IE\",\"@id\":\"https:\\\/\\\/www.anceathrupoili.com\\\/shop\\\/bearradh-gruaige-deoinin\\\/#primaryimage\",\"url\":\"https:\\\/\\\/www.anceathrupoili.com\\\/wp-content\\\/uploads\\\/2024\\\/10\\\/bearradh.jpg\",\"contentUrl\":\"https:\\\/\\\/www.anceathrupoili.com\\\/wp-content\\\/uploads\\\/2024\\\/10\\\/bearradh.jpg\",\"width\":344,\"height\":342},{\"@type\":\"BreadcrumbList\",\"@id\":\"https:\\\/\\\/www.anceathrupoili.com\\\/shop\\\/bearradh-gruaige-deoinin\\\/#breadcrumb\",\"itemListElement\":[{\"@type\":\"ListItem\",\"position\":1,\"name\":\"Home\",\"item\":\"https:\\\/\\\/www.anceathrupoili.com\\\/\"},{\"@type\":\"ListItem\",\"position\":2,\"name\":\"Shop\",\"item\":\"https:\\\/\\\/www.anceathrupoili.com\\\/shop\\\/\"},{\"@type\":\"ListItem\",\"position\":3,\"name\":\"Bearradh Gruaige d&#8217;Eoin\u00edn\"}]},{\"@type\":\"WebSite\",\"@id\":\"https:\\\/\\\/www.anceathrupoili.com\\\/#website\",\"url\":\"https:\\\/\\\/www.anceathrupoili.com\\\/\",\"name\":\"An Ceathr\u00fa P\u00f3il\u00ed\",\"description\":\"Belfast&#039;s Irish Language Bookshop\",\"publisher\":{\"@id\":\"https:\\\/\\\/www.anceathrupoili.com\\\/#organization\"},\"potentialAction\":[{\"@type\":\"SearchAction\",\"target\":{\"@type\":\"EntryPoint\",\"urlTemplate\":\"https:\\\/\\\/www.anceathrupoili.com\\\/?s={search_term_string}\"},\"query-input\":{\"@type\":\"PropertyValueSpecification\",\"valueRequired\":true,\"valueName\":\"search_term_string\"}}],\"inLanguage\":\"ga-IE\"},{\"@type\":\"Organization\",\"@id\":\"https:\\\/\\\/www.anceathrupoili.com\\\/#organization\",\"name\":\"An Ceathr\u00fa P\u00f3il\u00ed\",\"url\":\"https:\\\/\\\/www.anceathrupoili.com\\\/\",\"logo\":{\"@type\":\"ImageObject\",\"inLanguage\":\"ga-IE\",\"@id\":\"https:\\\/\\\/www.anceathrupoili.com\\\/#\\\/schema\\\/logo\\\/image\\\/\",\"url\":\"https:\\\/\\\/www.anceathrupoili.com\\\/wp-content\\\/uploads\\\/2024\\\/03\\\/Books-logo-names-01.svg\",\"contentUrl\":\"https:\\\/\\\/www.anceathrupoili.com\\\/wp-content\\\/uploads\\\/2024\\\/03\\\/Books-logo-names-01.svg\",\"width\":1,\"height\":1,\"caption\":\"An Ceathr\u00fa P\u00f3il\u00ed\"},\"image\":{\"@id\":\"https:\\\/\\\/www.anceathrupoili.com\\\/#\\\/schema\\\/logo\\\/image\\\/\"}}]}<\/script>\n<!-- \/ Yoast SEO plugin. -->","yoast_head_json":{"title":"Bearradh Gruaige d'Eoin\u00edn - An Ceathr\u00fa P\u00f3il\u00ed","description":"Order Bearradh Gruaige d&#8217;Eoin\u00edn by Muireann N\u00ed Ch\u00edobh\u00e1in &amp; R\u00f3is\u00edn Hahessy from our Children (Irish) shelves. The siopa leabhar ships worldwide! Bearradh Gruaige d\u2019Eoin\u00edn\u2013\u00a0T\u00e1 bearradh gruaige ag teast\u00e1il \u00f3n uain\u00edn beag, Eoin\u00edn.\u00a0An dtabharf\u00e1 cuairt ar an ngruagaire in \u00e9ind\u00ed leis?\u00a0T\u00e1 chuid gruaige le","robots":{"index":"index","follow":"follow","max-snippet":"max-snippet:-1","max-image-preview":"max-image-preview:large","max-video-preview":"max-video-preview:-1"},"canonical":"https:\/\/www.anceathrupoili.com\/ga\/shop\/bearradh-gruaige-deoinin\/","og_locale":"ga_IE","og_type":"article","og_title":"Bearradh Gruaige d'Eoin\u00edn - An Ceathr\u00fa P\u00f3il\u00ed","og_description":"Order Bearradh Gruaige d&#8217;Eoin\u00edn by Muireann N\u00ed Ch\u00edobh\u00e1in &amp; R\u00f3is\u00edn Hahessy from our Children (Irish) shelves. The siopa leabhar ships worldwide! Bearradh Gruaige d\u2019Eoin\u00edn\u2013\u00a0T\u00e1 bearradh gruaige ag teast\u00e1il \u00f3n uain\u00edn beag, Eoin\u00edn.\u00a0An dtabharf\u00e1 cuairt ar an ngruagaire in \u00e9ind\u00ed leis?\u00a0T\u00e1 chuid gruaige le","og_url":"https:\/\/www.anceathrupoili.com\/ga\/shop\/bearradh-gruaige-deoinin\/","og_site_name":"An Ceathr\u00fa P\u00f3il\u00ed","article_modified_time":"2026-04-25T10:32:33+00:00","og_image":[{"width":344,"height":342,"url":"https:\/\/www.anceathrupoili.com\/wp-content\/uploads\/2024\/10\/bearradh.jpg","type":"image\/jpeg"}],"twitter_card":"summary_large_image","twitter_misc":{"Est. reading time":"1 minute"},"schema":{"@context":"https:\/\/schema.org","@graph":[{"@type":"WebPage","@id":"https:\/\/www.anceathrupoili.com\/shop\/bearradh-gruaige-deoinin\/","url":"https:\/\/www.anceathrupoili.com\/shop\/bearradh-gruaige-deoinin\/","name":"Bearradh Gruaige d'Eoin\u00edn - An Ceathr\u00fa P\u00f3il\u00ed","isPartOf":{"@id":"https:\/\/www.anceathrupoili.com\/#website"},"primaryImageOfPage":{"@id":"https:\/\/www.anceathrupoili.com\/shop\/bearradh-gruaige-deoinin\/#primaryimage"},"image":{"@id":"https:\/\/www.anceathrupoili.com\/shop\/bearradh-gruaige-deoinin\/#primaryimage"},"thumbnailUrl":"https:\/\/www.anceathrupoili.com\/wp-content\/uploads\/2024\/10\/bearradh.jpg","datePublished":"2024-10-18T15:57:30+00:00","dateModified":"2026-04-25T10:32:33+00:00","description":"Order Bearradh Gruaige d&#8217;Eoin\u00edn by Muireann N\u00ed Ch\u00edobh\u00e1in &amp; R\u00f3is\u00edn Hahessy from our Children (Irish) shelves. The siopa leabhar ships worldwide! Bearradh Gruaige d\u2019Eoin\u00edn\u2013\u00a0T\u00e1 bearradh gruaige ag teast\u00e1il \u00f3n uain\u00edn beag, Eoin\u00edn.\u00a0An dtabharf\u00e1 cuairt ar an ngruagaire in \u00e9ind\u00ed leis?\u00a0T\u00e1 chuid gruaige le","breadcrumb":{"@id":"https:\/\/www.anceathrupoili.com\/shop\/bearradh-gruaige-deoinin\/#breadcrumb"},"inLanguage":"ga-IE","potentialAction":[{"@type":"ReadAction","target":["https:\/\/www.anceathrupoili.com\/shop\/bearradh-gruaige-deoinin\/"]}]},{"@type":"ImageObject","inLanguage":"ga-IE","@id":"https:\/\/www.anceathrupoili.com\/shop\/bearradh-gruaige-deoinin\/#primaryimage","url":"https:\/\/www.anceathrupoili.com\/wp-content\/uploads\/2024\/10\/bearradh.jpg","contentUrl":"https:\/\/www.anceathrupoili.com\/wp-content\/uploads\/2024\/10\/bearradh.jpg","width":344,"height":342},{"@type":"BreadcrumbList","@id":"https:\/\/www.anceathrupoili.com\/shop\/bearradh-gruaige-deoinin\/#breadcrumb","itemListElement":[{"@type":"ListItem","position":1,"name":"Home","item":"https:\/\/www.anceathrupoili.com\/"},{"@type":"ListItem","position":2,"name":"Shop","item":"https:\/\/www.anceathrupoili.com\/shop\/"},{"@type":"ListItem","position":3,"name":"Bearradh Gruaige d&#8217;Eoin\u00edn"}]},{"@type":"WebSite","@id":"https:\/\/www.anceathrupoili.com\/#website","url":"https:\/\/www.anceathrupoili.com\/","name":"An Ceathr\u00fa P\u00f3il\u00ed","description":"Belfast&#039;s Irish Language Bookshop","publisher":{"@id":"https:\/\/www.anceathrupoili.com\/#organization"},"potentialAction":[{"@type":"SearchAction","target":{"@type":"EntryPoint","urlTemplate":"https:\/\/www.anceathrupoili.com\/?s={search_term_string}"},"query-input":{"@type":"PropertyValueSpecification","valueRequired":true,"valueName":"search_term_string"}}],"inLanguage":"ga-IE"},{"@type":"Organization","@id":"https:\/\/www.anceathrupoili.com\/#organization","name":"An Ceathr\u00fa P\u00f3il\u00ed","url":"https:\/\/www.anceathrupoili.com\/","logo":{"@type":"ImageObject","inLanguage":"ga-IE","@id":"https:\/\/www.anceathrupoili.com\/#\/schema\/logo\/image\/","url":"https:\/\/www.anceathrupoili.com\/wp-content\/uploads\/2024\/03\/Books-logo-names-01.svg","contentUrl":"https:\/\/www.anceathrupoili.com\/wp-content\/uploads\/2024\/03\/Books-logo-names-01.svg","width":1,"height":1,"caption":"An Ceathr\u00fa P\u00f3il\u00ed"},"image":{"@id":"https:\/\/www.anceathrupoili.com\/#\/schema\/logo\/image\/"}}]}},"_links":{"self":[{"href":"https:\/\/www.anceathrupoili.com\/ga\/wp-json\/wp\/v2\/product\/39478","targetHints":{"allow":["GET"]}}],"collection":[{"href":"https:\/\/www.anceathrupoili.com\/ga\/wp-json\/wp\/v2\/product"}],"about":[{"href":"https:\/\/www.anceathrupoili.com\/ga\/wp-json\/wp\/v2\/types\/product"}],"replies":[{"embeddable":true,"href":"https:\/\/www.anceathrupoili.com\/ga\/wp-json\/wp\/v2\/comments?post=39478"}],"wp:featuredmedia":[{"embeddable":true,"href":"https:\/\/www.anceathrupoili.com\/ga\/wp-json\/wp\/v2\/media\/43061"}],"wp:attachment":[{"href":"https:\/\/www.anceathrupoili.com\/ga\/wp-json\/wp\/v2\/media?parent=39478"}],"wp:term":[{"taxonomy":"product_brand","embeddable":true,"href":"https:\/\/www.anceathrupoili.com\/ga\/wp-json\/wp\/v2\/product_brand?post=39478"},{"taxonomy":"product_cat","embeddable":true,"href":"https:\/\/www.anceathrupoili.com\/ga\/wp-json\/wp\/v2\/product_cat?post=39478"},{"taxonomy":"product_tag","embeddable":true,"href":"https:\/\/www.anceathrupoili.com\/ga\/wp-json\/wp\/v2\/product_tag?post=39478"}],"curies":[{"name":"wp","href":"https:\/\/api.w.org\/{rel}","templated":true}]}}