{"id":39518,"date":"2024-10-24T13:02:35","date_gmt":"2024-10-24T12:02:35","guid":{"rendered":"https:\/\/www.anceathrupoili.com\/shop\/the-irish-tales-of-emigration-exile-and-imperialism\/"},"modified":"2026-05-03T11:45:33","modified_gmt":"2026-05-03T10:45:33","slug":"the-irish-tales-of-emigration-exile-and-imperialism","status":"publish","type":"product","link":"https:\/\/www.anceathrupoili.com\/ga\/shop\/the-irish-tales-of-emigration-exile-and-imperialism\/","title":{"rendered":"The Irish &#8211; Tales of Emigration, Exile and Imperialism"},"content":{"rendered":"<p>The Irish have always been a travelling people. Since 1800 an estimated 10 million people have left the Irish shores, and today more than 80 million people claim Irish descent. In the centuries after the fall of Rome, Irish missionaries carried the word of Christianity throughout Europe, while soldiers and meriners from across the land ventured overseas in all directions.<\/p>\n<p><\/p>\n<p>In this inimitable fashion, Turtle Bunbury explores the lives of those men and women, great and otherwise, whose journeys- whether driven by faith, a desire for survival- have left their mark on the wider world.<\/p>","protected":false},"excerpt":{"rendered":"<p>The Irish have always been a travelling people. Since 1800 an estimated 10 million people have left the Irish shores, and today more than 80 million people claim Irish descent. In the centuries after the fall of Rome, Irish missionaries carried the word of Christianity throughout Europe, while soldiers and meriners from across the land&hellip;<\/p>","protected":false},"featured_media":42713,"comment_status":"open","ping_status":"closed","template":"","meta":{"_acf_changed":false,"_relevanssi_hide_post":"","_relevanssi_hide_content":"","_relevanssi_pin_for_all":"","_relevanssi_pin_keywords":"","_relevanssi_unpin_keywords":"","_relevanssi_related_keywords":"","_relevanssi_related_include_ids":"","_relevanssi_related_exclude_ids":"","_relevanssi_related_no_append":"","_relevanssi_related_not_related":"","_relevanssi_related_posts":"39044,40646,43909,45102,41616,42975","_relevanssi_noindex_reason":""},"product_brand":[],"product_cat":[251],"product_tag":[],"class_list":{"0":"post-39518","1":"product","2":"type-product","3":"status-publish","4":"has-post-thumbnail","6":"product_cat-history-politics","7":"pa_authors-turtle-bunbury","9":"first","10":"instock","11":"taxable","12":"shipping-taxable","13":"purchasable","14":"product-type-simple"},"acf":[],"yoast_head":"<!-- This site is optimized with the Yoast SEO plugin v27.4 - https:\/\/yoast.com\/product\/yoast-seo-wordpress\/ -->\n<title>The Irish - Tales of Emigration, Exile and Imperialism - An Ceathr\u00fa P\u00f3il\u00ed<\/title>\n<meta name=\"description\" content=\"Order The Irish &#8211; Tales of Emigration, Exile and Imperialism by Turtle Bunbury from our History &amp; Politics shelves. The siopa leabhar ships worldwide! The Irish have always been a travelling people. Since 1800 an estimated 10 million people have left the Irish shores, and today more than 80 million\" \/>\n<meta name=\"robots\" content=\"index, follow, max-snippet:-1, max-image-preview:large, max-video-preview:-1\" \/>\n<link rel=\"canonical\" href=\"https:\/\/www.anceathrupoili.com\/ga\/shop\/the-irish-tales-of-emigration-exile-and-imperialism\/\" \/>\n<meta property=\"og:locale\" content=\"ga_IE\" \/>\n<meta property=\"og:type\" content=\"article\" \/>\n<meta property=\"og:title\" content=\"The Irish - Tales of Emigration, Exile and Imperialism - An Ceathr\u00fa P\u00f3il\u00ed\" \/>\n<meta property=\"og:description\" content=\"Order The Irish &#8211; Tales of Emigration, Exile and Imperialism by Turtle Bunbury from our History &amp; Politics shelves. The siopa leabhar ships worldwide! The Irish have always been a travelling people. Since 1800 an estimated 10 million people have left the Irish shores, and today more than 80 million\" \/>\n<meta property=\"og:url\" content=\"https:\/\/www.anceathrupoili.com\/ga\/shop\/the-irish-tales-of-emigration-exile-and-imperialism\/\" \/>\n<meta property=\"og:site_name\" content=\"An Ceathr\u00fa P\u00f3il\u00ed\" \/>\n<meta property=\"article:modified_time\" content=\"2026-05-03T10:45:33+00:00\" \/>\n<meta property=\"og:image\" content=\"https:\/\/www.anceathrupoili.com\/wp-content\/uploads\/2024\/10\/the-irish-1.jpg\" \/>\n\t<meta property=\"og:image:width\" content=\"326\" \/>\n\t<meta property=\"og:image:height\" content=\"500\" \/>\n\t<meta property=\"og:image:type\" content=\"image\/jpeg\" \/>\n<meta name=\"twitter:card\" content=\"summary_large_image\" \/>\n<meta name=\"twitter:label1\" content=\"Est. reading time\" \/>\n\t<meta name=\"twitter:data1\" content=\"1 minute\" \/>\n<script type=\"application\/ld+json\" class=\"yoast-schema-graph\">{\"@context\":\"https:\\\/\\\/schema.org\",\"@graph\":[{\"@type\":\"WebPage\",\"@id\":\"https:\\\/\\\/www.anceathrupoili.com\\\/shop\\\/the-irish-tales-of-emigration-exile-and-imperialism\\\/\",\"url\":\"https:\\\/\\\/www.anceathrupoili.com\\\/shop\\\/the-irish-tales-of-emigration-exile-and-imperialism\\\/\",\"name\":\"The Irish - Tales of Emigration, Exile and Imperialism - An Ceathr\u00fa P\u00f3il\u00ed\",\"isPartOf\":{\"@id\":\"https:\\\/\\\/www.anceathrupoili.com\\\/#website\"},\"primaryImageOfPage\":{\"@id\":\"https:\\\/\\\/www.anceathrupoili.com\\\/shop\\\/the-irish-tales-of-emigration-exile-and-imperialism\\\/#primaryimage\"},\"image\":{\"@id\":\"https:\\\/\\\/www.anceathrupoili.com\\\/shop\\\/the-irish-tales-of-emigration-exile-and-imperialism\\\/#primaryimage\"},\"thumbnailUrl\":\"https:\\\/\\\/www.anceathrupoili.com\\\/wp-content\\\/uploads\\\/2024\\\/10\\\/the-irish-1.jpg\",\"datePublished\":\"2024-10-24T12:02:35+00:00\",\"dateModified\":\"2026-05-03T10:45:33+00:00\",\"description\":\"Order The Irish &#8211; Tales of Emigration, Exile and Imperialism by Turtle Bunbury from our History &amp; Politics shelves. The siopa leabhar ships worldwide! The Irish have always been a travelling people. Since 1800 an estimated 10 million people have left the Irish shores, and today more than 80 million\",\"breadcrumb\":{\"@id\":\"https:\\\/\\\/www.anceathrupoili.com\\\/shop\\\/the-irish-tales-of-emigration-exile-and-imperialism\\\/#breadcrumb\"},\"inLanguage\":\"ga-IE\",\"potentialAction\":[{\"@type\":\"ReadAction\",\"target\":[\"https:\\\/\\\/www.anceathrupoili.com\\\/shop\\\/the-irish-tales-of-emigration-exile-and-imperialism\\\/\"]}]},{\"@type\":\"ImageObject\",\"inLanguage\":\"ga-IE\",\"@id\":\"https:\\\/\\\/www.anceathrupoili.com\\\/shop\\\/the-irish-tales-of-emigration-exile-and-imperialism\\\/#primaryimage\",\"url\":\"https:\\\/\\\/www.anceathrupoili.com\\\/wp-content\\\/uploads\\\/2024\\\/10\\\/the-irish-1.jpg\",\"contentUrl\":\"https:\\\/\\\/www.anceathrupoili.com\\\/wp-content\\\/uploads\\\/2024\\\/10\\\/the-irish-1.jpg\",\"width\":326,\"height\":500},{\"@type\":\"BreadcrumbList\",\"@id\":\"https:\\\/\\\/www.anceathrupoili.com\\\/shop\\\/the-irish-tales-of-emigration-exile-and-imperialism\\\/#breadcrumb\",\"itemListElement\":[{\"@type\":\"ListItem\",\"position\":1,\"name\":\"Home\",\"item\":\"https:\\\/\\\/www.anceathrupoili.com\\\/\"},{\"@type\":\"ListItem\",\"position\":2,\"name\":\"Shop\",\"item\":\"https:\\\/\\\/www.anceathrupoili.com\\\/shop\\\/\"},{\"@type\":\"ListItem\",\"position\":3,\"name\":\"The Irish &#8211; Tales of Emigration, Exile and Imperialism\"}]},{\"@type\":\"WebSite\",\"@id\":\"https:\\\/\\\/www.anceathrupoili.com\\\/#website\",\"url\":\"https:\\\/\\\/www.anceathrupoili.com\\\/\",\"name\":\"An Ceathr\u00fa P\u00f3il\u00ed\",\"description\":\"Belfast&#039;s Irish Language Bookshop\",\"publisher\":{\"@id\":\"https:\\\/\\\/www.anceathrupoili.com\\\/#organization\"},\"potentialAction\":[{\"@type\":\"SearchAction\",\"target\":{\"@type\":\"EntryPoint\",\"urlTemplate\":\"https:\\\/\\\/www.anceathrupoili.com\\\/?s={search_term_string}\"},\"query-input\":{\"@type\":\"PropertyValueSpecification\",\"valueRequired\":true,\"valueName\":\"search_term_string\"}}],\"inLanguage\":\"ga-IE\"},{\"@type\":\"Organization\",\"@id\":\"https:\\\/\\\/www.anceathrupoili.com\\\/#organization\",\"name\":\"An Ceathr\u00fa P\u00f3il\u00ed\",\"url\":\"https:\\\/\\\/www.anceathrupoili.com\\\/\",\"logo\":{\"@type\":\"ImageObject\",\"inLanguage\":\"ga-IE\",\"@id\":\"https:\\\/\\\/www.anceathrupoili.com\\\/#\\\/schema\\\/logo\\\/image\\\/\",\"url\":\"https:\\\/\\\/www.anceathrupoili.com\\\/wp-content\\\/uploads\\\/2024\\\/03\\\/Books-logo-names-01.svg\",\"contentUrl\":\"https:\\\/\\\/www.anceathrupoili.com\\\/wp-content\\\/uploads\\\/2024\\\/03\\\/Books-logo-names-01.svg\",\"width\":1,\"height\":1,\"caption\":\"An Ceathr\u00fa P\u00f3il\u00ed\"},\"image\":{\"@id\":\"https:\\\/\\\/www.anceathrupoili.com\\\/#\\\/schema\\\/logo\\\/image\\\/\"}}]}<\/script>\n<!-- \/ Yoast SEO plugin. -->","yoast_head_json":{"title":"The Irish - Tales of Emigration, Exile and Imperialism - An Ceathr\u00fa P\u00f3il\u00ed","description":"Order The Irish &#8211; Tales of Emigration, Exile and Imperialism by Turtle Bunbury from our History &amp; Politics shelves. The siopa leabhar ships worldwide! The Irish have always been a travelling people. Since 1800 an estimated 10 million people have left the Irish shores, and today more than 80 million","robots":{"index":"index","follow":"follow","max-snippet":"max-snippet:-1","max-image-preview":"max-image-preview:large","max-video-preview":"max-video-preview:-1"},"canonical":"https:\/\/www.anceathrupoili.com\/ga\/shop\/the-irish-tales-of-emigration-exile-and-imperialism\/","og_locale":"ga_IE","og_type":"article","og_title":"The Irish - Tales of Emigration, Exile and Imperialism - An Ceathr\u00fa P\u00f3il\u00ed","og_description":"Order The Irish &#8211; Tales of Emigration, Exile and Imperialism by Turtle Bunbury from our History &amp; Politics shelves. The siopa leabhar ships worldwide! The Irish have always been a travelling people. Since 1800 an estimated 10 million people have left the Irish shores, and today more than 80 million","og_url":"https:\/\/www.anceathrupoili.com\/ga\/shop\/the-irish-tales-of-emigration-exile-and-imperialism\/","og_site_name":"An Ceathr\u00fa P\u00f3il\u00ed","article_modified_time":"2026-05-03T10:45:33+00:00","og_image":[{"width":326,"height":500,"url":"https:\/\/www.anceathrupoili.com\/wp-content\/uploads\/2024\/10\/the-irish-1.jpg","type":"image\/jpeg"}],"twitter_card":"summary_large_image","twitter_misc":{"Est. reading time":"1 minute"},"schema":{"@context":"https:\/\/schema.org","@graph":[{"@type":"WebPage","@id":"https:\/\/www.anceathrupoili.com\/shop\/the-irish-tales-of-emigration-exile-and-imperialism\/","url":"https:\/\/www.anceathrupoili.com\/shop\/the-irish-tales-of-emigration-exile-and-imperialism\/","name":"The Irish - Tales of Emigration, Exile and Imperialism - An Ceathr\u00fa P\u00f3il\u00ed","isPartOf":{"@id":"https:\/\/www.anceathrupoili.com\/#website"},"primaryImageOfPage":{"@id":"https:\/\/www.anceathrupoili.com\/shop\/the-irish-tales-of-emigration-exile-and-imperialism\/#primaryimage"},"image":{"@id":"https:\/\/www.anceathrupoili.com\/shop\/the-irish-tales-of-emigration-exile-and-imperialism\/#primaryimage"},"thumbnailUrl":"https:\/\/www.anceathrupoili.com\/wp-content\/uploads\/2024\/10\/the-irish-1.jpg","datePublished":"2024-10-24T12:02:35+00:00","dateModified":"2026-05-03T10:45:33+00:00","description":"Order The Irish &#8211; Tales of Emigration, Exile and Imperialism by Turtle Bunbury from our History &amp; Politics shelves. The siopa leabhar ships worldwide! The Irish have always been a travelling people. Since 1800 an estimated 10 million people have left the Irish shores, and today more than 80 million","breadcrumb":{"@id":"https:\/\/www.anceathrupoili.com\/shop\/the-irish-tales-of-emigration-exile-and-imperialism\/#breadcrumb"},"inLanguage":"ga-IE","potentialAction":[{"@type":"ReadAction","target":["https:\/\/www.anceathrupoili.com\/shop\/the-irish-tales-of-emigration-exile-and-imperialism\/"]}]},{"@type":"ImageObject","inLanguage":"ga-IE","@id":"https:\/\/www.anceathrupoili.com\/shop\/the-irish-tales-of-emigration-exile-and-imperialism\/#primaryimage","url":"https:\/\/www.anceathrupoili.com\/wp-content\/uploads\/2024\/10\/the-irish-1.jpg","contentUrl":"https:\/\/www.anceathrupoili.com\/wp-content\/uploads\/2024\/10\/the-irish-1.jpg","width":326,"height":500},{"@type":"BreadcrumbList","@id":"https:\/\/www.anceathrupoili.com\/shop\/the-irish-tales-of-emigration-exile-and-imperialism\/#breadcrumb","itemListElement":[{"@type":"ListItem","position":1,"name":"Home","item":"https:\/\/www.anceathrupoili.com\/"},{"@type":"ListItem","position":2,"name":"Shop","item":"https:\/\/www.anceathrupoili.com\/shop\/"},{"@type":"ListItem","position":3,"name":"The Irish &#8211; Tales of Emigration, Exile and Imperialism"}]},{"@type":"WebSite","@id":"https:\/\/www.anceathrupoili.com\/#website","url":"https:\/\/www.anceathrupoili.com\/","name":"An Ceathr\u00fa P\u00f3il\u00ed","description":"Belfast&#039;s Irish Language Bookshop","publisher":{"@id":"https:\/\/www.anceathrupoili.com\/#organization"},"potentialAction":[{"@type":"SearchAction","target":{"@type":"EntryPoint","urlTemplate":"https:\/\/www.anceathrupoili.com\/?s={search_term_string}"},"query-input":{"@type":"PropertyValueSpecification","valueRequired":true,"valueName":"search_term_string"}}],"inLanguage":"ga-IE"},{"@type":"Organization","@id":"https:\/\/www.anceathrupoili.com\/#organization","name":"An Ceathr\u00fa P\u00f3il\u00ed","url":"https:\/\/www.anceathrupoili.com\/","logo":{"@type":"ImageObject","inLanguage":"ga-IE","@id":"https:\/\/www.anceathrupoili.com\/#\/schema\/logo\/image\/","url":"https:\/\/www.anceathrupoili.com\/wp-content\/uploads\/2024\/03\/Books-logo-names-01.svg","contentUrl":"https:\/\/www.anceathrupoili.com\/wp-content\/uploads\/2024\/03\/Books-logo-names-01.svg","width":1,"height":1,"caption":"An Ceathr\u00fa P\u00f3il\u00ed"},"image":{"@id":"https:\/\/www.anceathrupoili.com\/#\/schema\/logo\/image\/"}}]}},"_links":{"self":[{"href":"https:\/\/www.anceathrupoili.com\/ga\/wp-json\/wp\/v2\/product\/39518","targetHints":{"allow":["GET"]}}],"collection":[{"href":"https:\/\/www.anceathrupoili.com\/ga\/wp-json\/wp\/v2\/product"}],"about":[{"href":"https:\/\/www.anceathrupoili.com\/ga\/wp-json\/wp\/v2\/types\/product"}],"replies":[{"embeddable":true,"href":"https:\/\/www.anceathrupoili.com\/ga\/wp-json\/wp\/v2\/comments?post=39518"}],"wp:featuredmedia":[{"embeddable":true,"href":"https:\/\/www.anceathrupoili.com\/ga\/wp-json\/wp\/v2\/media\/42713"}],"wp:attachment":[{"href":"https:\/\/www.anceathrupoili.com\/ga\/wp-json\/wp\/v2\/media?parent=39518"}],"wp:term":[{"taxonomy":"product_brand","embeddable":true,"href":"https:\/\/www.anceathrupoili.com\/ga\/wp-json\/wp\/v2\/product_brand?post=39518"},{"taxonomy":"product_cat","embeddable":true,"href":"https:\/\/www.anceathrupoili.com\/ga\/wp-json\/wp\/v2\/product_cat?post=39518"},{"taxonomy":"product_tag","embeddable":true,"href":"https:\/\/www.anceathrupoili.com\/ga\/wp-json\/wp\/v2\/product_tag?post=39518"}],"curies":[{"name":"wp","href":"https:\/\/api.w.org\/{rel}","templated":true}]}}