{"id":39567,"date":"2024-10-26T15:41:57","date_gmt":"2024-10-26T14:41:57","guid":{"rendered":"https:\/\/www.anceathrupoili.com\/shop\/sainti-sa-bhaile\/"},"modified":"2026-04-25T06:56:20","modified_gmt":"2026-04-25T05:56:20","slug":"sainti-sa-bhaile","status":"publish","type":"product","link":"https:\/\/www.anceathrupoili.com\/ga\/shop\/sainti-sa-bhaile\/","title":{"rendered":"Saint\u00ed Sa Bhaile"},"content":{"rendered":"<p>Timpeall an domhain in aon o\u00edche amh\u00e1in. Daid\u00ed na Nollag sa charr sleamhn\u00e1in. Ceard a tharla\u00edonn ina dhiaidh sin? Conas a chaitheann Saint\u00ed agus chairde an Nollaig sa Mhol Thuaidh?<\/p>","protected":false},"excerpt":{"rendered":"<p>Timpeall an domhain in aon o\u00edche amh\u00e1in. Daid\u00ed na Nollag sa charr sleamhn\u00e1in. Ceard a tharla\u00edonn ina dhiaidh sin? Conas a chaitheann Saint\u00ed agus chairde an Nollaig sa Mhol Thuaidh?<\/p>","protected":false},"featured_media":39569,"comment_status":"open","ping_status":"closed","template":"","meta":{"_acf_changed":false,"_relevanssi_hide_post":"","_relevanssi_hide_content":"","_relevanssi_pin_for_all":"","_relevanssi_pin_keywords":"","_relevanssi_unpin_keywords":"","_relevanssi_related_keywords":"","_relevanssi_related_include_ids":"0","_relevanssi_related_exclude_ids":"","_relevanssi_related_no_append":"","_relevanssi_related_not_related":"","_relevanssi_related_posts":"325,372,591,801,1005,1019","_relevanssi_noindex_reason":""},"product_brand":[],"product_cat":[2582],"product_tag":[],"class_list":{"0":"post-39567","1":"product","2":"type-product","3":"status-publish","4":"has-post-thumbnail","6":"product_cat-children-irish","7":"pa_authors-aine-ni-ghlinn","8":"pa_authors-mr-ando","10":"first","11":"instock","12":"taxable","13":"shipping-taxable","14":"purchasable","15":"product-type-simple"},"acf":[],"yoast_head":"<!-- This site is optimized with the Yoast SEO plugin v27.4 - https:\/\/yoast.com\/product\/yoast-seo-wordpress\/ -->\n<title>Saint\u00ed Sa Bhaile - An Ceathr\u00fa P\u00f3il\u00ed<\/title>\n<meta name=\"description\" content=\"Order Saint\u00ed Sa Bhaile by \u00c1ine N\u00ed Ghlinn, Mr Ando from our Children (Irish) shelves. The siopa leabhar ships worldwide! Timpeall an domhain in aon o\u00edche amh\u00e1in. Daid\u00ed na Nollag sa charr sleamhn\u00e1in. Ceard a tharla\u00edonn ina dhiaidh sin? Conas a chaitheann Saint\u00ed agus chairde\" \/>\n<meta name=\"robots\" content=\"index, follow, max-snippet:-1, max-image-preview:large, max-video-preview:-1\" \/>\n<link rel=\"canonical\" href=\"https:\/\/www.anceathrupoili.com\/ga\/shop\/sainti-sa-bhaile\/\" \/>\n<meta property=\"og:locale\" content=\"ga_IE\" \/>\n<meta property=\"og:type\" content=\"article\" \/>\n<meta property=\"og:title\" content=\"Saint\u00ed Sa Bhaile - An Ceathr\u00fa P\u00f3il\u00ed\" \/>\n<meta property=\"og:description\" content=\"Order Saint\u00ed Sa Bhaile by \u00c1ine N\u00ed Ghlinn, Mr Ando from our Children (Irish) shelves. The siopa leabhar ships worldwide! Timpeall an domhain in aon o\u00edche amh\u00e1in. Daid\u00ed na Nollag sa charr sleamhn\u00e1in. Ceard a tharla\u00edonn ina dhiaidh sin? Conas a chaitheann Saint\u00ed agus chairde\" \/>\n<meta property=\"og:url\" content=\"https:\/\/www.anceathrupoili.com\/ga\/shop\/sainti-sa-bhaile\/\" \/>\n<meta property=\"og:site_name\" content=\"An Ceathr\u00fa P\u00f3il\u00ed\" \/>\n<meta property=\"article:modified_time\" content=\"2026-04-25T05:56:20+00:00\" \/>\n<meta property=\"og:image\" content=\"https:\/\/www.anceathrupoili.com\/wp-content\/uploads\/2024\/10\/459853597_8283746048377571_7651247001624496692_n.jpg\" \/>\n\t<meta property=\"og:image:width\" content=\"2048\" \/>\n\t<meta property=\"og:image:height\" content=\"2048\" \/>\n\t<meta property=\"og:image:type\" content=\"image\/jpeg\" \/>\n<meta name=\"twitter:card\" content=\"summary_large_image\" \/>\n<meta name=\"twitter:label1\" content=\"Est. reading time\" \/>\n\t<meta name=\"twitter:data1\" content=\"1 minute\" \/>\n<script type=\"application\/ld+json\" class=\"yoast-schema-graph\">{\"@context\":\"https:\\\/\\\/schema.org\",\"@graph\":[{\"@type\":\"WebPage\",\"@id\":\"https:\\\/\\\/www.anceathrupoili.com\\\/shop\\\/sainti-sa-bhaile\\\/\",\"url\":\"https:\\\/\\\/www.anceathrupoili.com\\\/shop\\\/sainti-sa-bhaile\\\/\",\"name\":\"Saint\u00ed Sa Bhaile - An Ceathr\u00fa P\u00f3il\u00ed\",\"isPartOf\":{\"@id\":\"https:\\\/\\\/www.anceathrupoili.com\\\/#website\"},\"primaryImageOfPage\":{\"@id\":\"https:\\\/\\\/www.anceathrupoili.com\\\/shop\\\/sainti-sa-bhaile\\\/#primaryimage\"},\"image\":{\"@id\":\"https:\\\/\\\/www.anceathrupoili.com\\\/shop\\\/sainti-sa-bhaile\\\/#primaryimage\"},\"thumbnailUrl\":\"https:\\\/\\\/www.anceathrupoili.com\\\/wp-content\\\/uploads\\\/2024\\\/10\\\/459853597_8283746048377571_7651247001624496692_n.jpg\",\"datePublished\":\"2024-10-26T14:41:57+00:00\",\"dateModified\":\"2026-04-25T05:56:20+00:00\",\"description\":\"Order Saint\u00ed Sa Bhaile by \u00c1ine N\u00ed Ghlinn, Mr Ando from our Children (Irish) shelves. The siopa leabhar ships worldwide! Timpeall an domhain in aon o\u00edche amh\u00e1in. Daid\u00ed na Nollag sa charr sleamhn\u00e1in. Ceard a tharla\u00edonn ina dhiaidh sin? Conas a chaitheann Saint\u00ed agus chairde\",\"breadcrumb\":{\"@id\":\"https:\\\/\\\/www.anceathrupoili.com\\\/shop\\\/sainti-sa-bhaile\\\/#breadcrumb\"},\"inLanguage\":\"ga-IE\",\"potentialAction\":[{\"@type\":\"ReadAction\",\"target\":[\"https:\\\/\\\/www.anceathrupoili.com\\\/shop\\\/sainti-sa-bhaile\\\/\"]}]},{\"@type\":\"ImageObject\",\"inLanguage\":\"ga-IE\",\"@id\":\"https:\\\/\\\/www.anceathrupoili.com\\\/shop\\\/sainti-sa-bhaile\\\/#primaryimage\",\"url\":\"https:\\\/\\\/www.anceathrupoili.com\\\/wp-content\\\/uploads\\\/2024\\\/10\\\/459853597_8283746048377571_7651247001624496692_n.jpg\",\"contentUrl\":\"https:\\\/\\\/www.anceathrupoili.com\\\/wp-content\\\/uploads\\\/2024\\\/10\\\/459853597_8283746048377571_7651247001624496692_n.jpg\",\"width\":2048,\"height\":2048},{\"@type\":\"BreadcrumbList\",\"@id\":\"https:\\\/\\\/www.anceathrupoili.com\\\/shop\\\/sainti-sa-bhaile\\\/#breadcrumb\",\"itemListElement\":[{\"@type\":\"ListItem\",\"position\":1,\"name\":\"Home\",\"item\":\"https:\\\/\\\/www.anceathrupoili.com\\\/\"},{\"@type\":\"ListItem\",\"position\":2,\"name\":\"Shop\",\"item\":\"https:\\\/\\\/www.anceathrupoili.com\\\/shop\\\/\"},{\"@type\":\"ListItem\",\"position\":3,\"name\":\"Saint\u00ed Sa Bhaile\"}]},{\"@type\":\"WebSite\",\"@id\":\"https:\\\/\\\/www.anceathrupoili.com\\\/#website\",\"url\":\"https:\\\/\\\/www.anceathrupoili.com\\\/\",\"name\":\"An Ceathr\u00fa P\u00f3il\u00ed\",\"description\":\"Belfast&#039;s Irish Language Bookshop\",\"publisher\":{\"@id\":\"https:\\\/\\\/www.anceathrupoili.com\\\/#organization\"},\"potentialAction\":[{\"@type\":\"SearchAction\",\"target\":{\"@type\":\"EntryPoint\",\"urlTemplate\":\"https:\\\/\\\/www.anceathrupoili.com\\\/?s={search_term_string}\"},\"query-input\":{\"@type\":\"PropertyValueSpecification\",\"valueRequired\":true,\"valueName\":\"search_term_string\"}}],\"inLanguage\":\"ga-IE\"},{\"@type\":\"Organization\",\"@id\":\"https:\\\/\\\/www.anceathrupoili.com\\\/#organization\",\"name\":\"An Ceathr\u00fa P\u00f3il\u00ed\",\"url\":\"https:\\\/\\\/www.anceathrupoili.com\\\/\",\"logo\":{\"@type\":\"ImageObject\",\"inLanguage\":\"ga-IE\",\"@id\":\"https:\\\/\\\/www.anceathrupoili.com\\\/#\\\/schema\\\/logo\\\/image\\\/\",\"url\":\"https:\\\/\\\/www.anceathrupoili.com\\\/wp-content\\\/uploads\\\/2024\\\/03\\\/Books-logo-names-01.svg\",\"contentUrl\":\"https:\\\/\\\/www.anceathrupoili.com\\\/wp-content\\\/uploads\\\/2024\\\/03\\\/Books-logo-names-01.svg\",\"width\":1,\"height\":1,\"caption\":\"An Ceathr\u00fa P\u00f3il\u00ed\"},\"image\":{\"@id\":\"https:\\\/\\\/www.anceathrupoili.com\\\/#\\\/schema\\\/logo\\\/image\\\/\"}}]}<\/script>\n<!-- \/ Yoast SEO plugin. -->","yoast_head_json":{"title":"Saint\u00ed Sa Bhaile - An Ceathr\u00fa P\u00f3il\u00ed","description":"Order Saint\u00ed Sa Bhaile by \u00c1ine N\u00ed Ghlinn, Mr Ando from our Children (Irish) shelves. The siopa leabhar ships worldwide! Timpeall an domhain in aon o\u00edche amh\u00e1in. Daid\u00ed na Nollag sa charr sleamhn\u00e1in. Ceard a tharla\u00edonn ina dhiaidh sin? Conas a chaitheann Saint\u00ed agus chairde","robots":{"index":"index","follow":"follow","max-snippet":"max-snippet:-1","max-image-preview":"max-image-preview:large","max-video-preview":"max-video-preview:-1"},"canonical":"https:\/\/www.anceathrupoili.com\/ga\/shop\/sainti-sa-bhaile\/","og_locale":"ga_IE","og_type":"article","og_title":"Saint\u00ed Sa Bhaile - An Ceathr\u00fa P\u00f3il\u00ed","og_description":"Order Saint\u00ed Sa Bhaile by \u00c1ine N\u00ed Ghlinn, Mr Ando from our Children (Irish) shelves. The siopa leabhar ships worldwide! Timpeall an domhain in aon o\u00edche amh\u00e1in. Daid\u00ed na Nollag sa charr sleamhn\u00e1in. Ceard a tharla\u00edonn ina dhiaidh sin? Conas a chaitheann Saint\u00ed agus chairde","og_url":"https:\/\/www.anceathrupoili.com\/ga\/shop\/sainti-sa-bhaile\/","og_site_name":"An Ceathr\u00fa P\u00f3il\u00ed","article_modified_time":"2026-04-25T05:56:20+00:00","og_image":[{"width":2048,"height":2048,"url":"https:\/\/www.anceathrupoili.com\/wp-content\/uploads\/2024\/10\/459853597_8283746048377571_7651247001624496692_n.jpg","type":"image\/jpeg"}],"twitter_card":"summary_large_image","twitter_misc":{"Est. reading time":"1 minute"},"schema":{"@context":"https:\/\/schema.org","@graph":[{"@type":"WebPage","@id":"https:\/\/www.anceathrupoili.com\/shop\/sainti-sa-bhaile\/","url":"https:\/\/www.anceathrupoili.com\/shop\/sainti-sa-bhaile\/","name":"Saint\u00ed Sa Bhaile - An Ceathr\u00fa P\u00f3il\u00ed","isPartOf":{"@id":"https:\/\/www.anceathrupoili.com\/#website"},"primaryImageOfPage":{"@id":"https:\/\/www.anceathrupoili.com\/shop\/sainti-sa-bhaile\/#primaryimage"},"image":{"@id":"https:\/\/www.anceathrupoili.com\/shop\/sainti-sa-bhaile\/#primaryimage"},"thumbnailUrl":"https:\/\/www.anceathrupoili.com\/wp-content\/uploads\/2024\/10\/459853597_8283746048377571_7651247001624496692_n.jpg","datePublished":"2024-10-26T14:41:57+00:00","dateModified":"2026-04-25T05:56:20+00:00","description":"Order Saint\u00ed Sa Bhaile by \u00c1ine N\u00ed Ghlinn, Mr Ando from our Children (Irish) shelves. The siopa leabhar ships worldwide! Timpeall an domhain in aon o\u00edche amh\u00e1in. Daid\u00ed na Nollag sa charr sleamhn\u00e1in. Ceard a tharla\u00edonn ina dhiaidh sin? Conas a chaitheann Saint\u00ed agus chairde","breadcrumb":{"@id":"https:\/\/www.anceathrupoili.com\/shop\/sainti-sa-bhaile\/#breadcrumb"},"inLanguage":"ga-IE","potentialAction":[{"@type":"ReadAction","target":["https:\/\/www.anceathrupoili.com\/shop\/sainti-sa-bhaile\/"]}]},{"@type":"ImageObject","inLanguage":"ga-IE","@id":"https:\/\/www.anceathrupoili.com\/shop\/sainti-sa-bhaile\/#primaryimage","url":"https:\/\/www.anceathrupoili.com\/wp-content\/uploads\/2024\/10\/459853597_8283746048377571_7651247001624496692_n.jpg","contentUrl":"https:\/\/www.anceathrupoili.com\/wp-content\/uploads\/2024\/10\/459853597_8283746048377571_7651247001624496692_n.jpg","width":2048,"height":2048},{"@type":"BreadcrumbList","@id":"https:\/\/www.anceathrupoili.com\/shop\/sainti-sa-bhaile\/#breadcrumb","itemListElement":[{"@type":"ListItem","position":1,"name":"Home","item":"https:\/\/www.anceathrupoili.com\/"},{"@type":"ListItem","position":2,"name":"Shop","item":"https:\/\/www.anceathrupoili.com\/shop\/"},{"@type":"ListItem","position":3,"name":"Saint\u00ed Sa Bhaile"}]},{"@type":"WebSite","@id":"https:\/\/www.anceathrupoili.com\/#website","url":"https:\/\/www.anceathrupoili.com\/","name":"An Ceathr\u00fa P\u00f3il\u00ed","description":"Belfast&#039;s Irish Language Bookshop","publisher":{"@id":"https:\/\/www.anceathrupoili.com\/#organization"},"potentialAction":[{"@type":"SearchAction","target":{"@type":"EntryPoint","urlTemplate":"https:\/\/www.anceathrupoili.com\/?s={search_term_string}"},"query-input":{"@type":"PropertyValueSpecification","valueRequired":true,"valueName":"search_term_string"}}],"inLanguage":"ga-IE"},{"@type":"Organization","@id":"https:\/\/www.anceathrupoili.com\/#organization","name":"An Ceathr\u00fa P\u00f3il\u00ed","url":"https:\/\/www.anceathrupoili.com\/","logo":{"@type":"ImageObject","inLanguage":"ga-IE","@id":"https:\/\/www.anceathrupoili.com\/#\/schema\/logo\/image\/","url":"https:\/\/www.anceathrupoili.com\/wp-content\/uploads\/2024\/03\/Books-logo-names-01.svg","contentUrl":"https:\/\/www.anceathrupoili.com\/wp-content\/uploads\/2024\/03\/Books-logo-names-01.svg","width":1,"height":1,"caption":"An Ceathr\u00fa P\u00f3il\u00ed"},"image":{"@id":"https:\/\/www.anceathrupoili.com\/#\/schema\/logo\/image\/"}}]}},"_links":{"self":[{"href":"https:\/\/www.anceathrupoili.com\/ga\/wp-json\/wp\/v2\/product\/39567","targetHints":{"allow":["GET"]}}],"collection":[{"href":"https:\/\/www.anceathrupoili.com\/ga\/wp-json\/wp\/v2\/product"}],"about":[{"href":"https:\/\/www.anceathrupoili.com\/ga\/wp-json\/wp\/v2\/types\/product"}],"replies":[{"embeddable":true,"href":"https:\/\/www.anceathrupoili.com\/ga\/wp-json\/wp\/v2\/comments?post=39567"}],"wp:featuredmedia":[{"embeddable":true,"href":"https:\/\/www.anceathrupoili.com\/ga\/wp-json\/wp\/v2\/media\/39569"}],"wp:attachment":[{"href":"https:\/\/www.anceathrupoili.com\/ga\/wp-json\/wp\/v2\/media?parent=39567"}],"wp:term":[{"taxonomy":"product_brand","embeddable":true,"href":"https:\/\/www.anceathrupoili.com\/ga\/wp-json\/wp\/v2\/product_brand?post=39567"},{"taxonomy":"product_cat","embeddable":true,"href":"https:\/\/www.anceathrupoili.com\/ga\/wp-json\/wp\/v2\/product_cat?post=39567"},{"taxonomy":"product_tag","embeddable":true,"href":"https:\/\/www.anceathrupoili.com\/ga\/wp-json\/wp\/v2\/product_tag?post=39567"}],"curies":[{"name":"wp","href":"https:\/\/api.w.org\/{rel}","templated":true}]}}