{"id":42617,"date":"2025-06-20T15:01:32","date_gmt":"2025-06-20T14:01:32","guid":{"rendered":"https:\/\/www.anceathrupoili.com\/shop\/an-ait-a-neitlionn-na-madai-crainn\/"},"modified":"2026-05-01T08:21:29","modified_gmt":"2026-05-01T07:21:29","slug":"an-ait-a-neitlionn-na-madai-crainn","status":"publish","type":"product","link":"https:\/\/www.anceathrupoili.com\/ga\/shop\/an-ait-a-neitlionn-na-madai-crainn\/","title":{"rendered":"An \u00c1it a nEitl\u00edonn na Mada\u00ed Crainn"},"content":{"rendered":"<p>&#34;Tabhair domh do l\u00e1mh go rachaimid siar chuig na h\u00e1iteanna aoibhne ina bhfuil do mhian.<\/p>\n<p>Suas, suas go hard, go dt\u00ed an \u00e1it ina n-eitl\u00edonn na mada\u00ed crainn.&#34;<\/p>\n<p>Tar ar thuras le Mola\u00ed agus a madadh beag le blaiseadh a fh\u00e1il de dhra\u00edocht an d\u00falra.<\/p>","protected":false},"excerpt":{"rendered":"<p>&#34;Tabhair domh do l\u00e1mh go rachaimid siar chuig na h\u00e1iteanna aoibhne ina bhfuil do mhian. Suas, suas go hard, go dt\u00ed an \u00e1it ina n-eitl\u00edonn na mada\u00ed crainn.&#34; Tar ar thuras le Mola\u00ed agus a madadh beag le blaiseadh a fh\u00e1il de dhra\u00edocht an d\u00falra.<\/p>","protected":false},"featured_media":42671,"comment_status":"open","ping_status":"closed","template":"","meta":{"_acf_changed":false,"_relevanssi_hide_post":"","_relevanssi_hide_content":"","_relevanssi_pin_for_all":"","_relevanssi_pin_keywords":"","_relevanssi_unpin_keywords":"","_relevanssi_related_keywords":"","_relevanssi_related_include_ids":"","_relevanssi_related_exclude_ids":"","_relevanssi_related_no_append":"","_relevanssi_related_not_related":"","_relevanssi_related_posts":"42989,325,372,591,801,1005","_relevanssi_noindex_reason":""},"product_brand":[],"product_cat":[2582],"product_tag":[],"class_list":{"0":"post-42617","1":"product","2":"type-product","3":"status-publish","4":"has-post-thumbnail","6":"product_cat-children-irish","8":"first","9":"instock","10":"taxable","11":"shipping-taxable","12":"purchasable","13":"product-type-simple"},"acf":[],"yoast_head":"<!-- This site is optimized with the Yoast SEO plugin v27.4 - https:\/\/yoast.com\/product\/yoast-seo-wordpress\/ -->\n<title>An \u00c1it a nEitl\u00edonn na Mada\u00ed Crainn - An Ceathr\u00fa P\u00f3il\u00ed<\/title>\n<meta name=\"description\" content=\"&#034;Tabhair domh do l\u00e1mh go rachaimid siar chuig na h\u00e1iteanna aoibhne ina bhfuil do mhian.Suas, suas go hard, go dt\u00ed an \u00e1it ina n-eitl\u00edonn na mada\u00ed\" \/>\n<meta name=\"robots\" content=\"index, follow, max-snippet:-1, max-image-preview:large, max-video-preview:-1\" \/>\n<link rel=\"canonical\" href=\"https:\/\/www.anceathrupoili.com\/ga\/shop\/an-ait-a-neitlionn-na-madai-crainn\/\" \/>\n<meta property=\"og:locale\" content=\"ga_IE\" \/>\n<meta property=\"og:type\" content=\"article\" \/>\n<meta property=\"og:title\" content=\"An \u00c1it a nEitl\u00edonn na Mada\u00ed Crainn - An Ceathr\u00fa P\u00f3il\u00ed\" \/>\n<meta property=\"og:description\" content=\"&#034;Tabhair domh do l\u00e1mh go rachaimid siar chuig na h\u00e1iteanna aoibhne ina bhfuil do mhian.Suas, suas go hard, go dt\u00ed an \u00e1it ina n-eitl\u00edonn na mada\u00ed\" \/>\n<meta property=\"og:url\" content=\"https:\/\/www.anceathrupoili.com\/ga\/shop\/an-ait-a-neitlionn-na-madai-crainn\/\" \/>\n<meta property=\"og:site_name\" content=\"An Ceathr\u00fa P\u00f3il\u00ed\" \/>\n<meta property=\"article:modified_time\" content=\"2026-05-01T07:21:29+00:00\" \/>\n<meta property=\"og:image\" content=\"https:\/\/www.anceathrupoili.com\/wp-content\/uploads\/2025\/06\/An-Ait-a-nEitlionn-na-Madai-Crainn.webp\" \/>\n\t<meta property=\"og:image:width\" content=\"661\" \/>\n\t<meta property=\"og:image:height\" content=\"894\" \/>\n\t<meta property=\"og:image:type\" content=\"image\/webp\" \/>\n<meta name=\"twitter:card\" content=\"summary_large_image\" \/>\n<meta name=\"twitter:label1\" content=\"Est. reading time\" \/>\n\t<meta name=\"twitter:data1\" content=\"1 minute\" \/>\n<script type=\"application\/ld+json\" class=\"yoast-schema-graph\">{\"@context\":\"https:\\\/\\\/schema.org\",\"@graph\":[{\"@type\":\"WebPage\",\"@id\":\"https:\\\/\\\/www.anceathrupoili.com\\\/shop\\\/an-ait-a-neitlionn-na-madai-crainn\\\/\",\"url\":\"https:\\\/\\\/www.anceathrupoili.com\\\/shop\\\/an-ait-a-neitlionn-na-madai-crainn\\\/\",\"name\":\"An \u00c1it a nEitl\u00edonn na Mada\u00ed Crainn - An Ceathr\u00fa P\u00f3il\u00ed\",\"isPartOf\":{\"@id\":\"https:\\\/\\\/www.anceathrupoili.com\\\/#website\"},\"primaryImageOfPage\":{\"@id\":\"https:\\\/\\\/www.anceathrupoili.com\\\/shop\\\/an-ait-a-neitlionn-na-madai-crainn\\\/#primaryimage\"},\"image\":{\"@id\":\"https:\\\/\\\/www.anceathrupoili.com\\\/shop\\\/an-ait-a-neitlionn-na-madai-crainn\\\/#primaryimage\"},\"thumbnailUrl\":\"https:\\\/\\\/www.anceathrupoili.com\\\/wp-content\\\/uploads\\\/2025\\\/06\\\/An-Ait-a-nEitlionn-na-Madai-Crainn.webp\",\"datePublished\":\"2025-06-20T14:01:32+00:00\",\"dateModified\":\"2026-05-01T07:21:29+00:00\",\"description\":\"&#34;Tabhair domh do l\u00e1mh go rachaimid siar chuig na h\u00e1iteanna aoibhne ina bhfuil do mhian.Suas, suas go hard, go dt\u00ed an \u00e1it ina n-eitl\u00edonn na mada\u00ed\",\"breadcrumb\":{\"@id\":\"https:\\\/\\\/www.anceathrupoili.com\\\/shop\\\/an-ait-a-neitlionn-na-madai-crainn\\\/#breadcrumb\"},\"inLanguage\":\"ga-IE\",\"potentialAction\":[{\"@type\":\"ReadAction\",\"target\":[\"https:\\\/\\\/www.anceathrupoili.com\\\/shop\\\/an-ait-a-neitlionn-na-madai-crainn\\\/\"]}]},{\"@type\":\"ImageObject\",\"inLanguage\":\"ga-IE\",\"@id\":\"https:\\\/\\\/www.anceathrupoili.com\\\/shop\\\/an-ait-a-neitlionn-na-madai-crainn\\\/#primaryimage\",\"url\":\"https:\\\/\\\/www.anceathrupoili.com\\\/wp-content\\\/uploads\\\/2025\\\/06\\\/An-Ait-a-nEitlionn-na-Madai-Crainn.webp\",\"contentUrl\":\"https:\\\/\\\/www.anceathrupoili.com\\\/wp-content\\\/uploads\\\/2025\\\/06\\\/An-Ait-a-nEitlionn-na-Madai-Crainn.webp\",\"width\":661,\"height\":894},{\"@type\":\"BreadcrumbList\",\"@id\":\"https:\\\/\\\/www.anceathrupoili.com\\\/shop\\\/an-ait-a-neitlionn-na-madai-crainn\\\/#breadcrumb\",\"itemListElement\":[{\"@type\":\"ListItem\",\"position\":1,\"name\":\"Home\",\"item\":\"https:\\\/\\\/www.anceathrupoili.com\\\/\"},{\"@type\":\"ListItem\",\"position\":2,\"name\":\"Shop\",\"item\":\"https:\\\/\\\/www.anceathrupoili.com\\\/shop\\\/\"},{\"@type\":\"ListItem\",\"position\":3,\"name\":\"An \u00c1it a nEitl\u00edonn na Mada\u00ed Crainn\"}]},{\"@type\":\"WebSite\",\"@id\":\"https:\\\/\\\/www.anceathrupoili.com\\\/#website\",\"url\":\"https:\\\/\\\/www.anceathrupoili.com\\\/\",\"name\":\"An Ceathr\u00fa P\u00f3il\u00ed\",\"description\":\"Belfast&#039;s Irish Language Bookshop\",\"publisher\":{\"@id\":\"https:\\\/\\\/www.anceathrupoili.com\\\/#organization\"},\"potentialAction\":[{\"@type\":\"SearchAction\",\"target\":{\"@type\":\"EntryPoint\",\"urlTemplate\":\"https:\\\/\\\/www.anceathrupoili.com\\\/?s={search_term_string}\"},\"query-input\":{\"@type\":\"PropertyValueSpecification\",\"valueRequired\":true,\"valueName\":\"search_term_string\"}}],\"inLanguage\":\"ga-IE\"},{\"@type\":\"Organization\",\"@id\":\"https:\\\/\\\/www.anceathrupoili.com\\\/#organization\",\"name\":\"An Ceathr\u00fa P\u00f3il\u00ed\",\"url\":\"https:\\\/\\\/www.anceathrupoili.com\\\/\",\"logo\":{\"@type\":\"ImageObject\",\"inLanguage\":\"ga-IE\",\"@id\":\"https:\\\/\\\/www.anceathrupoili.com\\\/#\\\/schema\\\/logo\\\/image\\\/\",\"url\":\"https:\\\/\\\/www.anceathrupoili.com\\\/wp-content\\\/uploads\\\/2024\\\/03\\\/Books-logo-names-01.svg\",\"contentUrl\":\"https:\\\/\\\/www.anceathrupoili.com\\\/wp-content\\\/uploads\\\/2024\\\/03\\\/Books-logo-names-01.svg\",\"width\":1,\"height\":1,\"caption\":\"An Ceathr\u00fa P\u00f3il\u00ed\"},\"image\":{\"@id\":\"https:\\\/\\\/www.anceathrupoili.com\\\/#\\\/schema\\\/logo\\\/image\\\/\"}}]}<\/script>\n<!-- \/ Yoast SEO plugin. -->","yoast_head_json":{"title":"An \u00c1it a nEitl\u00edonn na Mada\u00ed Crainn - An Ceathr\u00fa P\u00f3il\u00ed","description":"&#34;Tabhair domh do l\u00e1mh go rachaimid siar chuig na h\u00e1iteanna aoibhne ina bhfuil do mhian.Suas, suas go hard, go dt\u00ed an \u00e1it ina n-eitl\u00edonn na mada\u00ed","robots":{"index":"index","follow":"follow","max-snippet":"max-snippet:-1","max-image-preview":"max-image-preview:large","max-video-preview":"max-video-preview:-1"},"canonical":"https:\/\/www.anceathrupoili.com\/ga\/shop\/an-ait-a-neitlionn-na-madai-crainn\/","og_locale":"ga_IE","og_type":"article","og_title":"An \u00c1it a nEitl\u00edonn na Mada\u00ed Crainn - An Ceathr\u00fa P\u00f3il\u00ed","og_description":"&#34;Tabhair domh do l\u00e1mh go rachaimid siar chuig na h\u00e1iteanna aoibhne ina bhfuil do mhian.Suas, suas go hard, go dt\u00ed an \u00e1it ina n-eitl\u00edonn na mada\u00ed","og_url":"https:\/\/www.anceathrupoili.com\/ga\/shop\/an-ait-a-neitlionn-na-madai-crainn\/","og_site_name":"An Ceathr\u00fa P\u00f3il\u00ed","article_modified_time":"2026-05-01T07:21:29+00:00","og_image":[{"width":661,"height":894,"url":"https:\/\/www.anceathrupoili.com\/wp-content\/uploads\/2025\/06\/An-Ait-a-nEitlionn-na-Madai-Crainn.webp","type":"image\/webp"}],"twitter_card":"summary_large_image","twitter_misc":{"Est. reading time":"1 minute"},"schema":{"@context":"https:\/\/schema.org","@graph":[{"@type":"WebPage","@id":"https:\/\/www.anceathrupoili.com\/shop\/an-ait-a-neitlionn-na-madai-crainn\/","url":"https:\/\/www.anceathrupoili.com\/shop\/an-ait-a-neitlionn-na-madai-crainn\/","name":"An \u00c1it a nEitl\u00edonn na Mada\u00ed Crainn - An Ceathr\u00fa P\u00f3il\u00ed","isPartOf":{"@id":"https:\/\/www.anceathrupoili.com\/#website"},"primaryImageOfPage":{"@id":"https:\/\/www.anceathrupoili.com\/shop\/an-ait-a-neitlionn-na-madai-crainn\/#primaryimage"},"image":{"@id":"https:\/\/www.anceathrupoili.com\/shop\/an-ait-a-neitlionn-na-madai-crainn\/#primaryimage"},"thumbnailUrl":"https:\/\/www.anceathrupoili.com\/wp-content\/uploads\/2025\/06\/An-Ait-a-nEitlionn-na-Madai-Crainn.webp","datePublished":"2025-06-20T14:01:32+00:00","dateModified":"2026-05-01T07:21:29+00:00","description":"&#34;Tabhair domh do l\u00e1mh go rachaimid siar chuig na h\u00e1iteanna aoibhne ina bhfuil do mhian.Suas, suas go hard, go dt\u00ed an \u00e1it ina n-eitl\u00edonn na mada\u00ed","breadcrumb":{"@id":"https:\/\/www.anceathrupoili.com\/shop\/an-ait-a-neitlionn-na-madai-crainn\/#breadcrumb"},"inLanguage":"ga-IE","potentialAction":[{"@type":"ReadAction","target":["https:\/\/www.anceathrupoili.com\/shop\/an-ait-a-neitlionn-na-madai-crainn\/"]}]},{"@type":"ImageObject","inLanguage":"ga-IE","@id":"https:\/\/www.anceathrupoili.com\/shop\/an-ait-a-neitlionn-na-madai-crainn\/#primaryimage","url":"https:\/\/www.anceathrupoili.com\/wp-content\/uploads\/2025\/06\/An-Ait-a-nEitlionn-na-Madai-Crainn.webp","contentUrl":"https:\/\/www.anceathrupoili.com\/wp-content\/uploads\/2025\/06\/An-Ait-a-nEitlionn-na-Madai-Crainn.webp","width":661,"height":894},{"@type":"BreadcrumbList","@id":"https:\/\/www.anceathrupoili.com\/shop\/an-ait-a-neitlionn-na-madai-crainn\/#breadcrumb","itemListElement":[{"@type":"ListItem","position":1,"name":"Home","item":"https:\/\/www.anceathrupoili.com\/"},{"@type":"ListItem","position":2,"name":"Shop","item":"https:\/\/www.anceathrupoili.com\/shop\/"},{"@type":"ListItem","position":3,"name":"An \u00c1it a nEitl\u00edonn na Mada\u00ed Crainn"}]},{"@type":"WebSite","@id":"https:\/\/www.anceathrupoili.com\/#website","url":"https:\/\/www.anceathrupoili.com\/","name":"An Ceathr\u00fa P\u00f3il\u00ed","description":"Belfast&#039;s Irish Language Bookshop","publisher":{"@id":"https:\/\/www.anceathrupoili.com\/#organization"},"potentialAction":[{"@type":"SearchAction","target":{"@type":"EntryPoint","urlTemplate":"https:\/\/www.anceathrupoili.com\/?s={search_term_string}"},"query-input":{"@type":"PropertyValueSpecification","valueRequired":true,"valueName":"search_term_string"}}],"inLanguage":"ga-IE"},{"@type":"Organization","@id":"https:\/\/www.anceathrupoili.com\/#organization","name":"An Ceathr\u00fa P\u00f3il\u00ed","url":"https:\/\/www.anceathrupoili.com\/","logo":{"@type":"ImageObject","inLanguage":"ga-IE","@id":"https:\/\/www.anceathrupoili.com\/#\/schema\/logo\/image\/","url":"https:\/\/www.anceathrupoili.com\/wp-content\/uploads\/2024\/03\/Books-logo-names-01.svg","contentUrl":"https:\/\/www.anceathrupoili.com\/wp-content\/uploads\/2024\/03\/Books-logo-names-01.svg","width":1,"height":1,"caption":"An Ceathr\u00fa P\u00f3il\u00ed"},"image":{"@id":"https:\/\/www.anceathrupoili.com\/#\/schema\/logo\/image\/"}}]}},"_links":{"self":[{"href":"https:\/\/www.anceathrupoili.com\/ga\/wp-json\/wp\/v2\/product\/42617","targetHints":{"allow":["GET"]}}],"collection":[{"href":"https:\/\/www.anceathrupoili.com\/ga\/wp-json\/wp\/v2\/product"}],"about":[{"href":"https:\/\/www.anceathrupoili.com\/ga\/wp-json\/wp\/v2\/types\/product"}],"replies":[{"embeddable":true,"href":"https:\/\/www.anceathrupoili.com\/ga\/wp-json\/wp\/v2\/comments?post=42617"}],"wp:featuredmedia":[{"embeddable":true,"href":"https:\/\/www.anceathrupoili.com\/ga\/wp-json\/wp\/v2\/media\/42671"}],"wp:attachment":[{"href":"https:\/\/www.anceathrupoili.com\/ga\/wp-json\/wp\/v2\/media?parent=42617"}],"wp:term":[{"taxonomy":"product_brand","embeddable":true,"href":"https:\/\/www.anceathrupoili.com\/ga\/wp-json\/wp\/v2\/product_brand?post=42617"},{"taxonomy":"product_cat","embeddable":true,"href":"https:\/\/www.anceathrupoili.com\/ga\/wp-json\/wp\/v2\/product_cat?post=42617"},{"taxonomy":"product_tag","embeddable":true,"href":"https:\/\/www.anceathrupoili.com\/ga\/wp-json\/wp\/v2\/product_tag?post=42617"}],"curies":[{"name":"wp","href":"https:\/\/api.w.org\/{rel}","templated":true}]}}