{"id":42983,"date":"2025-07-13T11:11:49","date_gmt":"2025-07-13T10:11:49","guid":{"rendered":"https:\/\/www.anceathrupoili.com\/shop\/seal-re-saobhnos-essays-on-irish-early-love-poems\/"},"modified":"2026-05-03T01:32:54","modified_gmt":"2026-05-03T00:32:54","slug":"seal-re-saobhnos-essays-on-irish-early-love-poems","status":"publish","type":"product","link":"https:\/\/www.anceathrupoili.com\/ga\/shop\/seal-re-saobhnos-essays-on-irish-early-love-poems\/","title":{"rendered":"Seal re Saobhn\u00f3s &#8211; Essays on Irish Courtly Love Poems"},"content":{"rendered":"<p>The 8 chapters of this books shed new light on how this fascinating genre developed, was transmitted and received and, with the aid of in-depth studies of the theme of love in the work of a number of named poets, prompt us to reconsider the place of the D\u00e1nta Gr\u00e1 in the Gaelic literary tradition. The relationship of the D\u00e1nta Gr\u00e1 to Bardic praise poetry is re-examined and new light is shed on the role of women as patrons of the arts in Early Modern Ireland, while a study of the metaphors of love in the poetry of Dafydd ap Gwilym expands the scope still further, beyond Ireland and Scotland and into Wales.<\/p>","protected":false},"excerpt":{"rendered":"<p>S\u00edle N\u00ed Mhurch\u00fa agus M\u00edche\u00e1l Hoyne (eagarth\u00f3ir\u00ed)<\/p>","protected":false},"featured_media":43010,"comment_status":"open","ping_status":"closed","template":"","meta":{"_acf_changed":false,"_relevanssi_hide_post":"","_relevanssi_hide_content":"","_relevanssi_pin_for_all":"","_relevanssi_pin_keywords":"","_relevanssi_unpin_keywords":"","_relevanssi_related_keywords":"","_relevanssi_related_include_ids":"","_relevanssi_related_exclude_ids":"","_relevanssi_related_no_append":"","_relevanssi_related_not_related":"","_relevanssi_related_posts":"","_relevanssi_noindex_reason":""},"product_brand":[],"product_cat":[250],"product_tag":[],"class_list":{"0":"post-42983","1":"product","2":"type-product","3":"status-publish","4":"has-post-thumbnail","6":"product_cat-literature","8":"first","9":"instock","10":"taxable","11":"shipping-taxable","12":"purchasable","13":"product-type-simple"},"acf":[],"yoast_head":"<!-- This site is optimized with the Yoast SEO plugin v27.4 - https:\/\/yoast.com\/product\/yoast-seo-wordpress\/ -->\n<title>Seal re Saobhn\u00f3s - Essays on Irish Courtly Love Poems - An Ceathr\u00fa P\u00f3il\u00ed<\/title>\n<meta name=\"description\" content=\"S\u00edle N\u00ed Mhurch\u00fa agus M\u00edche\u00e1l Hoyne (eagarth\u00f3ir\u00ed)\" \/>\n<meta name=\"robots\" content=\"index, follow, max-snippet:-1, max-image-preview:large, max-video-preview:-1\" \/>\n<link rel=\"canonical\" href=\"https:\/\/www.anceathrupoili.com\/ga\/shop\/seal-re-saobhnos-essays-on-irish-early-love-poems\/\" \/>\n<meta property=\"og:locale\" content=\"ga_IE\" \/>\n<meta property=\"og:type\" content=\"article\" \/>\n<meta property=\"og:title\" content=\"Seal re Saobhn\u00f3s - Essays on Irish Courtly Love Poems - An Ceathr\u00fa P\u00f3il\u00ed\" \/>\n<meta property=\"og:description\" content=\"S\u00edle N\u00ed Mhurch\u00fa agus M\u00edche\u00e1l Hoyne (eagarth\u00f3ir\u00ed)\" \/>\n<meta property=\"og:url\" content=\"https:\/\/www.anceathrupoili.com\/ga\/shop\/seal-re-saobhnos-essays-on-irish-early-love-poems\/\" \/>\n<meta property=\"og:site_name\" content=\"An Ceathr\u00fa P\u00f3il\u00ed\" \/>\n<meta property=\"article:modified_time\" content=\"2026-05-03T00:32:54+00:00\" \/>\n<meta property=\"og:image\" content=\"https:\/\/www.anceathrupoili.com\/wp-content\/uploads\/2025\/07\/original.png\" \/>\n\t<meta property=\"og:image:width\" content=\"307\" \/>\n\t<meta property=\"og:image:height\" content=\"473\" \/>\n\t<meta property=\"og:image:type\" content=\"image\/png\" \/>\n<meta name=\"twitter:card\" content=\"summary_large_image\" \/>\n<meta name=\"twitter:label1\" content=\"Est. reading time\" \/>\n\t<meta name=\"twitter:data1\" content=\"1 minute\" \/>\n<script type=\"application\/ld+json\" class=\"yoast-schema-graph\">{\"@context\":\"https:\\\/\\\/schema.org\",\"@graph\":[{\"@type\":\"WebPage\",\"@id\":\"https:\\\/\\\/www.anceathrupoili.com\\\/shop\\\/seal-re-saobhnos-essays-on-irish-early-love-poems\\\/\",\"url\":\"https:\\\/\\\/www.anceathrupoili.com\\\/shop\\\/seal-re-saobhnos-essays-on-irish-early-love-poems\\\/\",\"name\":\"Seal re Saobhn\u00f3s - Essays on Irish Courtly Love Poems - An Ceathr\u00fa P\u00f3il\u00ed\",\"isPartOf\":{\"@id\":\"https:\\\/\\\/www.anceathrupoili.com\\\/#website\"},\"primaryImageOfPage\":{\"@id\":\"https:\\\/\\\/www.anceathrupoili.com\\\/shop\\\/seal-re-saobhnos-essays-on-irish-early-love-poems\\\/#primaryimage\"},\"image\":{\"@id\":\"https:\\\/\\\/www.anceathrupoili.com\\\/shop\\\/seal-re-saobhnos-essays-on-irish-early-love-poems\\\/#primaryimage\"},\"thumbnailUrl\":\"https:\\\/\\\/www.anceathrupoili.com\\\/wp-content\\\/uploads\\\/2025\\\/07\\\/original.png\",\"datePublished\":\"2025-07-13T10:11:49+00:00\",\"dateModified\":\"2026-05-03T00:32:54+00:00\",\"description\":\"S\u00edle N\u00ed Mhurch\u00fa agus M\u00edche\u00e1l Hoyne (eagarth\u00f3ir\u00ed)\",\"breadcrumb\":{\"@id\":\"https:\\\/\\\/www.anceathrupoili.com\\\/shop\\\/seal-re-saobhnos-essays-on-irish-early-love-poems\\\/#breadcrumb\"},\"inLanguage\":\"ga-IE\",\"potentialAction\":[{\"@type\":\"ReadAction\",\"target\":[\"https:\\\/\\\/www.anceathrupoili.com\\\/shop\\\/seal-re-saobhnos-essays-on-irish-early-love-poems\\\/\"]}]},{\"@type\":\"ImageObject\",\"inLanguage\":\"ga-IE\",\"@id\":\"https:\\\/\\\/www.anceathrupoili.com\\\/shop\\\/seal-re-saobhnos-essays-on-irish-early-love-poems\\\/#primaryimage\",\"url\":\"https:\\\/\\\/www.anceathrupoili.com\\\/wp-content\\\/uploads\\\/2025\\\/07\\\/original.png\",\"contentUrl\":\"https:\\\/\\\/www.anceathrupoili.com\\\/wp-content\\\/uploads\\\/2025\\\/07\\\/original.png\",\"width\":307,\"height\":473},{\"@type\":\"BreadcrumbList\",\"@id\":\"https:\\\/\\\/www.anceathrupoili.com\\\/shop\\\/seal-re-saobhnos-essays-on-irish-early-love-poems\\\/#breadcrumb\",\"itemListElement\":[{\"@type\":\"ListItem\",\"position\":1,\"name\":\"Home\",\"item\":\"https:\\\/\\\/www.anceathrupoili.com\\\/\"},{\"@type\":\"ListItem\",\"position\":2,\"name\":\"Shop\",\"item\":\"https:\\\/\\\/www.anceathrupoili.com\\\/shop\\\/\"},{\"@type\":\"ListItem\",\"position\":3,\"name\":\"Seal re Saobhn\u00f3s &#8211; Essays on Irish Courtly Love Poems\"}]},{\"@type\":\"WebSite\",\"@id\":\"https:\\\/\\\/www.anceathrupoili.com\\\/#website\",\"url\":\"https:\\\/\\\/www.anceathrupoili.com\\\/\",\"name\":\"An Ceathr\u00fa P\u00f3il\u00ed\",\"description\":\"Belfast&#039;s Irish Language Bookshop\",\"publisher\":{\"@id\":\"https:\\\/\\\/www.anceathrupoili.com\\\/#organization\"},\"potentialAction\":[{\"@type\":\"SearchAction\",\"target\":{\"@type\":\"EntryPoint\",\"urlTemplate\":\"https:\\\/\\\/www.anceathrupoili.com\\\/?s={search_term_string}\"},\"query-input\":{\"@type\":\"PropertyValueSpecification\",\"valueRequired\":true,\"valueName\":\"search_term_string\"}}],\"inLanguage\":\"ga-IE\"},{\"@type\":\"Organization\",\"@id\":\"https:\\\/\\\/www.anceathrupoili.com\\\/#organization\",\"name\":\"An Ceathr\u00fa P\u00f3il\u00ed\",\"url\":\"https:\\\/\\\/www.anceathrupoili.com\\\/\",\"logo\":{\"@type\":\"ImageObject\",\"inLanguage\":\"ga-IE\",\"@id\":\"https:\\\/\\\/www.anceathrupoili.com\\\/#\\\/schema\\\/logo\\\/image\\\/\",\"url\":\"https:\\\/\\\/www.anceathrupoili.com\\\/wp-content\\\/uploads\\\/2024\\\/03\\\/Books-logo-names-01.svg\",\"contentUrl\":\"https:\\\/\\\/www.anceathrupoili.com\\\/wp-content\\\/uploads\\\/2024\\\/03\\\/Books-logo-names-01.svg\",\"width\":1,\"height\":1,\"caption\":\"An Ceathr\u00fa P\u00f3il\u00ed\"},\"image\":{\"@id\":\"https:\\\/\\\/www.anceathrupoili.com\\\/#\\\/schema\\\/logo\\\/image\\\/\"}}]}<\/script>\n<!-- \/ Yoast SEO plugin. -->","yoast_head_json":{"title":"Seal re Saobhn\u00f3s - Essays on Irish Courtly Love Poems - An Ceathr\u00fa P\u00f3il\u00ed","description":"S\u00edle N\u00ed Mhurch\u00fa agus M\u00edche\u00e1l Hoyne (eagarth\u00f3ir\u00ed)","robots":{"index":"index","follow":"follow","max-snippet":"max-snippet:-1","max-image-preview":"max-image-preview:large","max-video-preview":"max-video-preview:-1"},"canonical":"https:\/\/www.anceathrupoili.com\/ga\/shop\/seal-re-saobhnos-essays-on-irish-early-love-poems\/","og_locale":"ga_IE","og_type":"article","og_title":"Seal re Saobhn\u00f3s - Essays on Irish Courtly Love Poems - An Ceathr\u00fa P\u00f3il\u00ed","og_description":"S\u00edle N\u00ed Mhurch\u00fa agus M\u00edche\u00e1l Hoyne (eagarth\u00f3ir\u00ed)","og_url":"https:\/\/www.anceathrupoili.com\/ga\/shop\/seal-re-saobhnos-essays-on-irish-early-love-poems\/","og_site_name":"An Ceathr\u00fa P\u00f3il\u00ed","article_modified_time":"2026-05-03T00:32:54+00:00","og_image":[{"width":307,"height":473,"url":"https:\/\/www.anceathrupoili.com\/wp-content\/uploads\/2025\/07\/original.png","type":"image\/png"}],"twitter_card":"summary_large_image","twitter_misc":{"Est. reading time":"1 minute"},"schema":{"@context":"https:\/\/schema.org","@graph":[{"@type":"WebPage","@id":"https:\/\/www.anceathrupoili.com\/shop\/seal-re-saobhnos-essays-on-irish-early-love-poems\/","url":"https:\/\/www.anceathrupoili.com\/shop\/seal-re-saobhnos-essays-on-irish-early-love-poems\/","name":"Seal re Saobhn\u00f3s - Essays on Irish Courtly Love Poems - An Ceathr\u00fa P\u00f3il\u00ed","isPartOf":{"@id":"https:\/\/www.anceathrupoili.com\/#website"},"primaryImageOfPage":{"@id":"https:\/\/www.anceathrupoili.com\/shop\/seal-re-saobhnos-essays-on-irish-early-love-poems\/#primaryimage"},"image":{"@id":"https:\/\/www.anceathrupoili.com\/shop\/seal-re-saobhnos-essays-on-irish-early-love-poems\/#primaryimage"},"thumbnailUrl":"https:\/\/www.anceathrupoili.com\/wp-content\/uploads\/2025\/07\/original.png","datePublished":"2025-07-13T10:11:49+00:00","dateModified":"2026-05-03T00:32:54+00:00","description":"S\u00edle N\u00ed Mhurch\u00fa agus M\u00edche\u00e1l Hoyne (eagarth\u00f3ir\u00ed)","breadcrumb":{"@id":"https:\/\/www.anceathrupoili.com\/shop\/seal-re-saobhnos-essays-on-irish-early-love-poems\/#breadcrumb"},"inLanguage":"ga-IE","potentialAction":[{"@type":"ReadAction","target":["https:\/\/www.anceathrupoili.com\/shop\/seal-re-saobhnos-essays-on-irish-early-love-poems\/"]}]},{"@type":"ImageObject","inLanguage":"ga-IE","@id":"https:\/\/www.anceathrupoili.com\/shop\/seal-re-saobhnos-essays-on-irish-early-love-poems\/#primaryimage","url":"https:\/\/www.anceathrupoili.com\/wp-content\/uploads\/2025\/07\/original.png","contentUrl":"https:\/\/www.anceathrupoili.com\/wp-content\/uploads\/2025\/07\/original.png","width":307,"height":473},{"@type":"BreadcrumbList","@id":"https:\/\/www.anceathrupoili.com\/shop\/seal-re-saobhnos-essays-on-irish-early-love-poems\/#breadcrumb","itemListElement":[{"@type":"ListItem","position":1,"name":"Home","item":"https:\/\/www.anceathrupoili.com\/"},{"@type":"ListItem","position":2,"name":"Shop","item":"https:\/\/www.anceathrupoili.com\/shop\/"},{"@type":"ListItem","position":3,"name":"Seal re Saobhn\u00f3s &#8211; Essays on Irish Courtly Love Poems"}]},{"@type":"WebSite","@id":"https:\/\/www.anceathrupoili.com\/#website","url":"https:\/\/www.anceathrupoili.com\/","name":"An Ceathr\u00fa P\u00f3il\u00ed","description":"Belfast&#039;s Irish Language Bookshop","publisher":{"@id":"https:\/\/www.anceathrupoili.com\/#organization"},"potentialAction":[{"@type":"SearchAction","target":{"@type":"EntryPoint","urlTemplate":"https:\/\/www.anceathrupoili.com\/?s={search_term_string}"},"query-input":{"@type":"PropertyValueSpecification","valueRequired":true,"valueName":"search_term_string"}}],"inLanguage":"ga-IE"},{"@type":"Organization","@id":"https:\/\/www.anceathrupoili.com\/#organization","name":"An Ceathr\u00fa P\u00f3il\u00ed","url":"https:\/\/www.anceathrupoili.com\/","logo":{"@type":"ImageObject","inLanguage":"ga-IE","@id":"https:\/\/www.anceathrupoili.com\/#\/schema\/logo\/image\/","url":"https:\/\/www.anceathrupoili.com\/wp-content\/uploads\/2024\/03\/Books-logo-names-01.svg","contentUrl":"https:\/\/www.anceathrupoili.com\/wp-content\/uploads\/2024\/03\/Books-logo-names-01.svg","width":1,"height":1,"caption":"An Ceathr\u00fa P\u00f3il\u00ed"},"image":{"@id":"https:\/\/www.anceathrupoili.com\/#\/schema\/logo\/image\/"}}]}},"_links":{"self":[{"href":"https:\/\/www.anceathrupoili.com\/ga\/wp-json\/wp\/v2\/product\/42983","targetHints":{"allow":["GET"]}}],"collection":[{"href":"https:\/\/www.anceathrupoili.com\/ga\/wp-json\/wp\/v2\/product"}],"about":[{"href":"https:\/\/www.anceathrupoili.com\/ga\/wp-json\/wp\/v2\/types\/product"}],"replies":[{"embeddable":true,"href":"https:\/\/www.anceathrupoili.com\/ga\/wp-json\/wp\/v2\/comments?post=42983"}],"wp:featuredmedia":[{"embeddable":true,"href":"https:\/\/www.anceathrupoili.com\/ga\/wp-json\/wp\/v2\/media\/43010"}],"wp:attachment":[{"href":"https:\/\/www.anceathrupoili.com\/ga\/wp-json\/wp\/v2\/media?parent=42983"}],"wp:term":[{"taxonomy":"product_brand","embeddable":true,"href":"https:\/\/www.anceathrupoili.com\/ga\/wp-json\/wp\/v2\/product_brand?post=42983"},{"taxonomy":"product_cat","embeddable":true,"href":"https:\/\/www.anceathrupoili.com\/ga\/wp-json\/wp\/v2\/product_cat?post=42983"},{"taxonomy":"product_tag","embeddable":true,"href":"https:\/\/www.anceathrupoili.com\/ga\/wp-json\/wp\/v2\/product_tag?post=42983"}],"curies":[{"name":"wp","href":"https:\/\/api.w.org\/{rel}","templated":true}]}}