{"id":43042,"date":"2025-07-07T10:00:35","date_gmt":"2025-07-07T09:00:35","guid":{"rendered":"https:\/\/www.anceathrupoili.com\/shop\/my-saxophone-saved-my-life-the-miami-showband-massacre-and-my-quest-for-answers\/"},"modified":"2026-04-30T18:10:22","modified_gmt":"2026-04-30T17:10:22","slug":"my-saxophone-saved-my-life-the-miami-showband-massacre-and-my-quest-for-answers","status":"publish","type":"product","link":"https:\/\/www.anceathrupoili.com\/ga\/shop\/my-saxophone-saved-my-life-the-miami-showband-massacre-and-my-quest-for-answers\/","title":{"rendered":"My Saxophone Saved My Life The Miami Showband Massacre and My Quest for Answers"},"content":{"rendered":"<p>During Ireland&#39;s swinging showbands era, the Miami Showband was one of Ireland&#39;s most popular entertainment and recording acts.  By the mid-1970s, as Northern Ireland tore itself apart during the Troubles, the Miami Showband was the embodiment of hope, with a line-up of Catholic and Protestant musicians from both sides of the border.  But that all changed in the early hours of 31 July 1975, when three members of the band were killed by UVF terrorists in a horrific incident known as the Miami Showband massacre.<\/p>","protected":false},"excerpt":{"rendered":"<p>During Ireland&#39;s swinging showbands era, the Miami Showband was one of Ireland&#39;s most popular entertainment and recording acts. By the mid-1970s, as Northern Ireland tore itself apart during the Troubles, the Miami Showband was the embodiment of hope, with a line-up of Catholic and Protestant musicians from both sides of the border. But that all&hellip;<\/p>","protected":false},"featured_media":43043,"comment_status":"open","ping_status":"closed","template":"","meta":{"_acf_changed":false,"_relevanssi_hide_post":"","_relevanssi_hide_content":"","_relevanssi_pin_for_all":"","_relevanssi_pin_keywords":"","_relevanssi_unpin_keywords":"","_relevanssi_related_keywords":"","_relevanssi_related_include_ids":"","_relevanssi_related_exclude_ids":"","_relevanssi_related_no_append":"","_relevanssi_related_not_related":"","_relevanssi_related_posts":"43454,43447,42969,38900,39071,908","_relevanssi_noindex_reason":""},"product_brand":[],"product_cat":[251],"product_tag":[],"class_list":{"0":"post-43042","1":"product","2":"type-product","3":"status-publish","4":"has-post-thumbnail","6":"product_cat-history-politics","8":"first","9":"instock","10":"taxable","11":"shipping-taxable","12":"purchasable","13":"product-type-simple"},"acf":[],"yoast_head":"<!-- This site is optimized with the Yoast SEO plugin v27.4 - https:\/\/yoast.com\/product\/yoast-seo-wordpress\/ -->\n<title>My Saxophone Saved My Life The Miami Showband Massacre and My Quest for Answers - An Ceathr\u00fa P\u00f3il\u00ed<\/title>\n<meta name=\"description\" content=\"During Ireland&#039;s swinging showbands era, the Miami Showband was one of Ireland&#039;s most popular entertainment and recording acts. By the mid-1970s,\" \/>\n<meta name=\"robots\" content=\"index, follow, max-snippet:-1, max-image-preview:large, max-video-preview:-1\" \/>\n<link rel=\"canonical\" href=\"https:\/\/www.anceathrupoili.com\/ga\/shop\/my-saxophone-saved-my-life-the-miami-showband-massacre-and-my-quest-for-answers\/\" \/>\n<meta property=\"og:locale\" content=\"ga_IE\" \/>\n<meta property=\"og:type\" content=\"article\" \/>\n<meta property=\"og:title\" content=\"My Saxophone Saved My Life The Miami Showband Massacre and My Quest for Answers - An Ceathr\u00fa P\u00f3il\u00ed\" \/>\n<meta property=\"og:description\" content=\"During Ireland&#039;s swinging showbands era, the Miami Showband was one of Ireland&#039;s most popular entertainment and recording acts. By the mid-1970s,\" \/>\n<meta property=\"og:url\" content=\"https:\/\/www.anceathrupoili.com\/ga\/shop\/my-saxophone-saved-my-life-the-miami-showband-massacre-and-my-quest-for-answers\/\" \/>\n<meta property=\"og:site_name\" content=\"An Ceathr\u00fa P\u00f3il\u00ed\" \/>\n<meta property=\"article:modified_time\" content=\"2026-04-30T17:10:22+00:00\" \/>\n<meta property=\"og:image\" content=\"https:\/\/www.anceathrupoili.com\/wp-content\/uploads\/2025\/07\/original-17.jpeg\" \/>\n\t<meta property=\"og:image:width\" content=\"800\" \/>\n\t<meta property=\"og:image:height\" content=\"1234\" \/>\n\t<meta property=\"og:image:type\" content=\"image\/jpeg\" \/>\n<meta name=\"twitter:card\" content=\"summary_large_image\" \/>\n<meta name=\"twitter:label1\" content=\"Est. reading time\" \/>\n\t<meta name=\"twitter:data1\" content=\"1 minute\" \/>\n<script type=\"application\/ld+json\" class=\"yoast-schema-graph\">{\"@context\":\"https:\\\/\\\/schema.org\",\"@graph\":[{\"@type\":\"WebPage\",\"@id\":\"https:\\\/\\\/www.anceathrupoili.com\\\/shop\\\/my-saxophone-saved-my-life-the-miami-showband-massacre-and-my-quest-for-answers\\\/\",\"url\":\"https:\\\/\\\/www.anceathrupoili.com\\\/shop\\\/my-saxophone-saved-my-life-the-miami-showband-massacre-and-my-quest-for-answers\\\/\",\"name\":\"My Saxophone Saved My Life The Miami Showband Massacre and My Quest for Answers - An Ceathr\u00fa P\u00f3il\u00ed\",\"isPartOf\":{\"@id\":\"https:\\\/\\\/www.anceathrupoili.com\\\/#website\"},\"primaryImageOfPage\":{\"@id\":\"https:\\\/\\\/www.anceathrupoili.com\\\/shop\\\/my-saxophone-saved-my-life-the-miami-showband-massacre-and-my-quest-for-answers\\\/#primaryimage\"},\"image\":{\"@id\":\"https:\\\/\\\/www.anceathrupoili.com\\\/shop\\\/my-saxophone-saved-my-life-the-miami-showband-massacre-and-my-quest-for-answers\\\/#primaryimage\"},\"thumbnailUrl\":\"https:\\\/\\\/www.anceathrupoili.com\\\/wp-content\\\/uploads\\\/2025\\\/07\\\/original-17.jpeg\",\"datePublished\":\"2025-07-07T09:00:35+00:00\",\"dateModified\":\"2026-04-30T17:10:22+00:00\",\"description\":\"During Ireland&#39;s swinging showbands era, the Miami Showband was one of Ireland&#39;s most popular entertainment and recording acts. By the mid-1970s,\",\"breadcrumb\":{\"@id\":\"https:\\\/\\\/www.anceathrupoili.com\\\/shop\\\/my-saxophone-saved-my-life-the-miami-showband-massacre-and-my-quest-for-answers\\\/#breadcrumb\"},\"inLanguage\":\"ga-IE\",\"potentialAction\":[{\"@type\":\"ReadAction\",\"target\":[\"https:\\\/\\\/www.anceathrupoili.com\\\/shop\\\/my-saxophone-saved-my-life-the-miami-showband-massacre-and-my-quest-for-answers\\\/\"]}]},{\"@type\":\"ImageObject\",\"inLanguage\":\"ga-IE\",\"@id\":\"https:\\\/\\\/www.anceathrupoili.com\\\/shop\\\/my-saxophone-saved-my-life-the-miami-showband-massacre-and-my-quest-for-answers\\\/#primaryimage\",\"url\":\"https:\\\/\\\/www.anceathrupoili.com\\\/wp-content\\\/uploads\\\/2025\\\/07\\\/original-17.jpeg\",\"contentUrl\":\"https:\\\/\\\/www.anceathrupoili.com\\\/wp-content\\\/uploads\\\/2025\\\/07\\\/original-17.jpeg\",\"width\":800,\"height\":1234},{\"@type\":\"BreadcrumbList\",\"@id\":\"https:\\\/\\\/www.anceathrupoili.com\\\/shop\\\/my-saxophone-saved-my-life-the-miami-showband-massacre-and-my-quest-for-answers\\\/#breadcrumb\",\"itemListElement\":[{\"@type\":\"ListItem\",\"position\":1,\"name\":\"Home\",\"item\":\"https:\\\/\\\/www.anceathrupoili.com\\\/\"},{\"@type\":\"ListItem\",\"position\":2,\"name\":\"Shop\",\"item\":\"https:\\\/\\\/www.anceathrupoili.com\\\/shop\\\/\"},{\"@type\":\"ListItem\",\"position\":3,\"name\":\"My Saxophone Saved My Life The Miami Showband Massacre and My Quest for Answers\"}]},{\"@type\":\"WebSite\",\"@id\":\"https:\\\/\\\/www.anceathrupoili.com\\\/#website\",\"url\":\"https:\\\/\\\/www.anceathrupoili.com\\\/\",\"name\":\"An Ceathr\u00fa P\u00f3il\u00ed\",\"description\":\"Belfast&#039;s Irish Language Bookshop\",\"publisher\":{\"@id\":\"https:\\\/\\\/www.anceathrupoili.com\\\/#organization\"},\"potentialAction\":[{\"@type\":\"SearchAction\",\"target\":{\"@type\":\"EntryPoint\",\"urlTemplate\":\"https:\\\/\\\/www.anceathrupoili.com\\\/?s={search_term_string}\"},\"query-input\":{\"@type\":\"PropertyValueSpecification\",\"valueRequired\":true,\"valueName\":\"search_term_string\"}}],\"inLanguage\":\"ga-IE\"},{\"@type\":\"Organization\",\"@id\":\"https:\\\/\\\/www.anceathrupoili.com\\\/#organization\",\"name\":\"An Ceathr\u00fa P\u00f3il\u00ed\",\"url\":\"https:\\\/\\\/www.anceathrupoili.com\\\/\",\"logo\":{\"@type\":\"ImageObject\",\"inLanguage\":\"ga-IE\",\"@id\":\"https:\\\/\\\/www.anceathrupoili.com\\\/#\\\/schema\\\/logo\\\/image\\\/\",\"url\":\"https:\\\/\\\/www.anceathrupoili.com\\\/wp-content\\\/uploads\\\/2024\\\/03\\\/Books-logo-names-01.svg\",\"contentUrl\":\"https:\\\/\\\/www.anceathrupoili.com\\\/wp-content\\\/uploads\\\/2024\\\/03\\\/Books-logo-names-01.svg\",\"width\":1,\"height\":1,\"caption\":\"An Ceathr\u00fa P\u00f3il\u00ed\"},\"image\":{\"@id\":\"https:\\\/\\\/www.anceathrupoili.com\\\/#\\\/schema\\\/logo\\\/image\\\/\"}}]}<\/script>\n<!-- \/ Yoast SEO plugin. -->","yoast_head_json":{"title":"My Saxophone Saved My Life The Miami Showband Massacre and My Quest for Answers - An Ceathr\u00fa P\u00f3il\u00ed","description":"During Ireland&#39;s swinging showbands era, the Miami Showband was one of Ireland&#39;s most popular entertainment and recording acts. By the mid-1970s,","robots":{"index":"index","follow":"follow","max-snippet":"max-snippet:-1","max-image-preview":"max-image-preview:large","max-video-preview":"max-video-preview:-1"},"canonical":"https:\/\/www.anceathrupoili.com\/ga\/shop\/my-saxophone-saved-my-life-the-miami-showband-massacre-and-my-quest-for-answers\/","og_locale":"ga_IE","og_type":"article","og_title":"My Saxophone Saved My Life The Miami Showband Massacre and My Quest for Answers - An Ceathr\u00fa P\u00f3il\u00ed","og_description":"During Ireland&#39;s swinging showbands era, the Miami Showband was one of Ireland&#39;s most popular entertainment and recording acts. By the mid-1970s,","og_url":"https:\/\/www.anceathrupoili.com\/ga\/shop\/my-saxophone-saved-my-life-the-miami-showband-massacre-and-my-quest-for-answers\/","og_site_name":"An Ceathr\u00fa P\u00f3il\u00ed","article_modified_time":"2026-04-30T17:10:22+00:00","og_image":[{"width":800,"height":1234,"url":"https:\/\/www.anceathrupoili.com\/wp-content\/uploads\/2025\/07\/original-17.jpeg","type":"image\/jpeg"}],"twitter_card":"summary_large_image","twitter_misc":{"Est. reading time":"1 minute"},"schema":{"@context":"https:\/\/schema.org","@graph":[{"@type":"WebPage","@id":"https:\/\/www.anceathrupoili.com\/shop\/my-saxophone-saved-my-life-the-miami-showband-massacre-and-my-quest-for-answers\/","url":"https:\/\/www.anceathrupoili.com\/shop\/my-saxophone-saved-my-life-the-miami-showband-massacre-and-my-quest-for-answers\/","name":"My Saxophone Saved My Life The Miami Showband Massacre and My Quest for Answers - An Ceathr\u00fa P\u00f3il\u00ed","isPartOf":{"@id":"https:\/\/www.anceathrupoili.com\/#website"},"primaryImageOfPage":{"@id":"https:\/\/www.anceathrupoili.com\/shop\/my-saxophone-saved-my-life-the-miami-showband-massacre-and-my-quest-for-answers\/#primaryimage"},"image":{"@id":"https:\/\/www.anceathrupoili.com\/shop\/my-saxophone-saved-my-life-the-miami-showband-massacre-and-my-quest-for-answers\/#primaryimage"},"thumbnailUrl":"https:\/\/www.anceathrupoili.com\/wp-content\/uploads\/2025\/07\/original-17.jpeg","datePublished":"2025-07-07T09:00:35+00:00","dateModified":"2026-04-30T17:10:22+00:00","description":"During Ireland&#39;s swinging showbands era, the Miami Showband was one of Ireland&#39;s most popular entertainment and recording acts. By the mid-1970s,","breadcrumb":{"@id":"https:\/\/www.anceathrupoili.com\/shop\/my-saxophone-saved-my-life-the-miami-showband-massacre-and-my-quest-for-answers\/#breadcrumb"},"inLanguage":"ga-IE","potentialAction":[{"@type":"ReadAction","target":["https:\/\/www.anceathrupoili.com\/shop\/my-saxophone-saved-my-life-the-miami-showband-massacre-and-my-quest-for-answers\/"]}]},{"@type":"ImageObject","inLanguage":"ga-IE","@id":"https:\/\/www.anceathrupoili.com\/shop\/my-saxophone-saved-my-life-the-miami-showband-massacre-and-my-quest-for-answers\/#primaryimage","url":"https:\/\/www.anceathrupoili.com\/wp-content\/uploads\/2025\/07\/original-17.jpeg","contentUrl":"https:\/\/www.anceathrupoili.com\/wp-content\/uploads\/2025\/07\/original-17.jpeg","width":800,"height":1234},{"@type":"BreadcrumbList","@id":"https:\/\/www.anceathrupoili.com\/shop\/my-saxophone-saved-my-life-the-miami-showband-massacre-and-my-quest-for-answers\/#breadcrumb","itemListElement":[{"@type":"ListItem","position":1,"name":"Home","item":"https:\/\/www.anceathrupoili.com\/"},{"@type":"ListItem","position":2,"name":"Shop","item":"https:\/\/www.anceathrupoili.com\/shop\/"},{"@type":"ListItem","position":3,"name":"My Saxophone Saved My Life The Miami Showband Massacre and My Quest for Answers"}]},{"@type":"WebSite","@id":"https:\/\/www.anceathrupoili.com\/#website","url":"https:\/\/www.anceathrupoili.com\/","name":"An Ceathr\u00fa P\u00f3il\u00ed","description":"Belfast&#039;s Irish Language Bookshop","publisher":{"@id":"https:\/\/www.anceathrupoili.com\/#organization"},"potentialAction":[{"@type":"SearchAction","target":{"@type":"EntryPoint","urlTemplate":"https:\/\/www.anceathrupoili.com\/?s={search_term_string}"},"query-input":{"@type":"PropertyValueSpecification","valueRequired":true,"valueName":"search_term_string"}}],"inLanguage":"ga-IE"},{"@type":"Organization","@id":"https:\/\/www.anceathrupoili.com\/#organization","name":"An Ceathr\u00fa P\u00f3il\u00ed","url":"https:\/\/www.anceathrupoili.com\/","logo":{"@type":"ImageObject","inLanguage":"ga-IE","@id":"https:\/\/www.anceathrupoili.com\/#\/schema\/logo\/image\/","url":"https:\/\/www.anceathrupoili.com\/wp-content\/uploads\/2024\/03\/Books-logo-names-01.svg","contentUrl":"https:\/\/www.anceathrupoili.com\/wp-content\/uploads\/2024\/03\/Books-logo-names-01.svg","width":1,"height":1,"caption":"An Ceathr\u00fa P\u00f3il\u00ed"},"image":{"@id":"https:\/\/www.anceathrupoili.com\/#\/schema\/logo\/image\/"}}]}},"_links":{"self":[{"href":"https:\/\/www.anceathrupoili.com\/ga\/wp-json\/wp\/v2\/product\/43042","targetHints":{"allow":["GET"]}}],"collection":[{"href":"https:\/\/www.anceathrupoili.com\/ga\/wp-json\/wp\/v2\/product"}],"about":[{"href":"https:\/\/www.anceathrupoili.com\/ga\/wp-json\/wp\/v2\/types\/product"}],"replies":[{"embeddable":true,"href":"https:\/\/www.anceathrupoili.com\/ga\/wp-json\/wp\/v2\/comments?post=43042"}],"wp:featuredmedia":[{"embeddable":true,"href":"https:\/\/www.anceathrupoili.com\/ga\/wp-json\/wp\/v2\/media\/43043"}],"wp:attachment":[{"href":"https:\/\/www.anceathrupoili.com\/ga\/wp-json\/wp\/v2\/media?parent=43042"}],"wp:term":[{"taxonomy":"product_brand","embeddable":true,"href":"https:\/\/www.anceathrupoili.com\/ga\/wp-json\/wp\/v2\/product_brand?post=43042"},{"taxonomy":"product_cat","embeddable":true,"href":"https:\/\/www.anceathrupoili.com\/ga\/wp-json\/wp\/v2\/product_cat?post=43042"},{"taxonomy":"product_tag","embeddable":true,"href":"https:\/\/www.anceathrupoili.com\/ga\/wp-json\/wp\/v2\/product_tag?post=43042"}],"curies":[{"name":"wp","href":"https:\/\/api.w.org\/{rel}","templated":true}]}}