{"id":43447,"date":"2025-09-26T09:27:49","date_gmt":"2025-09-26T08:27:49","guid":{"rendered":"https:\/\/www.anceathrupoili.com\/shop\/the-bass-player-surviving-the-miami-showband-massacre\/"},"modified":"2026-04-22T14:24:10","modified_gmt":"2026-04-22T13:24:10","slug":"the-bass-player-surviving-the-miami-showband-massacre","status":"publish","type":"product","link":"https:\/\/www.anceathrupoili.com\/ga\/shop\/the-bass-player-surviving-the-miami-showband-massacre\/","title":{"rendered":"The Bass Player &#8211; Surviving the Miami Showband massacre"},"content":{"rendered":"<h3>Shortlisted for the Irish Book Awards Biography of the Year<\/h3>\n<p>Stephen Travers has lived two lives. His first was as a young bass player, immersed in music, friendship, and the thrill of gigs on the road with The Miami Showband. But on July 31, 1975, that life shattered on the A1 road at Buskhill in County Down when a Loyalist gang ambushed the band, murdering three of his friends in an attack that would become one of the darkest moments of The Troubles. In the quiet aftermath, in a nearby field, Stephen awoke to his second life\u2014as a survivor.<\/p>\n<p>This second life led him down unexpected paths: as an author, composer, producer, and international speaker on peace and reconciliation. Over decades, he worked to support other survivors, challenge suspected state collusion, and seek justice in a landmark case against the British Ministry of Defence. Yet, despite these achievements, Stephen found himself drawn back to that field, revisiting the young man he had been moments before the massacre\u2014searching for closure, a reunion with his former self.<\/p>\n<p>Now, fifty years later, he has written\u00a0<span class=\"a-text-italic\">The Bass Player<\/span>, a love letter and eulogy for that first life. This book is both a deeply personal reckoning and a song for all those silenced by conflict, offering a path toward healing and, finally, peace.<\/p>","protected":false},"excerpt":{"rendered":"<p>Shortlisted for the Irish Book Awards Biography of the Year Stephen Travers has lived two lives. His first was as a young bass player, immersed in music, friendship, and the thrill of gigs on the road with The Miami Showband. But on July 31, 1975, that life shattered on the A1 road at Buskhill in&hellip;<\/p>","protected":false},"featured_media":43960,"comment_status":"open","ping_status":"closed","template":"","meta":{"_acf_changed":false,"_relevanssi_hide_post":"","_relevanssi_hide_content":"","_relevanssi_pin_for_all":"","_relevanssi_pin_keywords":"","_relevanssi_unpin_keywords":"","_relevanssi_related_keywords":"","_relevanssi_related_include_ids":"","_relevanssi_related_exclude_ids":"","_relevanssi_related_no_append":"","_relevanssi_related_not_related":"","_relevanssi_related_posts":"43454,39071,38900,401,908,1331","_relevanssi_noindex_reason":""},"product_brand":[],"product_cat":[253,251],"product_tag":[],"class_list":{"0":"post-43447","1":"product","2":"type-product","3":"status-publish","4":"has-post-thumbnail","6":"product_cat-biography","7":"product_cat-history-politics","9":"first","10":"instock","11":"taxable","12":"shipping-taxable","13":"purchasable","14":"product-type-simple"},"acf":[],"yoast_head":"<!-- This site is optimized with the Yoast SEO plugin v27.4 - https:\/\/yoast.com\/product\/yoast-seo-wordpress\/ -->\n<title>The Bass Player - Surviving the Miami Showband massacre - An Ceathr\u00fa P\u00f3il\u00ed<\/title>\n<meta name=\"description\" content=\"Shortlisted for the Irish Book Awards Biography of the Year Stephen Travers has lived two lives. His first was as a young bass player, immersed in music,\" \/>\n<meta name=\"robots\" content=\"index, follow, max-snippet:-1, max-image-preview:large, max-video-preview:-1\" \/>\n<link rel=\"canonical\" href=\"https:\/\/www.anceathrupoili.com\/ga\/shop\/the-bass-player-surviving-the-miami-showband-massacre\/\" \/>\n<meta property=\"og:locale\" content=\"ga_IE\" \/>\n<meta property=\"og:type\" content=\"article\" \/>\n<meta property=\"og:title\" content=\"The Bass Player - Surviving the Miami Showband massacre - An Ceathr\u00fa P\u00f3il\u00ed\" \/>\n<meta property=\"og:description\" content=\"Shortlisted for the Irish Book Awards Biography of the Year Stephen Travers has lived two lives. His first was as a young bass player, immersed in music,\" \/>\n<meta property=\"og:url\" content=\"https:\/\/www.anceathrupoili.com\/ga\/shop\/the-bass-player-surviving-the-miami-showband-massacre\/\" \/>\n<meta property=\"og:site_name\" content=\"An Ceathr\u00fa P\u00f3il\u00ed\" \/>\n<meta property=\"article:modified_time\" content=\"2026-04-22T13:24:10+00:00\" \/>\n<meta property=\"og:image\" content=\"https:\/\/www.anceathrupoili.com\/wp-content\/uploads\/2025\/09\/bass.jpg\" \/>\n\t<meta property=\"og:image:width\" content=\"303\" \/>\n\t<meta property=\"og:image:height\" content=\"466\" \/>\n\t<meta property=\"og:image:type\" content=\"image\/jpeg\" \/>\n<meta name=\"twitter:card\" content=\"summary_large_image\" \/>\n<meta name=\"twitter:label1\" content=\"Est. reading time\" \/>\n\t<meta name=\"twitter:data1\" content=\"2 minutes\" \/>\n<script type=\"application\/ld+json\" class=\"yoast-schema-graph\">{\"@context\":\"https:\\\/\\\/schema.org\",\"@graph\":[{\"@type\":\"WebPage\",\"@id\":\"https:\\\/\\\/www.anceathrupoili.com\\\/shop\\\/the-bass-player-surviving-the-miami-showband-massacre\\\/\",\"url\":\"https:\\\/\\\/www.anceathrupoili.com\\\/shop\\\/the-bass-player-surviving-the-miami-showband-massacre\\\/\",\"name\":\"The Bass Player - Surviving the Miami Showband massacre - An Ceathr\u00fa P\u00f3il\u00ed\",\"isPartOf\":{\"@id\":\"https:\\\/\\\/www.anceathrupoili.com\\\/#website\"},\"primaryImageOfPage\":{\"@id\":\"https:\\\/\\\/www.anceathrupoili.com\\\/shop\\\/the-bass-player-surviving-the-miami-showband-massacre\\\/#primaryimage\"},\"image\":{\"@id\":\"https:\\\/\\\/www.anceathrupoili.com\\\/shop\\\/the-bass-player-surviving-the-miami-showband-massacre\\\/#primaryimage\"},\"thumbnailUrl\":\"https:\\\/\\\/www.anceathrupoili.com\\\/wp-content\\\/uploads\\\/2025\\\/09\\\/bass.jpg\",\"datePublished\":\"2025-09-26T08:27:49+00:00\",\"dateModified\":\"2026-04-22T13:24:10+00:00\",\"description\":\"Shortlisted for the Irish Book Awards Biography of the Year Stephen Travers has lived two lives. His first was as a young bass player, immersed in music,\",\"breadcrumb\":{\"@id\":\"https:\\\/\\\/www.anceathrupoili.com\\\/shop\\\/the-bass-player-surviving-the-miami-showband-massacre\\\/#breadcrumb\"},\"inLanguage\":\"ga-IE\",\"potentialAction\":[{\"@type\":\"ReadAction\",\"target\":[\"https:\\\/\\\/www.anceathrupoili.com\\\/shop\\\/the-bass-player-surviving-the-miami-showband-massacre\\\/\"]}]},{\"@type\":\"ImageObject\",\"inLanguage\":\"ga-IE\",\"@id\":\"https:\\\/\\\/www.anceathrupoili.com\\\/shop\\\/the-bass-player-surviving-the-miami-showband-massacre\\\/#primaryimage\",\"url\":\"https:\\\/\\\/www.anceathrupoili.com\\\/wp-content\\\/uploads\\\/2025\\\/09\\\/bass.jpg\",\"contentUrl\":\"https:\\\/\\\/www.anceathrupoili.com\\\/wp-content\\\/uploads\\\/2025\\\/09\\\/bass.jpg\",\"width\":303,\"height\":466},{\"@type\":\"BreadcrumbList\",\"@id\":\"https:\\\/\\\/www.anceathrupoili.com\\\/shop\\\/the-bass-player-surviving-the-miami-showband-massacre\\\/#breadcrumb\",\"itemListElement\":[{\"@type\":\"ListItem\",\"position\":1,\"name\":\"Home\",\"item\":\"https:\\\/\\\/www.anceathrupoili.com\\\/\"},{\"@type\":\"ListItem\",\"position\":2,\"name\":\"Shop\",\"item\":\"https:\\\/\\\/www.anceathrupoili.com\\\/shop\\\/\"},{\"@type\":\"ListItem\",\"position\":3,\"name\":\"The Bass Player &#8211; Surviving the Miami Showband massacre\"}]},{\"@type\":\"WebSite\",\"@id\":\"https:\\\/\\\/www.anceathrupoili.com\\\/#website\",\"url\":\"https:\\\/\\\/www.anceathrupoili.com\\\/\",\"name\":\"An Ceathr\u00fa P\u00f3il\u00ed\",\"description\":\"Belfast&#039;s Irish Language Bookshop\",\"publisher\":{\"@id\":\"https:\\\/\\\/www.anceathrupoili.com\\\/#organization\"},\"potentialAction\":[{\"@type\":\"SearchAction\",\"target\":{\"@type\":\"EntryPoint\",\"urlTemplate\":\"https:\\\/\\\/www.anceathrupoili.com\\\/?s={search_term_string}\"},\"query-input\":{\"@type\":\"PropertyValueSpecification\",\"valueRequired\":true,\"valueName\":\"search_term_string\"}}],\"inLanguage\":\"ga-IE\"},{\"@type\":\"Organization\",\"@id\":\"https:\\\/\\\/www.anceathrupoili.com\\\/#organization\",\"name\":\"An Ceathr\u00fa P\u00f3il\u00ed\",\"url\":\"https:\\\/\\\/www.anceathrupoili.com\\\/\",\"logo\":{\"@type\":\"ImageObject\",\"inLanguage\":\"ga-IE\",\"@id\":\"https:\\\/\\\/www.anceathrupoili.com\\\/#\\\/schema\\\/logo\\\/image\\\/\",\"url\":\"https:\\\/\\\/www.anceathrupoili.com\\\/wp-content\\\/uploads\\\/2024\\\/03\\\/Books-logo-names-01.svg\",\"contentUrl\":\"https:\\\/\\\/www.anceathrupoili.com\\\/wp-content\\\/uploads\\\/2024\\\/03\\\/Books-logo-names-01.svg\",\"width\":1,\"height\":1,\"caption\":\"An Ceathr\u00fa P\u00f3il\u00ed\"},\"image\":{\"@id\":\"https:\\\/\\\/www.anceathrupoili.com\\\/#\\\/schema\\\/logo\\\/image\\\/\"}}]}<\/script>\n<!-- \/ Yoast SEO plugin. -->","yoast_head_json":{"title":"The Bass Player - Surviving the Miami Showband massacre - An Ceathr\u00fa P\u00f3il\u00ed","description":"Shortlisted for the Irish Book Awards Biography of the Year Stephen Travers has lived two lives. His first was as a young bass player, immersed in music,","robots":{"index":"index","follow":"follow","max-snippet":"max-snippet:-1","max-image-preview":"max-image-preview:large","max-video-preview":"max-video-preview:-1"},"canonical":"https:\/\/www.anceathrupoili.com\/ga\/shop\/the-bass-player-surviving-the-miami-showband-massacre\/","og_locale":"ga_IE","og_type":"article","og_title":"The Bass Player - Surviving the Miami Showband massacre - An Ceathr\u00fa P\u00f3il\u00ed","og_description":"Shortlisted for the Irish Book Awards Biography of the Year Stephen Travers has lived two lives. His first was as a young bass player, immersed in music,","og_url":"https:\/\/www.anceathrupoili.com\/ga\/shop\/the-bass-player-surviving-the-miami-showband-massacre\/","og_site_name":"An Ceathr\u00fa P\u00f3il\u00ed","article_modified_time":"2026-04-22T13:24:10+00:00","og_image":[{"width":303,"height":466,"url":"https:\/\/www.anceathrupoili.com\/wp-content\/uploads\/2025\/09\/bass.jpg","type":"image\/jpeg"}],"twitter_card":"summary_large_image","twitter_misc":{"Est. reading time":"2 minutes"},"schema":{"@context":"https:\/\/schema.org","@graph":[{"@type":"WebPage","@id":"https:\/\/www.anceathrupoili.com\/shop\/the-bass-player-surviving-the-miami-showband-massacre\/","url":"https:\/\/www.anceathrupoili.com\/shop\/the-bass-player-surviving-the-miami-showband-massacre\/","name":"The Bass Player - Surviving the Miami Showband massacre - An Ceathr\u00fa P\u00f3il\u00ed","isPartOf":{"@id":"https:\/\/www.anceathrupoili.com\/#website"},"primaryImageOfPage":{"@id":"https:\/\/www.anceathrupoili.com\/shop\/the-bass-player-surviving-the-miami-showband-massacre\/#primaryimage"},"image":{"@id":"https:\/\/www.anceathrupoili.com\/shop\/the-bass-player-surviving-the-miami-showband-massacre\/#primaryimage"},"thumbnailUrl":"https:\/\/www.anceathrupoili.com\/wp-content\/uploads\/2025\/09\/bass.jpg","datePublished":"2025-09-26T08:27:49+00:00","dateModified":"2026-04-22T13:24:10+00:00","description":"Shortlisted for the Irish Book Awards Biography of the Year Stephen Travers has lived two lives. His first was as a young bass player, immersed in music,","breadcrumb":{"@id":"https:\/\/www.anceathrupoili.com\/shop\/the-bass-player-surviving-the-miami-showband-massacre\/#breadcrumb"},"inLanguage":"ga-IE","potentialAction":[{"@type":"ReadAction","target":["https:\/\/www.anceathrupoili.com\/shop\/the-bass-player-surviving-the-miami-showband-massacre\/"]}]},{"@type":"ImageObject","inLanguage":"ga-IE","@id":"https:\/\/www.anceathrupoili.com\/shop\/the-bass-player-surviving-the-miami-showband-massacre\/#primaryimage","url":"https:\/\/www.anceathrupoili.com\/wp-content\/uploads\/2025\/09\/bass.jpg","contentUrl":"https:\/\/www.anceathrupoili.com\/wp-content\/uploads\/2025\/09\/bass.jpg","width":303,"height":466},{"@type":"BreadcrumbList","@id":"https:\/\/www.anceathrupoili.com\/shop\/the-bass-player-surviving-the-miami-showband-massacre\/#breadcrumb","itemListElement":[{"@type":"ListItem","position":1,"name":"Home","item":"https:\/\/www.anceathrupoili.com\/"},{"@type":"ListItem","position":2,"name":"Shop","item":"https:\/\/www.anceathrupoili.com\/shop\/"},{"@type":"ListItem","position":3,"name":"The Bass Player &#8211; Surviving the Miami Showband massacre"}]},{"@type":"WebSite","@id":"https:\/\/www.anceathrupoili.com\/#website","url":"https:\/\/www.anceathrupoili.com\/","name":"An Ceathr\u00fa P\u00f3il\u00ed","description":"Belfast&#039;s Irish Language Bookshop","publisher":{"@id":"https:\/\/www.anceathrupoili.com\/#organization"},"potentialAction":[{"@type":"SearchAction","target":{"@type":"EntryPoint","urlTemplate":"https:\/\/www.anceathrupoili.com\/?s={search_term_string}"},"query-input":{"@type":"PropertyValueSpecification","valueRequired":true,"valueName":"search_term_string"}}],"inLanguage":"ga-IE"},{"@type":"Organization","@id":"https:\/\/www.anceathrupoili.com\/#organization","name":"An Ceathr\u00fa P\u00f3il\u00ed","url":"https:\/\/www.anceathrupoili.com\/","logo":{"@type":"ImageObject","inLanguage":"ga-IE","@id":"https:\/\/www.anceathrupoili.com\/#\/schema\/logo\/image\/","url":"https:\/\/www.anceathrupoili.com\/wp-content\/uploads\/2024\/03\/Books-logo-names-01.svg","contentUrl":"https:\/\/www.anceathrupoili.com\/wp-content\/uploads\/2024\/03\/Books-logo-names-01.svg","width":1,"height":1,"caption":"An Ceathr\u00fa P\u00f3il\u00ed"},"image":{"@id":"https:\/\/www.anceathrupoili.com\/#\/schema\/logo\/image\/"}}]}},"_links":{"self":[{"href":"https:\/\/www.anceathrupoili.com\/ga\/wp-json\/wp\/v2\/product\/43447","targetHints":{"allow":["GET"]}}],"collection":[{"href":"https:\/\/www.anceathrupoili.com\/ga\/wp-json\/wp\/v2\/product"}],"about":[{"href":"https:\/\/www.anceathrupoili.com\/ga\/wp-json\/wp\/v2\/types\/product"}],"replies":[{"embeddable":true,"href":"https:\/\/www.anceathrupoili.com\/ga\/wp-json\/wp\/v2\/comments?post=43447"}],"wp:featuredmedia":[{"embeddable":true,"href":"https:\/\/www.anceathrupoili.com\/ga\/wp-json\/wp\/v2\/media\/43960"}],"wp:attachment":[{"href":"https:\/\/www.anceathrupoili.com\/ga\/wp-json\/wp\/v2\/media?parent=43447"}],"wp:term":[{"taxonomy":"product_brand","embeddable":true,"href":"https:\/\/www.anceathrupoili.com\/ga\/wp-json\/wp\/v2\/product_brand?post=43447"},{"taxonomy":"product_cat","embeddable":true,"href":"https:\/\/www.anceathrupoili.com\/ga\/wp-json\/wp\/v2\/product_cat?post=43447"},{"taxonomy":"product_tag","embeddable":true,"href":"https:\/\/www.anceathrupoili.com\/ga\/wp-json\/wp\/v2\/product_tag?post=43447"}],"curies":[{"name":"wp","href":"https:\/\/api.w.org\/{rel}","templated":true}]}}