{"id":595,"date":"2022-05-14T16:52:17","date_gmt":"2022-05-14T15:52:17","guid":{"rendered":"http:\/\/www.anceathrupoili.com\/?post_type=product&#038;p=595"},"modified":"2026-04-20T00:48:47","modified_gmt":"2026-04-19T23:48:47","slug":"turas-eire-fhioruil-sa-cheol-virtual-ireland-in-music-dvd","status":"publish","type":"product","link":"https:\/\/www.anceathrupoili.com\/ga\/shop\/turas-eire-fhioruil-sa-cheol-virtual-ireland-in-music-dvd\/","title":{"rendered":"Turas \u00c9ire Fh\u00edor\u00fail sa Cheol\/Virtual Ireland in Music DVD"},"content":{"rendered":"","protected":false},"excerpt":{"rendered":"","protected":false},"featured_media":7299,"comment_status":"open","ping_status":"closed","template":"","meta":{"_acf_changed":false,"_relevanssi_hide_post":"","_relevanssi_hide_content":"","_relevanssi_pin_for_all":"","_relevanssi_pin_keywords":"","_relevanssi_unpin_keywords":"","_relevanssi_related_keywords":"","_relevanssi_related_include_ids":"","_relevanssi_related_exclude_ids":"","_relevanssi_related_no_append":"","_relevanssi_related_not_related":"","_relevanssi_related_posts":"39044,43042,43520,39034,44405,39070","_relevanssi_noindex_reason":""},"product_brand":[],"product_cat":[262],"product_tag":[],"class_list":{"0":"post-595","1":"product","2":"type-product","3":"status-publish","4":"has-post-thumbnail","6":"product_cat-cds-dvds","7":"pa_authors-ballads-in-english-by-karan-stepahie-makem","8":"pa_authors-bodhran-pioneer-seamus-okane","9":"pa_authors-fintan-vallely","10":"pa_authors-gerry-oconnor","11":"pa_authors-karan-casey","12":"pa_authors-maurice-leyden","13":"pa_authors-roisin-chambers","14":"pa_authors-roisin-white-sean-nos-step-dance-by-sibeal-davitt","15":"pa_authors-tiarnan-o-duinnchinn-nmaire-ni-choilm","17":"first","18":"instock","19":"taxable","20":"shipping-taxable","21":"purchasable","22":"product-type-simple"},"acf":[],"yoast_head":"<!-- This site is optimized with the Yoast SEO plugin v27.4 - https:\/\/yoast.com\/product\/yoast-seo-wordpress\/ -->\n<title>Turas \u00c9ire Fh\u00edor\u00fail sa Cheol\/Virtual Ireland in Music DVD - An Ceathr\u00fa P\u00f3il\u00ed<\/title>\n<meta name=\"description\" content=\"Order Turas \u00c9ire Fh\u00edor\u00fail sa Cheol\/Virtual Ireland in Music DVD by ballads in English by Karan. St\u00e9pahie Makem, bodhr\u00e1n pioneer Seamus O\u2019Kane., Fintan Vallely, Gerry O\u2019Connor, Karan Casey, Maurice Leyden, R\u00f3is\u00edn Chambers, R\u00f3is\u00edn White. Sean-n\u00f3s step dance by Sib\u00e9al Davitt., Tiarn\u00e1n \u00d3 Duinnchinn nM\u00e1ire N\u00ed Choilm from our CDs &amp; DVDs shelves. The siopa leabhar ships worldwide!\" \/>\n<meta name=\"robots\" content=\"index, follow, max-snippet:-1, max-image-preview:large, max-video-preview:-1\" \/>\n<link rel=\"canonical\" href=\"https:\/\/www.anceathrupoili.com\/ga\/shop\/turas-eire-fhioruil-sa-cheol-virtual-ireland-in-music-dvd\/\" \/>\n<meta property=\"og:locale\" content=\"ga_IE\" \/>\n<meta property=\"og:type\" content=\"article\" \/>\n<meta property=\"og:title\" content=\"Turas \u00c9ire Fh\u00edor\u00fail sa Cheol\/Virtual Ireland in Music DVD - An Ceathr\u00fa P\u00f3il\u00ed\" \/>\n<meta property=\"og:description\" content=\"Order Turas \u00c9ire Fh\u00edor\u00fail sa Cheol\/Virtual Ireland in Music DVD by ballads in English by Karan. St\u00e9pahie Makem, bodhr\u00e1n pioneer Seamus O\u2019Kane., Fintan Vallely, Gerry O\u2019Connor, Karan Casey, Maurice Leyden, R\u00f3is\u00edn Chambers, R\u00f3is\u00edn White. Sean-n\u00f3s step dance by Sib\u00e9al Davitt., Tiarn\u00e1n \u00d3 Duinnchinn nM\u00e1ire N\u00ed Choilm from our CDs &amp; DVDs shelves. The siopa leabhar ships worldwide!\" \/>\n<meta property=\"og:url\" content=\"https:\/\/www.anceathrupoili.com\/ga\/shop\/turas-eire-fhioruil-sa-cheol-virtual-ireland-in-music-dvd\/\" \/>\n<meta property=\"og:site_name\" content=\"An Ceathr\u00fa P\u00f3il\u00ed\" \/>\n<meta property=\"article:modified_time\" content=\"2026-04-19T23:48:47+00:00\" \/>\n<meta property=\"og:image\" content=\"https:\/\/www.anceathrupoili.com\/wp-content\/uploads\/2024\/02\/30243.jpg\" \/>\n\t<meta property=\"og:image:width\" content=\"399\" \/>\n\t<meta property=\"og:image:height\" content=\"348\" \/>\n\t<meta property=\"og:image:type\" content=\"image\/jpeg\" \/>\n<meta name=\"twitter:card\" content=\"summary_large_image\" \/>\n<script type=\"application\/ld+json\" class=\"yoast-schema-graph\">{\"@context\":\"https:\\\/\\\/schema.org\",\"@graph\":[{\"@type\":\"WebPage\",\"@id\":\"https:\\\/\\\/www.anceathrupoili.com\\\/shop\\\/turas-eire-fhioruil-sa-cheol-virtual-ireland-in-music-dvd\\\/\",\"url\":\"https:\\\/\\\/www.anceathrupoili.com\\\/shop\\\/turas-eire-fhioruil-sa-cheol-virtual-ireland-in-music-dvd\\\/\",\"name\":\"Turas \u00c9ire Fh\u00edor\u00fail sa Cheol\\\/Virtual Ireland in Music DVD - An Ceathr\u00fa P\u00f3il\u00ed\",\"isPartOf\":{\"@id\":\"https:\\\/\\\/www.anceathrupoili.com\\\/#website\"},\"primaryImageOfPage\":{\"@id\":\"https:\\\/\\\/www.anceathrupoili.com\\\/shop\\\/turas-eire-fhioruil-sa-cheol-virtual-ireland-in-music-dvd\\\/#primaryimage\"},\"image\":{\"@id\":\"https:\\\/\\\/www.anceathrupoili.com\\\/shop\\\/turas-eire-fhioruil-sa-cheol-virtual-ireland-in-music-dvd\\\/#primaryimage\"},\"thumbnailUrl\":\"https:\\\/\\\/www.anceathrupoili.com\\\/wp-content\\\/uploads\\\/2024\\\/02\\\/30243.jpg\",\"datePublished\":\"2022-05-14T15:52:17+00:00\",\"dateModified\":\"2026-04-19T23:48:47+00:00\",\"description\":\"Order Turas \u00c9ire Fh\u00edor\u00fail sa Cheol\\\/Virtual Ireland in Music DVD by ballads in English by Karan. St\u00e9pahie Makem, bodhr\u00e1n pioneer Seamus O\u2019Kane., Fintan Vallely, Gerry O\u2019Connor, Karan Casey, Maurice Leyden, R\u00f3is\u00edn Chambers, R\u00f3is\u00edn White. Sean-n\u00f3s step dance by Sib\u00e9al Davitt., Tiarn\u00e1n \u00d3 Duinnchinn nM\u00e1ire N\u00ed Choilm from our CDs &amp; DVDs shelves. The siopa leabhar ships worldwide!\",\"breadcrumb\":{\"@id\":\"https:\\\/\\\/www.anceathrupoili.com\\\/shop\\\/turas-eire-fhioruil-sa-cheol-virtual-ireland-in-music-dvd\\\/#breadcrumb\"},\"inLanguage\":\"ga-IE\",\"potentialAction\":[{\"@type\":\"ReadAction\",\"target\":[\"https:\\\/\\\/www.anceathrupoili.com\\\/shop\\\/turas-eire-fhioruil-sa-cheol-virtual-ireland-in-music-dvd\\\/\"]}]},{\"@type\":\"ImageObject\",\"inLanguage\":\"ga-IE\",\"@id\":\"https:\\\/\\\/www.anceathrupoili.com\\\/shop\\\/turas-eire-fhioruil-sa-cheol-virtual-ireland-in-music-dvd\\\/#primaryimage\",\"url\":\"https:\\\/\\\/www.anceathrupoili.com\\\/wp-content\\\/uploads\\\/2024\\\/02\\\/30243.jpg\",\"contentUrl\":\"https:\\\/\\\/www.anceathrupoili.com\\\/wp-content\\\/uploads\\\/2024\\\/02\\\/30243.jpg\",\"width\":399,\"height\":348},{\"@type\":\"BreadcrumbList\",\"@id\":\"https:\\\/\\\/www.anceathrupoili.com\\\/shop\\\/turas-eire-fhioruil-sa-cheol-virtual-ireland-in-music-dvd\\\/#breadcrumb\",\"itemListElement\":[{\"@type\":\"ListItem\",\"position\":1,\"name\":\"Home\",\"item\":\"https:\\\/\\\/www.anceathrupoili.com\\\/\"},{\"@type\":\"ListItem\",\"position\":2,\"name\":\"Shop\",\"item\":\"https:\\\/\\\/www.anceathrupoili.com\\\/shop\\\/\"},{\"@type\":\"ListItem\",\"position\":3,\"name\":\"Turas \u00c9ire Fh\u00edor\u00fail sa Cheol\\\/Virtual Ireland in Music DVD\"}]},{\"@type\":\"WebSite\",\"@id\":\"https:\\\/\\\/www.anceathrupoili.com\\\/#website\",\"url\":\"https:\\\/\\\/www.anceathrupoili.com\\\/\",\"name\":\"An Ceathr\u00fa P\u00f3il\u00ed\",\"description\":\"Belfast&#039;s Irish Language Bookshop\",\"publisher\":{\"@id\":\"https:\\\/\\\/www.anceathrupoili.com\\\/#organization\"},\"potentialAction\":[{\"@type\":\"SearchAction\",\"target\":{\"@type\":\"EntryPoint\",\"urlTemplate\":\"https:\\\/\\\/www.anceathrupoili.com\\\/?s={search_term_string}\"},\"query-input\":{\"@type\":\"PropertyValueSpecification\",\"valueRequired\":true,\"valueName\":\"search_term_string\"}}],\"inLanguage\":\"ga-IE\"},{\"@type\":\"Organization\",\"@id\":\"https:\\\/\\\/www.anceathrupoili.com\\\/#organization\",\"name\":\"An Ceathr\u00fa P\u00f3il\u00ed\",\"url\":\"https:\\\/\\\/www.anceathrupoili.com\\\/\",\"logo\":{\"@type\":\"ImageObject\",\"inLanguage\":\"ga-IE\",\"@id\":\"https:\\\/\\\/www.anceathrupoili.com\\\/#\\\/schema\\\/logo\\\/image\\\/\",\"url\":\"https:\\\/\\\/www.anceathrupoili.com\\\/wp-content\\\/uploads\\\/2024\\\/03\\\/Books-logo-names-01.svg\",\"contentUrl\":\"https:\\\/\\\/www.anceathrupoili.com\\\/wp-content\\\/uploads\\\/2024\\\/03\\\/Books-logo-names-01.svg\",\"width\":1,\"height\":1,\"caption\":\"An Ceathr\u00fa P\u00f3il\u00ed\"},\"image\":{\"@id\":\"https:\\\/\\\/www.anceathrupoili.com\\\/#\\\/schema\\\/logo\\\/image\\\/\"}}]}<\/script>\n<!-- \/ Yoast SEO plugin. -->","yoast_head_json":{"title":"Turas \u00c9ire Fh\u00edor\u00fail sa Cheol\/Virtual Ireland in Music DVD - An Ceathr\u00fa P\u00f3il\u00ed","description":"Order Turas \u00c9ire Fh\u00edor\u00fail sa Cheol\/Virtual Ireland in Music DVD by ballads in English by Karan. St\u00e9pahie Makem, bodhr\u00e1n pioneer Seamus O\u2019Kane., Fintan Vallely, Gerry O\u2019Connor, Karan Casey, Maurice Leyden, R\u00f3is\u00edn Chambers, R\u00f3is\u00edn White. Sean-n\u00f3s step dance by Sib\u00e9al Davitt., Tiarn\u00e1n \u00d3 Duinnchinn nM\u00e1ire N\u00ed Choilm from our CDs &amp; DVDs shelves. The siopa leabhar ships worldwide!","robots":{"index":"index","follow":"follow","max-snippet":"max-snippet:-1","max-image-preview":"max-image-preview:large","max-video-preview":"max-video-preview:-1"},"canonical":"https:\/\/www.anceathrupoili.com\/ga\/shop\/turas-eire-fhioruil-sa-cheol-virtual-ireland-in-music-dvd\/","og_locale":"ga_IE","og_type":"article","og_title":"Turas \u00c9ire Fh\u00edor\u00fail sa Cheol\/Virtual Ireland in Music DVD - An Ceathr\u00fa P\u00f3il\u00ed","og_description":"Order Turas \u00c9ire Fh\u00edor\u00fail sa Cheol\/Virtual Ireland in Music DVD by ballads in English by Karan. St\u00e9pahie Makem, bodhr\u00e1n pioneer Seamus O\u2019Kane., Fintan Vallely, Gerry O\u2019Connor, Karan Casey, Maurice Leyden, R\u00f3is\u00edn Chambers, R\u00f3is\u00edn White. Sean-n\u00f3s step dance by Sib\u00e9al Davitt., Tiarn\u00e1n \u00d3 Duinnchinn nM\u00e1ire N\u00ed Choilm from our CDs &amp; DVDs shelves. The siopa leabhar ships worldwide!","og_url":"https:\/\/www.anceathrupoili.com\/ga\/shop\/turas-eire-fhioruil-sa-cheol-virtual-ireland-in-music-dvd\/","og_site_name":"An Ceathr\u00fa P\u00f3il\u00ed","article_modified_time":"2026-04-19T23:48:47+00:00","og_image":[{"width":399,"height":348,"url":"https:\/\/www.anceathrupoili.com\/wp-content\/uploads\/2024\/02\/30243.jpg","type":"image\/jpeg"}],"twitter_card":"summary_large_image","schema":{"@context":"https:\/\/schema.org","@graph":[{"@type":"WebPage","@id":"https:\/\/www.anceathrupoili.com\/shop\/turas-eire-fhioruil-sa-cheol-virtual-ireland-in-music-dvd\/","url":"https:\/\/www.anceathrupoili.com\/shop\/turas-eire-fhioruil-sa-cheol-virtual-ireland-in-music-dvd\/","name":"Turas \u00c9ire Fh\u00edor\u00fail sa Cheol\/Virtual Ireland in Music DVD - An Ceathr\u00fa P\u00f3il\u00ed","isPartOf":{"@id":"https:\/\/www.anceathrupoili.com\/#website"},"primaryImageOfPage":{"@id":"https:\/\/www.anceathrupoili.com\/shop\/turas-eire-fhioruil-sa-cheol-virtual-ireland-in-music-dvd\/#primaryimage"},"image":{"@id":"https:\/\/www.anceathrupoili.com\/shop\/turas-eire-fhioruil-sa-cheol-virtual-ireland-in-music-dvd\/#primaryimage"},"thumbnailUrl":"https:\/\/www.anceathrupoili.com\/wp-content\/uploads\/2024\/02\/30243.jpg","datePublished":"2022-05-14T15:52:17+00:00","dateModified":"2026-04-19T23:48:47+00:00","description":"Order Turas \u00c9ire Fh\u00edor\u00fail sa Cheol\/Virtual Ireland in Music DVD by ballads in English by Karan. St\u00e9pahie Makem, bodhr\u00e1n pioneer Seamus O\u2019Kane., Fintan Vallely, Gerry O\u2019Connor, Karan Casey, Maurice Leyden, R\u00f3is\u00edn Chambers, R\u00f3is\u00edn White. Sean-n\u00f3s step dance by Sib\u00e9al Davitt., Tiarn\u00e1n \u00d3 Duinnchinn nM\u00e1ire N\u00ed Choilm from our CDs &amp; DVDs shelves. The siopa leabhar ships worldwide!","breadcrumb":{"@id":"https:\/\/www.anceathrupoili.com\/shop\/turas-eire-fhioruil-sa-cheol-virtual-ireland-in-music-dvd\/#breadcrumb"},"inLanguage":"ga-IE","potentialAction":[{"@type":"ReadAction","target":["https:\/\/www.anceathrupoili.com\/shop\/turas-eire-fhioruil-sa-cheol-virtual-ireland-in-music-dvd\/"]}]},{"@type":"ImageObject","inLanguage":"ga-IE","@id":"https:\/\/www.anceathrupoili.com\/shop\/turas-eire-fhioruil-sa-cheol-virtual-ireland-in-music-dvd\/#primaryimage","url":"https:\/\/www.anceathrupoili.com\/wp-content\/uploads\/2024\/02\/30243.jpg","contentUrl":"https:\/\/www.anceathrupoili.com\/wp-content\/uploads\/2024\/02\/30243.jpg","width":399,"height":348},{"@type":"BreadcrumbList","@id":"https:\/\/www.anceathrupoili.com\/shop\/turas-eire-fhioruil-sa-cheol-virtual-ireland-in-music-dvd\/#breadcrumb","itemListElement":[{"@type":"ListItem","position":1,"name":"Home","item":"https:\/\/www.anceathrupoili.com\/"},{"@type":"ListItem","position":2,"name":"Shop","item":"https:\/\/www.anceathrupoili.com\/shop\/"},{"@type":"ListItem","position":3,"name":"Turas \u00c9ire Fh\u00edor\u00fail sa Cheol\/Virtual Ireland in Music DVD"}]},{"@type":"WebSite","@id":"https:\/\/www.anceathrupoili.com\/#website","url":"https:\/\/www.anceathrupoili.com\/","name":"An Ceathr\u00fa P\u00f3il\u00ed","description":"Belfast&#039;s Irish Language Bookshop","publisher":{"@id":"https:\/\/www.anceathrupoili.com\/#organization"},"potentialAction":[{"@type":"SearchAction","target":{"@type":"EntryPoint","urlTemplate":"https:\/\/www.anceathrupoili.com\/?s={search_term_string}"},"query-input":{"@type":"PropertyValueSpecification","valueRequired":true,"valueName":"search_term_string"}}],"inLanguage":"ga-IE"},{"@type":"Organization","@id":"https:\/\/www.anceathrupoili.com\/#organization","name":"An Ceathr\u00fa P\u00f3il\u00ed","url":"https:\/\/www.anceathrupoili.com\/","logo":{"@type":"ImageObject","inLanguage":"ga-IE","@id":"https:\/\/www.anceathrupoili.com\/#\/schema\/logo\/image\/","url":"https:\/\/www.anceathrupoili.com\/wp-content\/uploads\/2024\/03\/Books-logo-names-01.svg","contentUrl":"https:\/\/www.anceathrupoili.com\/wp-content\/uploads\/2024\/03\/Books-logo-names-01.svg","width":1,"height":1,"caption":"An Ceathr\u00fa P\u00f3il\u00ed"},"image":{"@id":"https:\/\/www.anceathrupoili.com\/#\/schema\/logo\/image\/"}}]}},"_links":{"self":[{"href":"https:\/\/www.anceathrupoili.com\/ga\/wp-json\/wp\/v2\/product\/595","targetHints":{"allow":["GET"]}}],"collection":[{"href":"https:\/\/www.anceathrupoili.com\/ga\/wp-json\/wp\/v2\/product"}],"about":[{"href":"https:\/\/www.anceathrupoili.com\/ga\/wp-json\/wp\/v2\/types\/product"}],"replies":[{"embeddable":true,"href":"https:\/\/www.anceathrupoili.com\/ga\/wp-json\/wp\/v2\/comments?post=595"}],"wp:featuredmedia":[{"embeddable":true,"href":"https:\/\/www.anceathrupoili.com\/ga\/wp-json\/wp\/v2\/media\/7299"}],"wp:attachment":[{"href":"https:\/\/www.anceathrupoili.com\/ga\/wp-json\/wp\/v2\/media?parent=595"}],"wp:term":[{"taxonomy":"product_brand","embeddable":true,"href":"https:\/\/www.anceathrupoili.com\/ga\/wp-json\/wp\/v2\/product_brand?post=595"},{"taxonomy":"product_cat","embeddable":true,"href":"https:\/\/www.anceathrupoili.com\/ga\/wp-json\/wp\/v2\/product_cat?post=595"},{"taxonomy":"product_tag","embeddable":true,"href":"https:\/\/www.anceathrupoili.com\/ga\/wp-json\/wp\/v2\/product_tag?post=595"}],"curies":[{"name":"wp","href":"https:\/\/api.w.org\/{rel}","templated":true}]}}